{"id":259,"date":"2021-06-08T17:14:45","date_gmt":"2021-06-08T17:14:45","guid":{"rendered":"https:\/\/pintureriasvya.com.ar\/?post_type=product&#038;p=259"},"modified":"2024-05-06T03:38:50","modified_gmt":"2024-05-06T03:38:50","slug":"pileta-acuosa","status":"publish","type":"product","link":"https:\/\/pintureriasvya.com.ar\/index.php\/producto\/pileta-acuosa\/","title":{"rendered":"Pintura Para Pileta Base Acuosa"},"content":{"rendered":"<h2 class=\"ui-pdp-description__title\">Descripci\u00f3n<\/h2>\n<p class=\"ui-pdp-description__content\">PINTURA PARA PISCINAS (base Acuosa) CASTELL BARONIA<\/p>\n<p>Es una pintura especialmente formulada a base de pol\u00edmeros acr\u00edlicos, en emulsi\u00f3n al agua. Al ser no s\u00f3lo decorativa, sino tambi\u00e9n impermeabilizante, es ideal para usar en piletas de nataci\u00f3n ya que cuenta con una elevada resistencia a la intemperie, agua y agentes qu\u00edmicos. Adem\u00e1s, minimiza la adherencia de hongos, algas, sales calc\u00e1reas, etc. gracias a su pel\u00edcula de brillo semimate. Es una pintura de f\u00e1cil aplicaci\u00f3n y mantenimiento.<\/p>\n<p>&#8211; Color: Azul Celeste<\/p>\n<p>Beneficios<br \/>\n&#8212;&#8212;&#8212;&#8212;&#8212;&#8212;&#8212;&#8212;<br \/>\n&#8211; Pintura acr\u00edlica, al agua<br \/>\n&#8211; Impermeabilizante<br \/>\n&#8211; Gran resistencia a la intemperie, agua y agentes qu\u00edmicos<br \/>\n&#8211; Minimiza la adherencia de hongos y algas<br \/>\n&#8211; De f\u00e1cil mantenimiento<\/p>\n<p>Superficies de aplicaci\u00f3n<br \/>\n&#8212;&#8212;&#8212;&#8212;&#8212;&#8212;&#8212;&#8212;&#8212;&#8212;&#8212;&#8212;&#8212;&#8212;&#8212;-<br \/>\n&#8211; Piletas de nataci\u00f3n, construidas en hormig\u00f3n o terminadas con revoque<br \/>\n&#8211; Apta para superficies nuevas o ya pintadas<\/p>\n<p>Aplicaci\u00f3n<br \/>\n&#8212;&#8212;&#8212;&#8212;&#8212;&#8212;&#8212;<br \/>\n&#8211; Con pincel, rodillo o soplete<br \/>\n&#8211; Se recomienda aplicar 2 o m\u00e1s manos<br \/>\n&#8211; En superficies nuevas: se recomienda tratar previamente la superficie con un soluci\u00f3n al 30% de \u00e1cido muri\u00e1tico para obtener mayor rugosidad y neutralizar<br \/>\n&#8211; En superficies ya pintadas: antes de pintar, se deben eliminar los restos de pinturas a la cal o partes flojas. Lavar la superficie con una soluci\u00f3n al 30% de lavandina y luego con otra al 30% de \u00e1cido muri\u00e1tico.<\/p>\n<p>Tiempo de secado<br \/>\n&#8212;&#8212;&#8212;&#8212;&#8212;&#8212;&#8212;&#8212;&#8212;&#8212;&#8212;&#8212;<br \/>\n&#8211; Secado entre manos: 3 a 6 hs<br \/>\n&#8211; Secado final: 7 a 14 d\u00edas<\/p>\n<p>Rendimiento<br \/>\n&#8212;&#8212;&#8212;&#8212;&#8212;&#8212;&#8212;&#8212;&#8212;-<br \/>\n&#8211; Rinde de 10 a 12 m\u00b2, por litro y por mano, valor publicado por 4 litros.<\/p>\n<p>***********************************************************************************************************************<\/p>\n<p>&#8211;&gt; Hacemos envios.<br \/>\n&#8211;&gt; Puede retirar por la Sucursal Central en Ciudad Evita.<br \/>\n&#8211;&gt; Visite nuestra Tienda Online Pinturer\u00edas VyA.<\/p>\n<p>Pinturerias VyA Online!<\/p>\n","protected":false},"excerpt":{"rendered":"<p>Descripci\u00f3n PINTURA PARA PISCINAS (base Acuosa) CASTELL BARONIA Es una pintura especialmente formulada a base de pol\u00edmeros acr\u00edlicos, en emulsi\u00f3n al agua. Al ser no s\u00f3lo decorativa, sino tambi\u00e9n impermeabilizante, es ideal para usar en piletas de nataci\u00f3n ya que cuenta con una elevada resistencia a la intemperie, agua y agentes qu\u00edmicos. Adem\u00e1s, minimiza la [&hellip;]<\/p>\n","protected":false},"featured_media":273,"comment_status":"open","ping_status":"closed","template":"","meta":{"site-sidebar-layout":"default","site-content-layout":"default","ast-site-content-layout":"default","site-content-style":"default","site-sidebar-style":"default","ast-global-header-display":"","ast-banner-title-visibility":"","ast-main-header-display":"","ast-hfb-above-header-display":"","ast-hfb-below-header-display":"","ast-hfb-mobile-header-display":"","site-post-title":"","ast-breadcrumbs-content":"","ast-featured-img":"","footer-sml-layout":"","ast-disable-related-posts":"","theme-transparent-header-meta":"default","adv-header-id-meta":"","stick-header-meta":"","header-above-stick-meta":"","header-main-stick-meta":"","header-below-stick-meta":"","astra-migrate-meta-layouts":"default","ast-page-background-enabled":"default","ast-page-background-meta":{"desktop":{"background-color":"var(--ast-global-color-4)","background-image":"","background-repeat":"repeat","background-position":"center center","background-size":"auto","background-attachment":"scroll","background-type":"","background-media":"","overlay-type":"","overlay-color":"","overlay-opacity":"","overlay-gradient":""},"tablet":{"background-color":"","background-image":"","background-repeat":"repeat","background-position":"center center","background-size":"auto","background-attachment":"scroll","background-type":"","background-media":"","overlay-type":"","overlay-color":"","overlay-opacity":"","overlay-gradient":""},"mobile":{"background-color":"","background-image":"","background-repeat":"repeat","background-position":"center center","background-size":"auto","background-attachment":"scroll","background-type":"","background-media":"","overlay-type":"","overlay-color":"","overlay-opacity":"","overlay-gradient":""}},"ast-content-background-meta":{"desktop":{"background-color":"var(--ast-global-color-5)","background-image":"","background-repeat":"repeat","background-position":"center center","background-size":"auto","background-attachment":"scroll","background-type":"","background-media":"","overlay-type":"","overlay-color":"","overlay-opacity":"","overlay-gradient":""},"tablet":{"background-color":"var(--ast-global-color-5)","background-image":"","background-repeat":"repeat","background-position":"center center","background-size":"auto","background-attachment":"scroll","background-type":"","background-media":"","overlay-type":"","overlay-color":"","overlay-opacity":"","overlay-gradient":""},"mobile":{"background-color":"var(--ast-global-color-5)","background-image":"","background-repeat":"repeat","background-position":"center center","background-size":"auto","background-attachment":"scroll","background-type":"","background-media":"","overlay-type":"","overlay-color":"","overlay-opacity":"","overlay-gradient":""}},"_joinchat":[]},"product_brand":[],"product_cat":[26,29],"product_tag":[38,42],"class_list":{"0":"post-259","1":"product","2":"type-product","3":"status-publish","4":"has-post-thumbnail","6":"product_cat-impermeabilizastes","7":"product_cat-ofertas-de-pinturas","8":"product_tag-impermeabilizastes","9":"product_tag-ofertas-de-pinturas","10":"desktop-align-left","11":"tablet-align-left","12":"mobile-align-left","14":"first","15":"instock","16":"taxable","17":"shipping-taxable","18":"purchasable","19":"product-type-simple"},"yoast_head":"<!-- This site is optimized with the Yoast SEO plugin v27.4 - https:\/\/yoast.com\/product\/yoast-seo-wordpress\/ -->\n<title>Pintura Para Pileta Base Acuosa | Pinturerias V y A<\/title>\n<meta name=\"robots\" content=\"index, follow, max-snippet:-1, max-image-preview:large, max-video-preview:-1\" \/>\n<link rel=\"canonical\" href=\"https:\/\/pintureriasvya.com.ar\/index.php\/producto\/pileta-acuosa\/\" \/>\n<meta property=\"og:locale\" content=\"es_ES\" \/>\n<meta property=\"og:type\" content=\"article\" \/>\n<meta property=\"og:title\" content=\"Pintura Para Pileta Base Acuosa | Pinturerias V y A\" \/>\n<meta property=\"og:description\" content=\"Descripci\u00f3n PINTURA PARA PISCINAS (base Acuosa) CASTELL BARONIA Es una pintura especialmente formulada a base de pol\u00edmeros acr\u00edlicos, en emulsi\u00f3n al agua. Al ser no s\u00f3lo decorativa, sino tambi\u00e9n impermeabilizante, es ideal para usar en piletas de nataci\u00f3n ya que cuenta con una elevada resistencia a la intemperie, agua y agentes qu\u00edmicos. Adem\u00e1s, minimiza la [&hellip;]\" \/>\n<meta property=\"og:url\" content=\"https:\/\/pintureriasvya.com.ar\/index.php\/producto\/pileta-acuosa\/\" \/>\n<meta property=\"og:site_name\" content=\"Pinturerias V y A\" \/>\n<meta property=\"article:publisher\" content=\"https:\/\/www.facebook.com\/Pinturerias-VyA-119815563196954\" \/>\n<meta property=\"article:modified_time\" content=\"2024-05-06T03:38:50+00:00\" \/>\n<meta property=\"og:image\" content=\"http:\/\/pintureriasvya.com.ar\/wp-content\/uploads\/2021\/06\/pileta-acuosa-e1655829110109.jpg\" \/>\n\t<meta property=\"og:image:width\" content=\"192\" \/>\n\t<meta property=\"og:image:height\" content=\"226\" \/>\n\t<meta property=\"og:image:type\" content=\"image\/jpeg\" \/>\n<meta name=\"twitter:card\" content=\"summary_large_image\" \/>\n<meta name=\"twitter:label1\" content=\"Tiempo de lectura\" \/>\n\t<meta name=\"twitter:data1\" content=\"2 minutos\" \/>\n<script type=\"application\/ld+json\" class=\"yoast-schema-graph\">{\"@context\":\"https:\\\/\\\/schema.org\",\"@graph\":[{\"@type\":\"WebPage\",\"@id\":\"https:\\\/\\\/pintureriasvya.com.ar\\\/index.php\\\/producto\\\/pileta-acuosa\\\/\",\"url\":\"https:\\\/\\\/pintureriasvya.com.ar\\\/index.php\\\/producto\\\/pileta-acuosa\\\/\",\"name\":\"Pintura Para Pileta Base Acuosa | Pinturerias V y A\",\"isPartOf\":{\"@id\":\"https:\\\/\\\/pintureriasvya.com.ar\\\/#website\"},\"primaryImageOfPage\":{\"@id\":\"https:\\\/\\\/pintureriasvya.com.ar\\\/index.php\\\/producto\\\/pileta-acuosa\\\/#primaryimage\"},\"image\":{\"@id\":\"https:\\\/\\\/pintureriasvya.com.ar\\\/index.php\\\/producto\\\/pileta-acuosa\\\/#primaryimage\"},\"thumbnailUrl\":\"https:\\\/\\\/pintureriasvya.com.ar\\\/wp-content\\\/uploads\\\/2021\\\/06\\\/pileta-acuosa-e1655829110109.jpg\",\"datePublished\":\"2021-06-08T17:14:45+00:00\",\"dateModified\":\"2024-05-06T03:38:50+00:00\",\"breadcrumb\":{\"@id\":\"https:\\\/\\\/pintureriasvya.com.ar\\\/index.php\\\/producto\\\/pileta-acuosa\\\/#breadcrumb\"},\"inLanguage\":\"es\",\"potentialAction\":[{\"@type\":\"ReadAction\",\"target\":[\"https:\\\/\\\/pintureriasvya.com.ar\\\/index.php\\\/producto\\\/pileta-acuosa\\\/\"]}]},{\"@type\":\"ImageObject\",\"inLanguage\":\"es\",\"@id\":\"https:\\\/\\\/pintureriasvya.com.ar\\\/index.php\\\/producto\\\/pileta-acuosa\\\/#primaryimage\",\"url\":\"https:\\\/\\\/pintureriasvya.com.ar\\\/wp-content\\\/uploads\\\/2021\\\/06\\\/pileta-acuosa-e1655829110109.jpg\",\"contentUrl\":\"https:\\\/\\\/pintureriasvya.com.ar\\\/wp-content\\\/uploads\\\/2021\\\/06\\\/pileta-acuosa-e1655829110109.jpg\",\"width\":192,\"height\":226,\"caption\":\"PINTURA PARA PILETA ACUOSA\"},{\"@type\":\"BreadcrumbList\",\"@id\":\"https:\\\/\\\/pintureriasvya.com.ar\\\/index.php\\\/producto\\\/pileta-acuosa\\\/#breadcrumb\",\"itemListElement\":[{\"@type\":\"ListItem\",\"position\":1,\"name\":\"Portada\",\"item\":\"https:\\\/\\\/pintureriasvya.com.ar\\\/\"},{\"@type\":\"ListItem\",\"position\":2,\"name\":\"Tienda\",\"item\":\"https:\\\/\\\/pintureriasvya.com.ar\\\/index.php\\\/tienda\\\/\"},{\"@type\":\"ListItem\",\"position\":3,\"name\":\"Pintura Para Pileta Base Acuosa\"}]},{\"@type\":\"WebSite\",\"@id\":\"https:\\\/\\\/pintureriasvya.com.ar\\\/#website\",\"url\":\"https:\\\/\\\/pintureriasvya.com.ar\\\/\",\"name\":\"Pinturerias V y A\",\"description\":\"Pinturerias VyA, Trabajamos directo de f\u00e1brica\",\"publisher\":{\"@id\":\"https:\\\/\\\/pintureriasvya.com.ar\\\/#organization\"},\"potentialAction\":[{\"@type\":\"SearchAction\",\"target\":{\"@type\":\"EntryPoint\",\"urlTemplate\":\"https:\\\/\\\/pintureriasvya.com.ar\\\/?s={search_term_string}\"},\"query-input\":{\"@type\":\"PropertyValueSpecification\",\"valueRequired\":true,\"valueName\":\"search_term_string\"}}],\"inLanguage\":\"es\"},{\"@type\":\"Organization\",\"@id\":\"https:\\\/\\\/pintureriasvya.com.ar\\\/#organization\",\"name\":\"Pinturerias VyA\",\"url\":\"https:\\\/\\\/pintureriasvya.com.ar\\\/\",\"logo\":{\"@type\":\"ImageObject\",\"inLanguage\":\"es\",\"@id\":\"https:\\\/\\\/pintureriasvya.com.ar\\\/#\\\/schema\\\/logo\\\/image\\\/\",\"url\":\"https:\\\/\\\/pintureriasvya.com.ar\\\/wp-content\\\/uploads\\\/2021\\\/06\\\/LOGO.png\",\"contentUrl\":\"https:\\\/\\\/pintureriasvya.com.ar\\\/wp-content\\\/uploads\\\/2021\\\/06\\\/LOGO.png\",\"width\":474,\"height\":474,\"caption\":\"Pinturerias VyA\"},\"image\":{\"@id\":\"https:\\\/\\\/pintureriasvya.com.ar\\\/#\\\/schema\\\/logo\\\/image\\\/\"},\"sameAs\":[\"https:\\\/\\\/www.facebook.com\\\/Pinturerias-VyA-119815563196954\",\"https:\\\/\\\/www.instagram.com\\\/pintureriasvya\\\/?hl=es-la\"]}]}<\/script>\n<!-- \/ Yoast SEO plugin. -->","yoast_head_json":{"title":"Pintura Para Pileta Base Acuosa | Pinturerias V y A","robots":{"index":"index","follow":"follow","max-snippet":"max-snippet:-1","max-image-preview":"max-image-preview:large","max-video-preview":"max-video-preview:-1"},"canonical":"https:\/\/pintureriasvya.com.ar\/index.php\/producto\/pileta-acuosa\/","og_locale":"es_ES","og_type":"article","og_title":"Pintura Para Pileta Base Acuosa | Pinturerias V y A","og_description":"Descripci\u00f3n PINTURA PARA PISCINAS (base Acuosa) CASTELL BARONIA Es una pintura especialmente formulada a base de pol\u00edmeros acr\u00edlicos, en emulsi\u00f3n al agua. Al ser no s\u00f3lo decorativa, sino tambi\u00e9n impermeabilizante, es ideal para usar en piletas de nataci\u00f3n ya que cuenta con una elevada resistencia a la intemperie, agua y agentes qu\u00edmicos. Adem\u00e1s, minimiza la [&hellip;]","og_url":"https:\/\/pintureriasvya.com.ar\/index.php\/producto\/pileta-acuosa\/","og_site_name":"Pinturerias V y A","article_publisher":"https:\/\/www.facebook.com\/Pinturerias-VyA-119815563196954","article_modified_time":"2024-05-06T03:38:50+00:00","og_image":[{"width":192,"height":226,"url":"http:\/\/pintureriasvya.com.ar\/wp-content\/uploads\/2021\/06\/pileta-acuosa-e1655829110109.jpg","type":"image\/jpeg"}],"twitter_card":"summary_large_image","twitter_misc":{"Tiempo de lectura":"2 minutos"},"schema":{"@context":"https:\/\/schema.org","@graph":[{"@type":"WebPage","@id":"https:\/\/pintureriasvya.com.ar\/index.php\/producto\/pileta-acuosa\/","url":"https:\/\/pintureriasvya.com.ar\/index.php\/producto\/pileta-acuosa\/","name":"Pintura Para Pileta Base Acuosa | Pinturerias V y A","isPartOf":{"@id":"https:\/\/pintureriasvya.com.ar\/#website"},"primaryImageOfPage":{"@id":"https:\/\/pintureriasvya.com.ar\/index.php\/producto\/pileta-acuosa\/#primaryimage"},"image":{"@id":"https:\/\/pintureriasvya.com.ar\/index.php\/producto\/pileta-acuosa\/#primaryimage"},"thumbnailUrl":"https:\/\/pintureriasvya.com.ar\/wp-content\/uploads\/2021\/06\/pileta-acuosa-e1655829110109.jpg","datePublished":"2021-06-08T17:14:45+00:00","dateModified":"2024-05-06T03:38:50+00:00","breadcrumb":{"@id":"https:\/\/pintureriasvya.com.ar\/index.php\/producto\/pileta-acuosa\/#breadcrumb"},"inLanguage":"es","potentialAction":[{"@type":"ReadAction","target":["https:\/\/pintureriasvya.com.ar\/index.php\/producto\/pileta-acuosa\/"]}]},{"@type":"ImageObject","inLanguage":"es","@id":"https:\/\/pintureriasvya.com.ar\/index.php\/producto\/pileta-acuosa\/#primaryimage","url":"https:\/\/pintureriasvya.com.ar\/wp-content\/uploads\/2021\/06\/pileta-acuosa-e1655829110109.jpg","contentUrl":"https:\/\/pintureriasvya.com.ar\/wp-content\/uploads\/2021\/06\/pileta-acuosa-e1655829110109.jpg","width":192,"height":226,"caption":"PINTURA PARA PILETA ACUOSA"},{"@type":"BreadcrumbList","@id":"https:\/\/pintureriasvya.com.ar\/index.php\/producto\/pileta-acuosa\/#breadcrumb","itemListElement":[{"@type":"ListItem","position":1,"name":"Portada","item":"https:\/\/pintureriasvya.com.ar\/"},{"@type":"ListItem","position":2,"name":"Tienda","item":"https:\/\/pintureriasvya.com.ar\/index.php\/tienda\/"},{"@type":"ListItem","position":3,"name":"Pintura Para Pileta Base Acuosa"}]},{"@type":"WebSite","@id":"https:\/\/pintureriasvya.com.ar\/#website","url":"https:\/\/pintureriasvya.com.ar\/","name":"Pinturerias V y A","description":"Pinturerias VyA, Trabajamos directo de f\u00e1brica","publisher":{"@id":"https:\/\/pintureriasvya.com.ar\/#organization"},"potentialAction":[{"@type":"SearchAction","target":{"@type":"EntryPoint","urlTemplate":"https:\/\/pintureriasvya.com.ar\/?s={search_term_string}"},"query-input":{"@type":"PropertyValueSpecification","valueRequired":true,"valueName":"search_term_string"}}],"inLanguage":"es"},{"@type":"Organization","@id":"https:\/\/pintureriasvya.com.ar\/#organization","name":"Pinturerias VyA","url":"https:\/\/pintureriasvya.com.ar\/","logo":{"@type":"ImageObject","inLanguage":"es","@id":"https:\/\/pintureriasvya.com.ar\/#\/schema\/logo\/image\/","url":"https:\/\/pintureriasvya.com.ar\/wp-content\/uploads\/2021\/06\/LOGO.png","contentUrl":"https:\/\/pintureriasvya.com.ar\/wp-content\/uploads\/2021\/06\/LOGO.png","width":474,"height":474,"caption":"Pinturerias VyA"},"image":{"@id":"https:\/\/pintureriasvya.com.ar\/#\/schema\/logo\/image\/"},"sameAs":["https:\/\/www.facebook.com\/Pinturerias-VyA-119815563196954","https:\/\/www.instagram.com\/pintureriasvya\/?hl=es-la"]}]}},"_links":{"self":[{"href":"https:\/\/pintureriasvya.com.ar\/index.php\/wp-json\/wp\/v2\/product\/259","targetHints":{"allow":["GET"]}}],"collection":[{"href":"https:\/\/pintureriasvya.com.ar\/index.php\/wp-json\/wp\/v2\/product"}],"about":[{"href":"https:\/\/pintureriasvya.com.ar\/index.php\/wp-json\/wp\/v2\/types\/product"}],"replies":[{"embeddable":true,"href":"https:\/\/pintureriasvya.com.ar\/index.php\/wp-json\/wp\/v2\/comments?post=259"}],"wp:featuredmedia":[{"embeddable":true,"href":"https:\/\/pintureriasvya.com.ar\/index.php\/wp-json\/wp\/v2\/media\/273"}],"wp:attachment":[{"href":"https:\/\/pintureriasvya.com.ar\/index.php\/wp-json\/wp\/v2\/media?parent=259"}],"wp:term":[{"taxonomy":"product_brand","embeddable":true,"href":"https:\/\/pintureriasvya.com.ar\/index.php\/wp-json\/wp\/v2\/product_brand?post=259"},{"taxonomy":"product_cat","embeddable":true,"href":"https:\/\/pintureriasvya.com.ar\/index.php\/wp-json\/wp\/v2\/product_cat?post=259"},{"taxonomy":"product_tag","embeddable":true,"href":"https:\/\/pintureriasvya.com.ar\/index.php\/wp-json\/wp\/v2\/product_tag?post=259"}],"curies":[{"name":"wp","href":"https:\/\/api.w.org\/{rel}","templated":true}]}}