{"id":253,"date":"2021-06-08T17:11:46","date_gmt":"2021-06-08T17:11:46","guid":{"rendered":"https:\/\/pintureriasvya.com.ar\/?post_type=product&#038;p=253"},"modified":"2024-05-06T03:49:24","modified_gmt":"2024-05-06T03:49:24","slug":"impermeabilizante-para-ladrillos","status":"publish","type":"product","link":"https:\/\/pintureriasvya.com.ar\/index.php\/producto\/impermeabilizante-para-ladrillos\/","title":{"rendered":"Impermeabilizante para Ladrillos"},"content":{"rendered":"<p>Descripci\u00f3n<\/p>\n<p>CARACTER\u00cdSTICAS:<br \/>\n-Base Acuosa<br \/>\n-Gran Elasticidad<br \/>\n-Calidad Superior<br \/>\n-Anti Hongos<br \/>\n-Alta Resistencia<\/p>\n<p>Presentaci\u00f3n: 1, 2m 4 y 20 litros<br \/>\nRendimiento: N\/E<br \/>\nUsos: para frentes de mamposter\u00edas, revoque, ladrillos, material de terminaci\u00f3n y hormig\u00f3n vista, logr\u00e1ndose una cubierta que impermeabiliza, protege y decora con un adecuado tratamiento previo a la superficie.<br \/>\nAcabado: Satinado<br \/>\nSecado: 1 y 2 horas.<br \/>\nNumero de manos sugeridas: 2<\/p>\n<p>Descripci\u00f3n: Producto fabricado con resinas acr\u00edlicas puras en emulsi\u00f3n acuosa de alto coeficiente de elasticidad. Resiste muy bien los agentes clim\u00e1ticos que deterioran la pel\u00edcula.<\/p>\n<p>Modo de empleo:<\/p>\n<p>1- Preparaci\u00f3n de la superficie: La superficie debe estar limpia, seca y exenta de polvo, grasas, aceites, jabones, ceras u otros desmoldantes.<\/p>\n<p>2-Sobre superficies cementicos nuevas o sin pintar: Verificar el completo fraguado y si fuera necesario, neutralizar la superficie con una soluci\u00f3n de \u00e1cido muri\u00e1tico al 20% en agua, enjuagar muy bien y dejar secar. Constatar la neutralidad con papel de PH. Si hubiera hongos, moho o verd\u00edn, lavar con soluci\u00f3n de agua lavandina al 10%, enjuagar y dejar secar muy bien. De existir grietas, fisuras o rajaduras, limpiar bien los bordes de la mismas y rellenarlas con sellador el\u00e1stico transparente. Sobre superficies lisas y firmes, dar una 1ra mano de IMPERMEABILIZANTE PARA LADRILLOS SATINADO CASTELL BARONIA, con una diluci\u00f3n de agua al 10% a modo de imprimaci\u00f3n.<\/p>\n<p>3- Sobre superficies pulverulentas, tizadas o de cierta antig\u00fcedad: Aplicar una 1\u00ba mano de FIJADOR al AGUARR\u00c1S posteriormente. aplicar una 2\u00ba mano diluida al 10% con agua corriente.<br \/>\nRecorda que a mayor cantidad de manos, se obtiene mayor protecci\u00f3n en el tiempo.<\/p>\n<p>APLICACI\u00d3N:<br \/>\nPincel, rodillo o soplete.<\/p>\n","protected":false},"excerpt":{"rendered":"<p>Descripci\u00f3n<\/p>\n<p>CARACTER\u00cdSTICAS:<br \/>\n-Base Acuosa<br \/>\n-Gran Elasticidad<br \/>\n-Calidad Superior<br \/>\n-Anti Hongos<br \/>\n-Alta Resistencia<\/p>\n<p>Presentaci\u00f3n: 1, 2m 4 y 20 litros<br \/>\nRendimiento: N\/E<br \/>\nUsos: para frentes de mamposter\u00edas, revoque, ladrillos, material de terminaci\u00f3n y hormig\u00f3n vista, logr\u00e1ndose una cubierta que impermeabiliza, protege y decora con un adecuado tratamiento previo a la superficie.<br \/>\nAcabado: Satinado<br \/>\nSecado: 1 y 2 horas.<br \/>\nNumero de manos sugeridas: 2<\/p>\n<p>Descripci\u00f3n: Producto fabricado con resinas acr\u00edlicas puras en emulsi\u00f3n acuosa de alto coeficiente de elasticidad. Resiste muy bien los agentes clim\u00e1ticos que deterioran la pel\u00edcula.<\/p>\n<p>Modo de empleo:<\/p>\n<p>1- Preparaci\u00f3n de la superficie: La superficie debe estar limpia, seca y exenta de polvo, grasas, aceites, jabones, ceras u otros desmoldantes.<\/p>\n<p>2-Sobre superficies cementicos nuevas o sin pintar: Verificar el completo fraguado y si fuera necesario, neutralizar la superficie con una soluci\u00f3n de \u00e1cido muri\u00e1tico al 20% en agua, enjuagar muy bien y dejar secar. Constatar la neutralidad con papel de PH. Si hubiera hongos, moho o verd\u00edn, lavar con soluci\u00f3n de agua lavandina al 10%, enjuagar y dejar secar muy bien. De existir grietas, fisuras o rajaduras, limpiar bien los bordes de la mismas y rellenarlas con sellador el\u00e1stico transparente. Sobre superficies lisas y firmes, dar una 1ra mano de IMPERMEABILIZANTE PARA LADRILLOS SATINADO CASTELL BARONIA, con una diluci\u00f3n de agua al 10% a modo de imprimaci\u00f3n.<\/p>\n<p>3- Sobre superficies pulverulentas, tizadas o de cierta antig\u00fcedad: Aplicar una 1\u00ba mano de FIJADOR al AGUARR\u00c1S posteriormente. aplicar una 2\u00ba mano diluida al 10% con agua corriente.<br \/>\nRecorda que a mayor cantidad de manos, se obtiene mayor protecci\u00f3n en el tiempo.<\/p>\n<p>APLICACI\u00d3N:<br \/>\nPincel, rodillo o soplete.<\/p>\n","protected":false},"featured_media":276,"comment_status":"open","ping_status":"closed","template":"","meta":{"site-sidebar-layout":"default","site-content-layout":"default","ast-site-content-layout":"default","site-content-style":"default","site-sidebar-style":"default","ast-global-header-display":"","ast-banner-title-visibility":"","ast-main-header-display":"","ast-hfb-above-header-display":"","ast-hfb-below-header-display":"","ast-hfb-mobile-header-display":"","site-post-title":"","ast-breadcrumbs-content":"","ast-featured-img":"","footer-sml-layout":"","ast-disable-related-posts":"","theme-transparent-header-meta":"default","adv-header-id-meta":"","stick-header-meta":"","header-above-stick-meta":"","header-main-stick-meta":"","header-below-stick-meta":"","astra-migrate-meta-layouts":"default","ast-page-background-enabled":"default","ast-page-background-meta":{"desktop":{"background-color":"var(--ast-global-color-4)","background-image":"","background-repeat":"repeat","background-position":"center center","background-size":"auto","background-attachment":"scroll","background-type":"","background-media":"","overlay-type":"","overlay-color":"","overlay-opacity":"","overlay-gradient":""},"tablet":{"background-color":"","background-image":"","background-repeat":"repeat","background-position":"center center","background-size":"auto","background-attachment":"scroll","background-type":"","background-media":"","overlay-type":"","overlay-color":"","overlay-opacity":"","overlay-gradient":""},"mobile":{"background-color":"","background-image":"","background-repeat":"repeat","background-position":"center center","background-size":"auto","background-attachment":"scroll","background-type":"","background-media":"","overlay-type":"","overlay-color":"","overlay-opacity":"","overlay-gradient":""}},"ast-content-background-meta":{"desktop":{"background-color":"var(--ast-global-color-5)","background-image":"","background-repeat":"repeat","background-position":"center center","background-size":"auto","background-attachment":"scroll","background-type":"","background-media":"","overlay-type":"","overlay-color":"","overlay-opacity":"","overlay-gradient":""},"tablet":{"background-color":"var(--ast-global-color-5)","background-image":"","background-repeat":"repeat","background-position":"center center","background-size":"auto","background-attachment":"scroll","background-type":"","background-media":"","overlay-type":"","overlay-color":"","overlay-opacity":"","overlay-gradient":""},"mobile":{"background-color":"var(--ast-global-color-5)","background-image":"","background-repeat":"repeat","background-position":"center center","background-size":"auto","background-attachment":"scroll","background-type":"","background-media":"","overlay-type":"","overlay-color":"","overlay-opacity":"","overlay-gradient":""}},"_joinchat":[]},"product_brand":[],"product_cat":[26,29],"product_tag":[54,55],"class_list":{"0":"post-253","1":"product","2":"type-product","3":"status-publish","4":"has-post-thumbnail","6":"product_cat-impermeabilizastes","7":"product_cat-ofertas-de-pinturas","8":"product_tag-impermeabilizante","9":"product_tag-ofertas-de-pinturas-por-4-litros","10":"desktop-align-left","11":"tablet-align-left","12":"mobile-align-left","14":"first","15":"instock","16":"taxable","17":"shipping-taxable","18":"purchasable","19":"product-type-simple"},"yoast_head":"<!-- This site is optimized with the Yoast SEO plugin v27.4 - https:\/\/yoast.com\/product\/yoast-seo-wordpress\/ -->\n<title>Impermeabilizante para Ladrillos | Pinturerias V y A<\/title>\n<meta name=\"robots\" content=\"index, follow, max-snippet:-1, max-image-preview:large, max-video-preview:-1\" \/>\n<link rel=\"canonical\" href=\"https:\/\/pintureriasvya.com.ar\/index.php\/producto\/impermeabilizante-para-ladrillos\/\" \/>\n<meta property=\"og:locale\" content=\"es_ES\" \/>\n<meta property=\"og:type\" content=\"article\" \/>\n<meta property=\"og:title\" content=\"Impermeabilizante para Ladrillos | Pinturerias V y A\" \/>\n<meta property=\"og:description\" content=\"Descripci\u00f3n  CARACTER\u00cdSTICAS: -Base Acuosa -Gran Elasticidad -Calidad Superior -Anti Hongos -Alta Resistencia  Presentaci\u00f3n: 1, 2m 4 y 20 litros Rendimiento: N\/E Usos: para frentes de mamposter\u00edas, revoque, ladrillos, material de terminaci\u00f3n y hormig\u00f3n vista, logr\u00e1ndose una cubierta que impermeabiliza, protege y decora con un adecuado tratamiento previo a la superficie. Acabado: Satinado Secado: 1 y 2 horas. Numero de manos sugeridas: 2  Descripci\u00f3n: Producto fabricado con resinas acr\u00edlicas puras en emulsi\u00f3n acuosa de alto coeficiente de elasticidad. Resiste muy bien los agentes clim\u00e1ticos que deterioran la pel\u00edcula.  Modo de empleo:  1- Preparaci\u00f3n de la superficie: La superficie debe estar limpia, seca y exenta de polvo, grasas, aceites, jabones, ceras u otros desmoldantes.  2-Sobre superficies cementicos nuevas o sin pintar: Verificar el completo fraguado y si fuera necesario, neutralizar la superficie con una soluci\u00f3n de \u00e1cido muri\u00e1tico al 20% en agua, enjuagar muy bien y dejar secar. Constatar la neutralidad con papel de PH. Si hubiera hongos, moho o verd\u00edn, lavar con soluci\u00f3n de agua lavandina al 10%, enjuagar y dejar secar muy bien. De existir grietas, fisuras o rajaduras, limpiar bien los bordes de la mismas y rellenarlas con sellador el\u00e1stico transparente. Sobre superficies lisas y firmes, dar una 1ra mano de IMPERMEABILIZANTE PARA LADRILLOS SATINADO CASTELL BARONIA, con una diluci\u00f3n de agua al 10% a modo de imprimaci\u00f3n.  3- Sobre superficies pulverulentas, tizadas o de cierta antig\u00fcedad: Aplicar una 1\u00ba mano de FIJADOR al AGUARR\u00c1S posteriormente. aplicar una 2\u00ba mano diluida al 10% con agua corriente. Recorda que a mayor cantidad de manos, se obtiene mayor protecci\u00f3n en el tiempo.  APLICACI\u00d3N: Pincel, rodillo o soplete.\" \/>\n<meta property=\"og:url\" content=\"https:\/\/pintureriasvya.com.ar\/index.php\/producto\/impermeabilizante-para-ladrillos\/\" \/>\n<meta property=\"og:site_name\" content=\"Pinturerias V y A\" \/>\n<meta property=\"article:publisher\" content=\"https:\/\/www.facebook.com\/Pinturerias-VyA-119815563196954\" \/>\n<meta property=\"article:modified_time\" content=\"2024-05-06T03:49:24+00:00\" \/>\n<meta property=\"og:image\" content=\"http:\/\/pintureriasvya.com.ar\/wp-content\/uploads\/2021\/06\/IMG_9809__1_-removebg-preview-3.png\" \/>\n\t<meta property=\"og:image:width\" content=\"433\" \/>\n\t<meta property=\"og:image:height\" content=\"577\" \/>\n\t<meta property=\"og:image:type\" content=\"image\/png\" \/>\n<meta name=\"twitter:card\" content=\"summary_large_image\" \/>\n<meta name=\"twitter:label1\" content=\"Tiempo de lectura\" \/>\n\t<meta name=\"twitter:data1\" content=\"2 minutos\" \/>\n<script type=\"application\/ld+json\" class=\"yoast-schema-graph\">{\"@context\":\"https:\\\/\\\/schema.org\",\"@graph\":[{\"@type\":\"WebPage\",\"@id\":\"https:\\\/\\\/pintureriasvya.com.ar\\\/index.php\\\/producto\\\/impermeabilizante-para-ladrillos\\\/\",\"url\":\"https:\\\/\\\/pintureriasvya.com.ar\\\/index.php\\\/producto\\\/impermeabilizante-para-ladrillos\\\/\",\"name\":\"Impermeabilizante para Ladrillos | Pinturerias V y A\",\"isPartOf\":{\"@id\":\"https:\\\/\\\/pintureriasvya.com.ar\\\/#website\"},\"primaryImageOfPage\":{\"@id\":\"https:\\\/\\\/pintureriasvya.com.ar\\\/index.php\\\/producto\\\/impermeabilizante-para-ladrillos\\\/#primaryimage\"},\"image\":{\"@id\":\"https:\\\/\\\/pintureriasvya.com.ar\\\/index.php\\\/producto\\\/impermeabilizante-para-ladrillos\\\/#primaryimage\"},\"thumbnailUrl\":\"https:\\\/\\\/pintureriasvya.com.ar\\\/wp-content\\\/uploads\\\/2021\\\/06\\\/IMG_9809__1_-removebg-preview-3.png\",\"datePublished\":\"2021-06-08T17:11:46+00:00\",\"dateModified\":\"2024-05-06T03:49:24+00:00\",\"breadcrumb\":{\"@id\":\"https:\\\/\\\/pintureriasvya.com.ar\\\/index.php\\\/producto\\\/impermeabilizante-para-ladrillos\\\/#breadcrumb\"},\"inLanguage\":\"es\",\"potentialAction\":[{\"@type\":\"ReadAction\",\"target\":[\"https:\\\/\\\/pintureriasvya.com.ar\\\/index.php\\\/producto\\\/impermeabilizante-para-ladrillos\\\/\"]}]},{\"@type\":\"ImageObject\",\"inLanguage\":\"es\",\"@id\":\"https:\\\/\\\/pintureriasvya.com.ar\\\/index.php\\\/producto\\\/impermeabilizante-para-ladrillos\\\/#primaryimage\",\"url\":\"https:\\\/\\\/pintureriasvya.com.ar\\\/wp-content\\\/uploads\\\/2021\\\/06\\\/IMG_9809__1_-removebg-preview-3.png\",\"contentUrl\":\"https:\\\/\\\/pintureriasvya.com.ar\\\/wp-content\\\/uploads\\\/2021\\\/06\\\/IMG_9809__1_-removebg-preview-3.png\",\"width\":433,\"height\":577,\"caption\":\"LADRILLOS IMPERMEABILIZANTE\"},{\"@type\":\"BreadcrumbList\",\"@id\":\"https:\\\/\\\/pintureriasvya.com.ar\\\/index.php\\\/producto\\\/impermeabilizante-para-ladrillos\\\/#breadcrumb\",\"itemListElement\":[{\"@type\":\"ListItem\",\"position\":1,\"name\":\"Portada\",\"item\":\"https:\\\/\\\/pintureriasvya.com.ar\\\/\"},{\"@type\":\"ListItem\",\"position\":2,\"name\":\"Tienda\",\"item\":\"https:\\\/\\\/pintureriasvya.com.ar\\\/index.php\\\/tienda\\\/\"},{\"@type\":\"ListItem\",\"position\":3,\"name\":\"Impermeabilizante para Ladrillos\"}]},{\"@type\":\"WebSite\",\"@id\":\"https:\\\/\\\/pintureriasvya.com.ar\\\/#website\",\"url\":\"https:\\\/\\\/pintureriasvya.com.ar\\\/\",\"name\":\"Pinturerias V y A\",\"description\":\"Pinturerias VyA, Trabajamos directo de f\u00e1brica\",\"publisher\":{\"@id\":\"https:\\\/\\\/pintureriasvya.com.ar\\\/#organization\"},\"potentialAction\":[{\"@type\":\"SearchAction\",\"target\":{\"@type\":\"EntryPoint\",\"urlTemplate\":\"https:\\\/\\\/pintureriasvya.com.ar\\\/?s={search_term_string}\"},\"query-input\":{\"@type\":\"PropertyValueSpecification\",\"valueRequired\":true,\"valueName\":\"search_term_string\"}}],\"inLanguage\":\"es\"},{\"@type\":\"Organization\",\"@id\":\"https:\\\/\\\/pintureriasvya.com.ar\\\/#organization\",\"name\":\"Pinturerias VyA\",\"url\":\"https:\\\/\\\/pintureriasvya.com.ar\\\/\",\"logo\":{\"@type\":\"ImageObject\",\"inLanguage\":\"es\",\"@id\":\"https:\\\/\\\/pintureriasvya.com.ar\\\/#\\\/schema\\\/logo\\\/image\\\/\",\"url\":\"https:\\\/\\\/pintureriasvya.com.ar\\\/wp-content\\\/uploads\\\/2021\\\/06\\\/LOGO.png\",\"contentUrl\":\"https:\\\/\\\/pintureriasvya.com.ar\\\/wp-content\\\/uploads\\\/2021\\\/06\\\/LOGO.png\",\"width\":474,\"height\":474,\"caption\":\"Pinturerias VyA\"},\"image\":{\"@id\":\"https:\\\/\\\/pintureriasvya.com.ar\\\/#\\\/schema\\\/logo\\\/image\\\/\"},\"sameAs\":[\"https:\\\/\\\/www.facebook.com\\\/Pinturerias-VyA-119815563196954\",\"https:\\\/\\\/www.instagram.com\\\/pintureriasvya\\\/?hl=es-la\"]}]}<\/script>\n<!-- \/ Yoast SEO plugin. -->","yoast_head_json":{"title":"Impermeabilizante para Ladrillos | Pinturerias V y A","robots":{"index":"index","follow":"follow","max-snippet":"max-snippet:-1","max-image-preview":"max-image-preview:large","max-video-preview":"max-video-preview:-1"},"canonical":"https:\/\/pintureriasvya.com.ar\/index.php\/producto\/impermeabilizante-para-ladrillos\/","og_locale":"es_ES","og_type":"article","og_title":"Impermeabilizante para Ladrillos | Pinturerias V y A","og_description":"Descripci\u00f3n  CARACTER\u00cdSTICAS: -Base Acuosa -Gran Elasticidad -Calidad Superior -Anti Hongos -Alta Resistencia  Presentaci\u00f3n: 1, 2m 4 y 20 litros Rendimiento: N\/E Usos: para frentes de mamposter\u00edas, revoque, ladrillos, material de terminaci\u00f3n y hormig\u00f3n vista, logr\u00e1ndose una cubierta que impermeabiliza, protege y decora con un adecuado tratamiento previo a la superficie. Acabado: Satinado Secado: 1 y 2 horas. Numero de manos sugeridas: 2  Descripci\u00f3n: Producto fabricado con resinas acr\u00edlicas puras en emulsi\u00f3n acuosa de alto coeficiente de elasticidad. Resiste muy bien los agentes clim\u00e1ticos que deterioran la pel\u00edcula.  Modo de empleo:  1- Preparaci\u00f3n de la superficie: La superficie debe estar limpia, seca y exenta de polvo, grasas, aceites, jabones, ceras u otros desmoldantes.  2-Sobre superficies cementicos nuevas o sin pintar: Verificar el completo fraguado y si fuera necesario, neutralizar la superficie con una soluci\u00f3n de \u00e1cido muri\u00e1tico al 20% en agua, enjuagar muy bien y dejar secar. Constatar la neutralidad con papel de PH. Si hubiera hongos, moho o verd\u00edn, lavar con soluci\u00f3n de agua lavandina al 10%, enjuagar y dejar secar muy bien. De existir grietas, fisuras o rajaduras, limpiar bien los bordes de la mismas y rellenarlas con sellador el\u00e1stico transparente. Sobre superficies lisas y firmes, dar una 1ra mano de IMPERMEABILIZANTE PARA LADRILLOS SATINADO CASTELL BARONIA, con una diluci\u00f3n de agua al 10% a modo de imprimaci\u00f3n.  3- Sobre superficies pulverulentas, tizadas o de cierta antig\u00fcedad: Aplicar una 1\u00ba mano de FIJADOR al AGUARR\u00c1S posteriormente. aplicar una 2\u00ba mano diluida al 10% con agua corriente. Recorda que a mayor cantidad de manos, se obtiene mayor protecci\u00f3n en el tiempo.  APLICACI\u00d3N: Pincel, rodillo o soplete.","og_url":"https:\/\/pintureriasvya.com.ar\/index.php\/producto\/impermeabilizante-para-ladrillos\/","og_site_name":"Pinturerias V y A","article_publisher":"https:\/\/www.facebook.com\/Pinturerias-VyA-119815563196954","article_modified_time":"2024-05-06T03:49:24+00:00","og_image":[{"width":433,"height":577,"url":"http:\/\/pintureriasvya.com.ar\/wp-content\/uploads\/2021\/06\/IMG_9809__1_-removebg-preview-3.png","type":"image\/png"}],"twitter_card":"summary_large_image","twitter_misc":{"Tiempo de lectura":"2 minutos"},"schema":{"@context":"https:\/\/schema.org","@graph":[{"@type":"WebPage","@id":"https:\/\/pintureriasvya.com.ar\/index.php\/producto\/impermeabilizante-para-ladrillos\/","url":"https:\/\/pintureriasvya.com.ar\/index.php\/producto\/impermeabilizante-para-ladrillos\/","name":"Impermeabilizante para Ladrillos | Pinturerias V y A","isPartOf":{"@id":"https:\/\/pintureriasvya.com.ar\/#website"},"primaryImageOfPage":{"@id":"https:\/\/pintureriasvya.com.ar\/index.php\/producto\/impermeabilizante-para-ladrillos\/#primaryimage"},"image":{"@id":"https:\/\/pintureriasvya.com.ar\/index.php\/producto\/impermeabilizante-para-ladrillos\/#primaryimage"},"thumbnailUrl":"https:\/\/pintureriasvya.com.ar\/wp-content\/uploads\/2021\/06\/IMG_9809__1_-removebg-preview-3.png","datePublished":"2021-06-08T17:11:46+00:00","dateModified":"2024-05-06T03:49:24+00:00","breadcrumb":{"@id":"https:\/\/pintureriasvya.com.ar\/index.php\/producto\/impermeabilizante-para-ladrillos\/#breadcrumb"},"inLanguage":"es","potentialAction":[{"@type":"ReadAction","target":["https:\/\/pintureriasvya.com.ar\/index.php\/producto\/impermeabilizante-para-ladrillos\/"]}]},{"@type":"ImageObject","inLanguage":"es","@id":"https:\/\/pintureriasvya.com.ar\/index.php\/producto\/impermeabilizante-para-ladrillos\/#primaryimage","url":"https:\/\/pintureriasvya.com.ar\/wp-content\/uploads\/2021\/06\/IMG_9809__1_-removebg-preview-3.png","contentUrl":"https:\/\/pintureriasvya.com.ar\/wp-content\/uploads\/2021\/06\/IMG_9809__1_-removebg-preview-3.png","width":433,"height":577,"caption":"LADRILLOS IMPERMEABILIZANTE"},{"@type":"BreadcrumbList","@id":"https:\/\/pintureriasvya.com.ar\/index.php\/producto\/impermeabilizante-para-ladrillos\/#breadcrumb","itemListElement":[{"@type":"ListItem","position":1,"name":"Portada","item":"https:\/\/pintureriasvya.com.ar\/"},{"@type":"ListItem","position":2,"name":"Tienda","item":"https:\/\/pintureriasvya.com.ar\/index.php\/tienda\/"},{"@type":"ListItem","position":3,"name":"Impermeabilizante para Ladrillos"}]},{"@type":"WebSite","@id":"https:\/\/pintureriasvya.com.ar\/#website","url":"https:\/\/pintureriasvya.com.ar\/","name":"Pinturerias V y A","description":"Pinturerias VyA, Trabajamos directo de f\u00e1brica","publisher":{"@id":"https:\/\/pintureriasvya.com.ar\/#organization"},"potentialAction":[{"@type":"SearchAction","target":{"@type":"EntryPoint","urlTemplate":"https:\/\/pintureriasvya.com.ar\/?s={search_term_string}"},"query-input":{"@type":"PropertyValueSpecification","valueRequired":true,"valueName":"search_term_string"}}],"inLanguage":"es"},{"@type":"Organization","@id":"https:\/\/pintureriasvya.com.ar\/#organization","name":"Pinturerias VyA","url":"https:\/\/pintureriasvya.com.ar\/","logo":{"@type":"ImageObject","inLanguage":"es","@id":"https:\/\/pintureriasvya.com.ar\/#\/schema\/logo\/image\/","url":"https:\/\/pintureriasvya.com.ar\/wp-content\/uploads\/2021\/06\/LOGO.png","contentUrl":"https:\/\/pintureriasvya.com.ar\/wp-content\/uploads\/2021\/06\/LOGO.png","width":474,"height":474,"caption":"Pinturerias VyA"},"image":{"@id":"https:\/\/pintureriasvya.com.ar\/#\/schema\/logo\/image\/"},"sameAs":["https:\/\/www.facebook.com\/Pinturerias-VyA-119815563196954","https:\/\/www.instagram.com\/pintureriasvya\/?hl=es-la"]}]}},"_links":{"self":[{"href":"https:\/\/pintureriasvya.com.ar\/index.php\/wp-json\/wp\/v2\/product\/253","targetHints":{"allow":["GET"]}}],"collection":[{"href":"https:\/\/pintureriasvya.com.ar\/index.php\/wp-json\/wp\/v2\/product"}],"about":[{"href":"https:\/\/pintureriasvya.com.ar\/index.php\/wp-json\/wp\/v2\/types\/product"}],"replies":[{"embeddable":true,"href":"https:\/\/pintureriasvya.com.ar\/index.php\/wp-json\/wp\/v2\/comments?post=253"}],"wp:featuredmedia":[{"embeddable":true,"href":"https:\/\/pintureriasvya.com.ar\/index.php\/wp-json\/wp\/v2\/media\/276"}],"wp:attachment":[{"href":"https:\/\/pintureriasvya.com.ar\/index.php\/wp-json\/wp\/v2\/media?parent=253"}],"wp:term":[{"taxonomy":"product_brand","embeddable":true,"href":"https:\/\/pintureriasvya.com.ar\/index.php\/wp-json\/wp\/v2\/product_brand?post=253"},{"taxonomy":"product_cat","embeddable":true,"href":"https:\/\/pintureriasvya.com.ar\/index.php\/wp-json\/wp\/v2\/product_cat?post=253"},{"taxonomy":"product_tag","embeddable":true,"href":"https:\/\/pintureriasvya.com.ar\/index.php\/wp-json\/wp\/v2\/product_tag?post=253"}],"curies":[{"name":"wp","href":"https:\/\/api.w.org\/{rel}","templated":true}]}}