{"id":250,"date":"2021-06-08T17:10:19","date_gmt":"2021-06-08T17:10:19","guid":{"rendered":"https:\/\/pintureriasvya.com.ar\/?post_type=product&#038;p=250"},"modified":"2024-05-06T03:50:30","modified_gmt":"2024-05-06T03:50:30","slug":"esmalte-sintetico","status":"publish","type":"product","link":"https:\/\/pintureriasvya.com.ar\/index.php\/producto\/esmalte-sintetico\/","title":{"rendered":"Esmalte Sint\u00e9tico"},"content":{"rendered":"<p>Esmalte Sint\u00e9tico Gladiatore<\/p>\n<h2 class=\"ui-pdp-description__title\">Descripci\u00f3n<\/h2>\n<p class=\"ui-pdp-description__content\">ESMALTE SINTETICO BLANCO Y NEGRO BRILLANTE 4 LITRO<\/p>\n<p>* Triple Acci\u00f3n: Esmalte &#8211; Anti\u00f3xido &#8211; Convertidor<\/p>\n<p>&#8211; El esmalte brillante GLADIATORE, protege al metal de la corrosi\u00f3n, gracias al adecuado balance de pigmentos anticorrosivos y permite aplicar directamente el producto sobre superficies oxidadas debido a que el aditivo convertidor de \u00f3xido, estabiliza el mismo transform\u00e1ndolo a una estado m\u00e1s estable (magnetita de color negro). Logrando con un solo producto proteger al metal, con un alto valor decorativo.<\/p>\n<p>&#8211; El esmalte GLADIATORE, no posee ni cromatos ni plomo como pigmentos anticorrosivo, por lo que es amigable con el medio ambiente.<\/p>\n<p>&#8211; APTO MADERAS &#8211; ALTO BRILLO &#8211; SUPER CUBRITIVO<\/p>\n<p>&#8211; APLICACI\u00d3N: Mezclar el contenido del envase antes de aplicar. Aplicar s\u00f3lo sobre sustratos met\u00e1licos ferrosos. No aplicar sobre galvanizados o aluminio. No es adecuado para uso en inmersi\u00f3n o expuesto a salpicaduras con sustancias \u00e1cidas, alcalinas o solventes fuertes. Aplicar 2 o 3 manos con pincel o rodillo de pelo corto o con soplete convencional o airless.<\/p>\n<p>&#8211; PREPARACI\u00d3N DE LA SUPERFICIE: Para asegurar una buena protecci\u00f3n y una larga duraci\u00f3n es imprescindible una cuidadosa preparaci\u00f3n de las superficies, siguiendo los pasos recomendados. Las superficies deben estar limpias, secas y libres de aceite, grasa, polvo, \u00f3xido flojo y de laminaci\u00f3n (mill scale), pintura floja y cualquier material extra\u00f1o que pudiera afectar la adhesi\u00f3n.<br \/>\nMetal: eliminar el \u00f3xido flojo y de laminaci\u00f3n (mill scale) con cepillo de alambre o lija. Limpiar las superficies con aguarr\u00e1s mineral de buena calidad.<br \/>\nSuperficies previamente pintadas: eliminar las partes flojas y lijar para emparejar los bordes. Tratar los sectores con metal expuesto como en el punto anterior.<\/p>\n<p>COLORES: BLANCO Y NEGRO BRILLANTES<\/p>\n<p class=\"ui-pdp-description__content\">-Presentaci\u00f3n: 1\/4,1\/2,1, 4, y 20 litros<br \/>\n*******************************************************************************************************<\/p>\n","protected":false},"excerpt":{"rendered":"<p>Esmalte Sint\u00e9tico Gladiatore<\/p>\n<p>Descripci\u00f3n<\/p>\n<p>ESMALTE SINTETICO BLANCO Y NEGRO BRILLANTE 4 LITRO<\/p>\n<p>* Triple Acci\u00f3n: Esmalte &#8211; Anti\u00f3xido &#8211; Convertidor<\/p>\n<p>&#8211; El esmalte brillante GLADIATORE, protege al metal de la corrosi\u00f3n, gracias al adecuado balance de pigmentos anticorrosivos y permite aplicar directamente el producto sobre superficies oxidadas debido a que el aditivo convertidor de \u00f3xido, estabiliza el mismo transform\u00e1ndolo a una estado m\u00e1s estable (magnetita de color negro). Logrando con un solo producto proteger al metal, con un alto valor decorativo.<\/p>\n<p>&#8211; El esmalte GLADIATORE, no posee ni cromatos ni plomo como pigmentos anticorrosivo, por lo que es amigable con el medio ambiente.<\/p>\n<p>&#8211; APTO MADERAS &#8211; ALTO BRILLO &#8211; SUPER CUBRITIVO<\/p>\n<p>&#8211; APLICACI\u00d3N: Mezclar el contenido del envase antes de aplicar. Aplicar s\u00f3lo sobre sustratos met\u00e1licos ferrosos. No aplicar sobre galvanizados o aluminio. No es adecuado para uso en inmersi\u00f3n o expuesto a salpicaduras con sustancias \u00e1cidas, alcalinas o solventes fuertes. Aplicar 2 o 3 manos con pincel o rodillo de pelo corto o con soplete convencional o airless.<\/p>\n<p>&#8211; PREPARACI\u00d3N DE LA SUPERFICIE: Para asegurar una buena protecci\u00f3n y una larga duraci\u00f3n es imprescindible una cuidadosa preparaci\u00f3n de las superficies, siguiendo los pasos recomendados. Las superficies deben estar limpias, secas y libres de aceite, grasa, polvo, \u00f3xido flojo y de laminaci\u00f3n (mill scale), pintura floja y cualquier material extra\u00f1o que pudiera afectar la adhesi\u00f3n.<br \/>\nMetal: eliminar el \u00f3xido flojo y de laminaci\u00f3n (mill scale) con cepillo de alambre o lija. Limpiar las superficies con aguarr\u00e1s mineral de buena calidad.<br \/>\nSuperficies previamente pintadas: eliminar las partes flojas y lijar para emparejar los bordes. Tratar los sectores con metal expuesto como en el punto anterior.<\/p>\n<p>COLORES: BLANCO Y NEGRO BRILLANTES<\/p>\n<p>-Presentaci\u00f3n: 1\/4,1\/2,1, 4, y 20 litros<br \/>\n*******************************************************************************************************<\/p>\n","protected":false},"featured_media":303,"comment_status":"open","ping_status":"closed","template":"","meta":{"site-sidebar-layout":"default","site-content-layout":"default","ast-site-content-layout":"default","site-content-style":"default","site-sidebar-style":"default","ast-global-header-display":"","ast-banner-title-visibility":"","ast-main-header-display":"","ast-hfb-above-header-display":"","ast-hfb-below-header-display":"","ast-hfb-mobile-header-display":"","site-post-title":"","ast-breadcrumbs-content":"","ast-featured-img":"","footer-sml-layout":"","ast-disable-related-posts":"","theme-transparent-header-meta":"default","adv-header-id-meta":"","stick-header-meta":"","header-above-stick-meta":"","header-main-stick-meta":"","header-below-stick-meta":"","astra-migrate-meta-layouts":"default","ast-page-background-enabled":"default","ast-page-background-meta":{"desktop":{"background-color":"var(--ast-global-color-4)","background-image":"","background-repeat":"repeat","background-position":"center center","background-size":"auto","background-attachment":"scroll","background-type":"","background-media":"","overlay-type":"","overlay-color":"","overlay-opacity":"","overlay-gradient":""},"tablet":{"background-color":"","background-image":"","background-repeat":"repeat","background-position":"center center","background-size":"auto","background-attachment":"scroll","background-type":"","background-media":"","overlay-type":"","overlay-color":"","overlay-opacity":"","overlay-gradient":""},"mobile":{"background-color":"","background-image":"","background-repeat":"repeat","background-position":"center center","background-size":"auto","background-attachment":"scroll","background-type":"","background-media":"","overlay-type":"","overlay-color":"","overlay-opacity":"","overlay-gradient":""}},"ast-content-background-meta":{"desktop":{"background-color":"var(--ast-global-color-5)","background-image":"","background-repeat":"repeat","background-position":"center center","background-size":"auto","background-attachment":"scroll","background-type":"","background-media":"","overlay-type":"","overlay-color":"","overlay-opacity":"","overlay-gradient":""},"tablet":{"background-color":"var(--ast-global-color-5)","background-image":"","background-repeat":"repeat","background-position":"center center","background-size":"auto","background-attachment":"scroll","background-type":"","background-media":"","overlay-type":"","overlay-color":"","overlay-opacity":"","overlay-gradient":""},"mobile":{"background-color":"var(--ast-global-color-5)","background-image":"","background-repeat":"repeat","background-position":"center center","background-size":"auto","background-attachment":"scroll","background-type":"","background-media":"","overlay-type":"","overlay-color":"","overlay-opacity":"","overlay-gradient":""}},"_joinchat":[]},"product_brand":[],"product_cat":[23,24,25,29],"product_tag":[56,50,39,55],"class_list":{"0":"post-250","1":"product","2":"type-product","3":"status-publish","4":"has-post-thumbnail","6":"product_cat-esmaltes","7":"product_cat-esmaltes-sinteticos","8":"product_cat-esmaltes-sinteticos-convertidor","9":"product_cat-ofertas-de-pinturas","10":"product_tag-blanco-mate","11":"product_tag-esmalte-sintetico-convertidor","12":"product_tag-esmaltes-sinteticos","13":"product_tag-ofertas-de-pinturas-por-4-litros","14":"desktop-align-left","15":"tablet-align-left","16":"mobile-align-left","18":"first","19":"instock","20":"taxable","21":"shipping-taxable","22":"purchasable","23":"product-type-simple"},"yoast_head":"<!-- This site is optimized with the Yoast SEO plugin v27.5 - https:\/\/yoast.com\/product\/yoast-seo-wordpress\/ -->\n<title>Esmalte Sint\u00e9tico | Pinturerias V y A<\/title>\n<meta name=\"robots\" content=\"index, follow, max-snippet:-1, max-image-preview:large, max-video-preview:-1\" \/>\n<link rel=\"canonical\" href=\"https:\/\/pintureriasvya.com.ar\/index.php\/producto\/esmalte-sintetico\/\" \/>\n<meta property=\"og:locale\" content=\"es_ES\" \/>\n<meta property=\"og:type\" content=\"article\" \/>\n<meta property=\"og:title\" content=\"Esmalte Sint\u00e9tico | Pinturerias V y A\" \/>\n<meta property=\"og:description\" content=\"Esmalte Sint\u00e9tico Gladiatore  Descripci\u00f3n  ESMALTE SINTETICO BLANCO Y NEGRO BRILLANTE 4 LITRO  * Triple Acci\u00f3n: Esmalte - Anti\u00f3xido - Convertidor  - El esmalte brillante GLADIATORE, protege al metal de la corrosi\u00f3n, gracias al adecuado balance de pigmentos anticorrosivos y permite aplicar directamente el producto sobre superficies oxidadas debido a que el aditivo convertidor de \u00f3xido, estabiliza el mismo transform\u00e1ndolo a una estado m\u00e1s estable (magnetita de color negro). Logrando con un solo producto proteger al metal, con un alto valor decorativo.  - El esmalte GLADIATORE, no posee ni cromatos ni plomo como pigmentos anticorrosivo, por lo que es amigable con el medio ambiente.  - APTO MADERAS - ALTO BRILLO - SUPER CUBRITIVO  - APLICACI\u00d3N: Mezclar el contenido del envase antes de aplicar. Aplicar s\u00f3lo sobre sustratos met\u00e1licos ferrosos. No aplicar sobre galvanizados o aluminio. No es adecuado para uso en inmersi\u00f3n o expuesto a salpicaduras con sustancias \u00e1cidas, alcalinas o solventes fuertes. Aplicar 2 o 3 manos con pincel o rodillo de pelo corto o con soplete convencional o airless.  - PREPARACI\u00d3N DE LA SUPERFICIE: Para asegurar una buena protecci\u00f3n y una larga duraci\u00f3n es imprescindible una cuidadosa preparaci\u00f3n de las superficies, siguiendo los pasos recomendados. Las superficies deben estar limpias, secas y libres de aceite, grasa, polvo, \u00f3xido flojo y de laminaci\u00f3n (mill scale), pintura floja y cualquier material extra\u00f1o que pudiera afectar la adhesi\u00f3n. Metal: eliminar el \u00f3xido flojo y de laminaci\u00f3n (mill scale) con cepillo de alambre o lija. Limpiar las superficies con aguarr\u00e1s mineral de buena calidad. Superficies previamente pintadas: eliminar las partes flojas y lijar para emparejar los bordes. Tratar los sectores con metal expuesto como en el punto anterior.  COLORES: BLANCO Y NEGRO BRILLANTES  -Presentaci\u00f3n: 1\/4,1\/2,1, 4, y 20 litros *******************************************************************************************************\" \/>\n<meta property=\"og:url\" content=\"https:\/\/pintureriasvya.com.ar\/index.php\/producto\/esmalte-sintetico\/\" \/>\n<meta property=\"og:site_name\" content=\"Pinturerias V y A\" \/>\n<meta property=\"article:publisher\" content=\"https:\/\/www.facebook.com\/Pinturerias-VyA-119815563196954\" \/>\n<meta property=\"article:modified_time\" content=\"2024-05-06T03:50:30+00:00\" \/>\n<meta property=\"og:image\" content=\"http:\/\/pintureriasvya.com.ar\/wp-content\/uploads\/2021\/06\/gadiatore.jpg\" \/>\n\t<meta property=\"og:image:width\" content=\"320\" \/>\n\t<meta property=\"og:image:height\" content=\"438\" \/>\n\t<meta property=\"og:image:type\" content=\"image\/jpeg\" \/>\n<meta name=\"twitter:card\" content=\"summary_large_image\" \/>\n<meta name=\"twitter:label1\" content=\"Tiempo de lectura\" \/>\n\t<meta name=\"twitter:data1\" content=\"2 minutos\" \/>\n<script type=\"application\/ld+json\" class=\"yoast-schema-graph\">{\"@context\":\"https:\\\/\\\/schema.org\",\"@graph\":[{\"@type\":\"WebPage\",\"@id\":\"https:\\\/\\\/pintureriasvya.com.ar\\\/index.php\\\/producto\\\/esmalte-sintetico\\\/\",\"url\":\"https:\\\/\\\/pintureriasvya.com.ar\\\/index.php\\\/producto\\\/esmalte-sintetico\\\/\",\"name\":\"Esmalte Sint\u00e9tico | Pinturerias V y A\",\"isPartOf\":{\"@id\":\"https:\\\/\\\/pintureriasvya.com.ar\\\/#website\"},\"primaryImageOfPage\":{\"@id\":\"https:\\\/\\\/pintureriasvya.com.ar\\\/index.php\\\/producto\\\/esmalte-sintetico\\\/#primaryimage\"},\"image\":{\"@id\":\"https:\\\/\\\/pintureriasvya.com.ar\\\/index.php\\\/producto\\\/esmalte-sintetico\\\/#primaryimage\"},\"thumbnailUrl\":\"https:\\\/\\\/pintureriasvya.com.ar\\\/wp-content\\\/uploads\\\/2021\\\/06\\\/gadiatore.jpg\",\"datePublished\":\"2021-06-08T17:10:19+00:00\",\"dateModified\":\"2024-05-06T03:50:30+00:00\",\"breadcrumb\":{\"@id\":\"https:\\\/\\\/pintureriasvya.com.ar\\\/index.php\\\/producto\\\/esmalte-sintetico\\\/#breadcrumb\"},\"inLanguage\":\"es\",\"potentialAction\":[{\"@type\":\"ReadAction\",\"target\":[\"https:\\\/\\\/pintureriasvya.com.ar\\\/index.php\\\/producto\\\/esmalte-sintetico\\\/\"]}]},{\"@type\":\"ImageObject\",\"inLanguage\":\"es\",\"@id\":\"https:\\\/\\\/pintureriasvya.com.ar\\\/index.php\\\/producto\\\/esmalte-sintetico\\\/#primaryimage\",\"url\":\"https:\\\/\\\/pintureriasvya.com.ar\\\/wp-content\\\/uploads\\\/2021\\\/06\\\/gadiatore.jpg\",\"contentUrl\":\"https:\\\/\\\/pintureriasvya.com.ar\\\/wp-content\\\/uploads\\\/2021\\\/06\\\/gadiatore.jpg\",\"width\":320,\"height\":438,\"caption\":\"ESMALTE SINTETICO GLADIATORE\"},{\"@type\":\"BreadcrumbList\",\"@id\":\"https:\\\/\\\/pintureriasvya.com.ar\\\/index.php\\\/producto\\\/esmalte-sintetico\\\/#breadcrumb\",\"itemListElement\":[{\"@type\":\"ListItem\",\"position\":1,\"name\":\"Portada\",\"item\":\"https:\\\/\\\/pintureriasvya.com.ar\\\/\"},{\"@type\":\"ListItem\",\"position\":2,\"name\":\"Tienda\",\"item\":\"https:\\\/\\\/pintureriasvya.com.ar\\\/index.php\\\/tienda\\\/\"},{\"@type\":\"ListItem\",\"position\":3,\"name\":\"Esmalte Sint\u00e9tico\"}]},{\"@type\":\"WebSite\",\"@id\":\"https:\\\/\\\/pintureriasvya.com.ar\\\/#website\",\"url\":\"https:\\\/\\\/pintureriasvya.com.ar\\\/\",\"name\":\"Pinturerias V y A\",\"description\":\"Pinturerias VyA, Trabajamos directo de f\u00e1brica\",\"publisher\":{\"@id\":\"https:\\\/\\\/pintureriasvya.com.ar\\\/#organization\"},\"potentialAction\":[{\"@type\":\"SearchAction\",\"target\":{\"@type\":\"EntryPoint\",\"urlTemplate\":\"https:\\\/\\\/pintureriasvya.com.ar\\\/?s={search_term_string}\"},\"query-input\":{\"@type\":\"PropertyValueSpecification\",\"valueRequired\":true,\"valueName\":\"search_term_string\"}}],\"inLanguage\":\"es\"},{\"@type\":\"Organization\",\"@id\":\"https:\\\/\\\/pintureriasvya.com.ar\\\/#organization\",\"name\":\"Pinturerias VyA\",\"url\":\"https:\\\/\\\/pintureriasvya.com.ar\\\/\",\"logo\":{\"@type\":\"ImageObject\",\"inLanguage\":\"es\",\"@id\":\"https:\\\/\\\/pintureriasvya.com.ar\\\/#\\\/schema\\\/logo\\\/image\\\/\",\"url\":\"https:\\\/\\\/pintureriasvya.com.ar\\\/wp-content\\\/uploads\\\/2021\\\/06\\\/LOGO.png\",\"contentUrl\":\"https:\\\/\\\/pintureriasvya.com.ar\\\/wp-content\\\/uploads\\\/2021\\\/06\\\/LOGO.png\",\"width\":474,\"height\":474,\"caption\":\"Pinturerias VyA\"},\"image\":{\"@id\":\"https:\\\/\\\/pintureriasvya.com.ar\\\/#\\\/schema\\\/logo\\\/image\\\/\"},\"sameAs\":[\"https:\\\/\\\/www.facebook.com\\\/Pinturerias-VyA-119815563196954\",\"https:\\\/\\\/www.instagram.com\\\/pintureriasvya\\\/?hl=es-la\"]}]}<\/script>\n<!-- \/ Yoast SEO plugin. -->","yoast_head_json":{"title":"Esmalte Sint\u00e9tico | Pinturerias V y A","robots":{"index":"index","follow":"follow","max-snippet":"max-snippet:-1","max-image-preview":"max-image-preview:large","max-video-preview":"max-video-preview:-1"},"canonical":"https:\/\/pintureriasvya.com.ar\/index.php\/producto\/esmalte-sintetico\/","og_locale":"es_ES","og_type":"article","og_title":"Esmalte Sint\u00e9tico | Pinturerias V y A","og_description":"Esmalte Sint\u00e9tico Gladiatore  Descripci\u00f3n  ESMALTE SINTETICO BLANCO Y NEGRO BRILLANTE 4 LITRO  * Triple Acci\u00f3n: Esmalte - Anti\u00f3xido - Convertidor  - El esmalte brillante GLADIATORE, protege al metal de la corrosi\u00f3n, gracias al adecuado balance de pigmentos anticorrosivos y permite aplicar directamente el producto sobre superficies oxidadas debido a que el aditivo convertidor de \u00f3xido, estabiliza el mismo transform\u00e1ndolo a una estado m\u00e1s estable (magnetita de color negro). Logrando con un solo producto proteger al metal, con un alto valor decorativo.  - El esmalte GLADIATORE, no posee ni cromatos ni plomo como pigmentos anticorrosivo, por lo que es amigable con el medio ambiente.  - APTO MADERAS - ALTO BRILLO - SUPER CUBRITIVO  - APLICACI\u00d3N: Mezclar el contenido del envase antes de aplicar. Aplicar s\u00f3lo sobre sustratos met\u00e1licos ferrosos. No aplicar sobre galvanizados o aluminio. No es adecuado para uso en inmersi\u00f3n o expuesto a salpicaduras con sustancias \u00e1cidas, alcalinas o solventes fuertes. Aplicar 2 o 3 manos con pincel o rodillo de pelo corto o con soplete convencional o airless.  - PREPARACI\u00d3N DE LA SUPERFICIE: Para asegurar una buena protecci\u00f3n y una larga duraci\u00f3n es imprescindible una cuidadosa preparaci\u00f3n de las superficies, siguiendo los pasos recomendados. Las superficies deben estar limpias, secas y libres de aceite, grasa, polvo, \u00f3xido flojo y de laminaci\u00f3n (mill scale), pintura floja y cualquier material extra\u00f1o que pudiera afectar la adhesi\u00f3n. Metal: eliminar el \u00f3xido flojo y de laminaci\u00f3n (mill scale) con cepillo de alambre o lija. Limpiar las superficies con aguarr\u00e1s mineral de buena calidad. Superficies previamente pintadas: eliminar las partes flojas y lijar para emparejar los bordes. Tratar los sectores con metal expuesto como en el punto anterior.  COLORES: BLANCO Y NEGRO BRILLANTES  -Presentaci\u00f3n: 1\/4,1\/2,1, 4, y 20 litros *******************************************************************************************************","og_url":"https:\/\/pintureriasvya.com.ar\/index.php\/producto\/esmalte-sintetico\/","og_site_name":"Pinturerias V y A","article_publisher":"https:\/\/www.facebook.com\/Pinturerias-VyA-119815563196954","article_modified_time":"2024-05-06T03:50:30+00:00","og_image":[{"width":320,"height":438,"url":"http:\/\/pintureriasvya.com.ar\/wp-content\/uploads\/2021\/06\/gadiatore.jpg","type":"image\/jpeg"}],"twitter_card":"summary_large_image","twitter_misc":{"Tiempo de lectura":"2 minutos"},"schema":{"@context":"https:\/\/schema.org","@graph":[{"@type":"WebPage","@id":"https:\/\/pintureriasvya.com.ar\/index.php\/producto\/esmalte-sintetico\/","url":"https:\/\/pintureriasvya.com.ar\/index.php\/producto\/esmalte-sintetico\/","name":"Esmalte Sint\u00e9tico | Pinturerias V y A","isPartOf":{"@id":"https:\/\/pintureriasvya.com.ar\/#website"},"primaryImageOfPage":{"@id":"https:\/\/pintureriasvya.com.ar\/index.php\/producto\/esmalte-sintetico\/#primaryimage"},"image":{"@id":"https:\/\/pintureriasvya.com.ar\/index.php\/producto\/esmalte-sintetico\/#primaryimage"},"thumbnailUrl":"https:\/\/pintureriasvya.com.ar\/wp-content\/uploads\/2021\/06\/gadiatore.jpg","datePublished":"2021-06-08T17:10:19+00:00","dateModified":"2024-05-06T03:50:30+00:00","breadcrumb":{"@id":"https:\/\/pintureriasvya.com.ar\/index.php\/producto\/esmalte-sintetico\/#breadcrumb"},"inLanguage":"es","potentialAction":[{"@type":"ReadAction","target":["https:\/\/pintureriasvya.com.ar\/index.php\/producto\/esmalte-sintetico\/"]}]},{"@type":"ImageObject","inLanguage":"es","@id":"https:\/\/pintureriasvya.com.ar\/index.php\/producto\/esmalte-sintetico\/#primaryimage","url":"https:\/\/pintureriasvya.com.ar\/wp-content\/uploads\/2021\/06\/gadiatore.jpg","contentUrl":"https:\/\/pintureriasvya.com.ar\/wp-content\/uploads\/2021\/06\/gadiatore.jpg","width":320,"height":438,"caption":"ESMALTE SINTETICO GLADIATORE"},{"@type":"BreadcrumbList","@id":"https:\/\/pintureriasvya.com.ar\/index.php\/producto\/esmalte-sintetico\/#breadcrumb","itemListElement":[{"@type":"ListItem","position":1,"name":"Portada","item":"https:\/\/pintureriasvya.com.ar\/"},{"@type":"ListItem","position":2,"name":"Tienda","item":"https:\/\/pintureriasvya.com.ar\/index.php\/tienda\/"},{"@type":"ListItem","position":3,"name":"Esmalte Sint\u00e9tico"}]},{"@type":"WebSite","@id":"https:\/\/pintureriasvya.com.ar\/#website","url":"https:\/\/pintureriasvya.com.ar\/","name":"Pinturerias V y A","description":"Pinturerias VyA, Trabajamos directo de f\u00e1brica","publisher":{"@id":"https:\/\/pintureriasvya.com.ar\/#organization"},"potentialAction":[{"@type":"SearchAction","target":{"@type":"EntryPoint","urlTemplate":"https:\/\/pintureriasvya.com.ar\/?s={search_term_string}"},"query-input":{"@type":"PropertyValueSpecification","valueRequired":true,"valueName":"search_term_string"}}],"inLanguage":"es"},{"@type":"Organization","@id":"https:\/\/pintureriasvya.com.ar\/#organization","name":"Pinturerias VyA","url":"https:\/\/pintureriasvya.com.ar\/","logo":{"@type":"ImageObject","inLanguage":"es","@id":"https:\/\/pintureriasvya.com.ar\/#\/schema\/logo\/image\/","url":"https:\/\/pintureriasvya.com.ar\/wp-content\/uploads\/2021\/06\/LOGO.png","contentUrl":"https:\/\/pintureriasvya.com.ar\/wp-content\/uploads\/2021\/06\/LOGO.png","width":474,"height":474,"caption":"Pinturerias VyA"},"image":{"@id":"https:\/\/pintureriasvya.com.ar\/#\/schema\/logo\/image\/"},"sameAs":["https:\/\/www.facebook.com\/Pinturerias-VyA-119815563196954","https:\/\/www.instagram.com\/pintureriasvya\/?hl=es-la"]}]}},"_links":{"self":[{"href":"https:\/\/pintureriasvya.com.ar\/index.php\/wp-json\/wp\/v2\/product\/250","targetHints":{"allow":["GET"]}}],"collection":[{"href":"https:\/\/pintureriasvya.com.ar\/index.php\/wp-json\/wp\/v2\/product"}],"about":[{"href":"https:\/\/pintureriasvya.com.ar\/index.php\/wp-json\/wp\/v2\/types\/product"}],"replies":[{"embeddable":true,"href":"https:\/\/pintureriasvya.com.ar\/index.php\/wp-json\/wp\/v2\/comments?post=250"}],"wp:featuredmedia":[{"embeddable":true,"href":"https:\/\/pintureriasvya.com.ar\/index.php\/wp-json\/wp\/v2\/media\/303"}],"wp:attachment":[{"href":"https:\/\/pintureriasvya.com.ar\/index.php\/wp-json\/wp\/v2\/media?parent=250"}],"wp:term":[{"taxonomy":"product_brand","embeddable":true,"href":"https:\/\/pintureriasvya.com.ar\/index.php\/wp-json\/wp\/v2\/product_brand?post=250"},{"taxonomy":"product_cat","embeddable":true,"href":"https:\/\/pintureriasvya.com.ar\/index.php\/wp-json\/wp\/v2\/product_cat?post=250"},{"taxonomy":"product_tag","embeddable":true,"href":"https:\/\/pintureriasvya.com.ar\/index.php\/wp-json\/wp\/v2\/product_tag?post=250"}],"curies":[{"name":"wp","href":"https:\/\/api.w.org\/{rel}","templated":true}]}}