{"id":244,"date":"2021-06-08T17:07:34","date_gmt":"2021-06-08T17:07:34","guid":{"rendered":"https:\/\/pintureriasvya.com.ar\/?post_type=product&#038;p=244"},"modified":"2024-05-06T03:52:36","modified_gmt":"2024-05-06T03:52:36","slug":"sellador-fijador","status":"publish","type":"product","link":"https:\/\/pintureriasvya.com.ar\/index.php\/producto\/sellador-fijador\/","title":{"rendered":"Sellador Fijador"},"content":{"rendered":"<p>Sellador Fijador &#8220;ROMA&#8221;<\/p>\n<h2 class=\"ui-pdp-description__title\">Descripci\u00f3n<\/h2>\n<p class=\"ui-pdp-description__content\">Descripci\u00f3n:<br \/>\nEl fijador sellador &#8220;ROMA&#8221;concentrado en agua esta formulado con pol\u00edmeros acr\u00edlicos de emulsi\u00f3n acuosa y aditivos especiales que permiten fijar, sellar y uniformar la absorci\u00f3n del sustrato en una sola mano.<\/p>\n<p>MODO DE USO Preparaci\u00f3n de la superficie: La superficie debe estar limpia, seca y exenta de polvo, grasas, aceite, jabones, ceras u otros desmoldantes o contaminantes. Si hay hongos, tratar con agua lavandina al 10% en agua y enjuagar. Dejar secar bien. En el caso de imperfecciones menores emplear enduido exterior interior &#8220;ROMA&#8221; en capas finas. Una vez lijado aplicar nuevamente fijador para nivelar la absorci\u00f3n de la superficie antes de pintar. En caso de superficies alcalinas realizar un tratamiento \u00e1cido antes de pintar. Constatar la la neutralidad con cinta de ph o soluci\u00f3n alcoh\u00f3lica de fenolftale\u00edna.<\/p>\n<p>PREPARACI\u00d3N DE PRODUCTO: Homogenizar cuidadosamente con agitador mec\u00e1nico o a mano con una varilla agitadora realizando movimientos circulares o en forma de ocho, a fin de no incorporar aire, y diluir como convenga al m\u00e9todo de aplicaci\u00f3n elegido. Las temperaturas de aplicaci\u00f3n mencionadas en los datos t\u00e9cnicos se refieren tanto al ambiente como al sustrato a pintar.<\/p>\n<p>Diluci\u00f3n: Agregar a cada litro de fijador sellador &#8220;ROMA&#8221;concentrado hasta 3 litros de agua, dependiendo de la absorci\u00f3n de la superficie a pintar.<\/p>\n<p>M\u00e9todos de aplicaci\u00f3n; Puede ser aplicado con pincel, rodillo o soplete.<\/p>\n<p>-Presentaci\u00f3n: 1,4, 10 y 20 litros.<br \/>\n***************************************************************************************<\/p>\n","protected":false},"excerpt":{"rendered":"<p>Sellador Fijador &#8220;ROMA&#8221;<\/p>\n<p>Descripci\u00f3n<\/p>\n<p>Descripci\u00f3n:<br \/>\nEl fijador sellador &#8220;ROMA&#8221;concentrado en agua esta formulado con pol\u00edmeros acr\u00edlicos de emulsi\u00f3n acuosa y aditivos especiales que permiten fijar, sellar y uniformar la absorci\u00f3n del sustrato en una sola mano.<\/p>\n<p>MODO DE USO Preparaci\u00f3n de la superficie: La superficie debe estar limpia, seca y exenta de polvo, grasas, aceite, jabones, ceras u otros desmoldantes o contaminantes. Si hay hongos, tratar con agua lavandina al 10% en agua y enjuagar. Dejar secar bien. En el caso de imperfecciones menores emplear enduido exterior interior &#8220;ROMA&#8221; en capas finas. Una vez lijado aplicar nuevamente fijador para nivelar la absorci\u00f3n de la superficie antes de pintar. En caso de superficies alcalinas realizar un tratamiento \u00e1cido antes de pintar. Constatar la la neutralidad con cinta de ph o soluci\u00f3n alcoh\u00f3lica de fenolftale\u00edna.<\/p>\n<p>PREPARACI\u00d3N DE PRODUCTO: Homogenizar cuidadosamente con agitador mec\u00e1nico o a mano con una varilla agitadora realizando movimientos circulares o en forma de ocho, a fin de no incorporar aire, y diluir como convenga al m\u00e9todo de aplicaci\u00f3n elegido. Las temperaturas de aplicaci\u00f3n mencionadas en los datos t\u00e9cnicos se refieren tanto al ambiente como al sustrato a pintar.<\/p>\n<p>Diluci\u00f3n: Agregar a cada litro de fijador sellador &#8220;ROMA&#8221;concentrado hasta 3 litros de agua, dependiendo de la absorci\u00f3n de la superficie a pintar.<\/p>\n<p>M\u00e9todos de aplicaci\u00f3n; Puede ser aplicado con pincel, rodillo o soplete.<\/p>\n<p>-Presentaci\u00f3n: 1,4, 10 y 20 litros.<br \/>\n***************************************************************************************<\/p>\n","protected":false},"featured_media":245,"comment_status":"open","ping_status":"closed","template":"","meta":{"site-sidebar-layout":"default","site-content-layout":"default","ast-site-content-layout":"default","site-content-style":"default","site-sidebar-style":"default","ast-global-header-display":"","ast-banner-title-visibility":"","ast-main-header-display":"","ast-hfb-above-header-display":"","ast-hfb-below-header-display":"","ast-hfb-mobile-header-display":"","site-post-title":"","ast-breadcrumbs-content":"","ast-featured-img":"","footer-sml-layout":"","ast-disable-related-posts":"","theme-transparent-header-meta":"default","adv-header-id-meta":"","stick-header-meta":"","header-above-stick-meta":"","header-main-stick-meta":"","header-below-stick-meta":"","astra-migrate-meta-layouts":"default","ast-page-background-enabled":"default","ast-page-background-meta":{"desktop":{"background-color":"var(--ast-global-color-4)","background-image":"","background-repeat":"repeat","background-position":"center center","background-size":"auto","background-attachment":"scroll","background-type":"","background-media":"","overlay-type":"","overlay-color":"","overlay-opacity":"","overlay-gradient":""},"tablet":{"background-color":"","background-image":"","background-repeat":"repeat","background-position":"center center","background-size":"auto","background-attachment":"scroll","background-type":"","background-media":"","overlay-type":"","overlay-color":"","overlay-opacity":"","overlay-gradient":""},"mobile":{"background-color":"","background-image":"","background-repeat":"repeat","background-position":"center center","background-size":"auto","background-attachment":"scroll","background-type":"","background-media":"","overlay-type":"","overlay-color":"","overlay-opacity":"","overlay-gradient":""}},"ast-content-background-meta":{"desktop":{"background-color":"var(--ast-global-color-5)","background-image":"","background-repeat":"repeat","background-position":"center center","background-size":"auto","background-attachment":"scroll","background-type":"","background-media":"","overlay-type":"","overlay-color":"","overlay-opacity":"","overlay-gradient":""},"tablet":{"background-color":"var(--ast-global-color-5)","background-image":"","background-repeat":"repeat","background-position":"center center","background-size":"auto","background-attachment":"scroll","background-type":"","background-media":"","overlay-type":"","overlay-color":"","overlay-opacity":"","overlay-gradient":""},"mobile":{"background-color":"var(--ast-global-color-5)","background-image":"","background-repeat":"repeat","background-position":"center center","background-size":"auto","background-attachment":"scroll","background-type":"","background-media":"","overlay-type":"","overlay-color":"","overlay-opacity":"","overlay-gradient":""}},"_joinchat":[]},"product_brand":[],"product_cat":[26,29,17],"product_tag":[38,42,55],"class_list":{"0":"post-244","1":"product","2":"type-product","3":"status-publish","4":"has-post-thumbnail","6":"product_cat-impermeabilizastes","7":"product_cat-ofertas-de-pinturas","8":"product_cat-pinturas","9":"product_tag-impermeabilizastes","10":"product_tag-ofertas-de-pinturas","11":"product_tag-ofertas-de-pinturas-por-4-litros","12":"desktop-align-left","13":"tablet-align-left","14":"mobile-align-left","16":"first","17":"instock","18":"taxable","19":"shipping-taxable","20":"purchasable","21":"product-type-simple"},"yoast_head":"<!-- This site is optimized with the Yoast SEO plugin v27.4 - https:\/\/yoast.com\/product\/yoast-seo-wordpress\/ -->\n<title>Sellador Fijador | Pinturerias V y A<\/title>\n<meta name=\"robots\" content=\"index, follow, max-snippet:-1, max-image-preview:large, max-video-preview:-1\" \/>\n<link rel=\"canonical\" href=\"https:\/\/pintureriasvya.com.ar\/index.php\/producto\/sellador-fijador\/\" \/>\n<meta property=\"og:locale\" content=\"es_ES\" \/>\n<meta property=\"og:type\" content=\"article\" \/>\n<meta property=\"og:title\" content=\"Sellador Fijador | Pinturerias V y A\" \/>\n<meta property=\"og:description\" content=\"Sellador Fijador &quot;ROMA&quot;  Descripci\u00f3n  Descripci\u00f3n: El fijador sellador &quot;ROMA&quot;concentrado en agua esta formulado con pol\u00edmeros acr\u00edlicos de emulsi\u00f3n acuosa y aditivos especiales que permiten fijar, sellar y uniformar la absorci\u00f3n del sustrato en una sola mano.  MODO DE USO Preparaci\u00f3n de la superficie: La superficie debe estar limpia, seca y exenta de polvo, grasas, aceite, jabones, ceras u otros desmoldantes o contaminantes. Si hay hongos, tratar con agua lavandina al 10% en agua y enjuagar. Dejar secar bien. En el caso de imperfecciones menores emplear enduido exterior interior &quot;ROMA&quot; en capas finas. Una vez lijado aplicar nuevamente fijador para nivelar la absorci\u00f3n de la superficie antes de pintar. En caso de superficies alcalinas realizar un tratamiento \u00e1cido antes de pintar. Constatar la la neutralidad con cinta de ph o soluci\u00f3n alcoh\u00f3lica de fenolftale\u00edna.  PREPARACI\u00d3N DE PRODUCTO: Homogenizar cuidadosamente con agitador mec\u00e1nico o a mano con una varilla agitadora realizando movimientos circulares o en forma de ocho, a fin de no incorporar aire, y diluir como convenga al m\u00e9todo de aplicaci\u00f3n elegido. Las temperaturas de aplicaci\u00f3n mencionadas en los datos t\u00e9cnicos se refieren tanto al ambiente como al sustrato a pintar.  Diluci\u00f3n: Agregar a cada litro de fijador sellador &quot;ROMA&quot;concentrado hasta 3 litros de agua, dependiendo de la absorci\u00f3n de la superficie a pintar.  M\u00e9todos de aplicaci\u00f3n; Puede ser aplicado con pincel, rodillo o soplete.  -Presentaci\u00f3n: 1,4, 10 y 20 litros. ***************************************************************************************\" \/>\n<meta property=\"og:url\" content=\"https:\/\/pintureriasvya.com.ar\/index.php\/producto\/sellador-fijador\/\" \/>\n<meta property=\"og:site_name\" content=\"Pinturerias V y A\" \/>\n<meta property=\"article:publisher\" content=\"https:\/\/www.facebook.com\/Pinturerias-VyA-119815563196954\" \/>\n<meta property=\"article:modified_time\" content=\"2024-05-06T03:52:36+00:00\" \/>\n<meta property=\"og:image\" content=\"http:\/\/pintureriasvya.com.ar\/wp-content\/uploads\/2021\/06\/ptd11.png\" \/>\n\t<meta property=\"og:image:width\" content=\"600\" \/>\n\t<meta property=\"og:image:height\" content=\"600\" \/>\n\t<meta property=\"og:image:type\" content=\"image\/png\" \/>\n<meta name=\"twitter:card\" content=\"summary_large_image\" \/>\n<meta name=\"twitter:label1\" content=\"Tiempo de lectura\" \/>\n\t<meta name=\"twitter:data1\" content=\"2 minutos\" \/>\n<script type=\"application\/ld+json\" class=\"yoast-schema-graph\">{\"@context\":\"https:\\\/\\\/schema.org\",\"@graph\":[{\"@type\":\"WebPage\",\"@id\":\"https:\\\/\\\/pintureriasvya.com.ar\\\/index.php\\\/producto\\\/sellador-fijador\\\/\",\"url\":\"https:\\\/\\\/pintureriasvya.com.ar\\\/index.php\\\/producto\\\/sellador-fijador\\\/\",\"name\":\"Sellador Fijador | Pinturerias V y A\",\"isPartOf\":{\"@id\":\"https:\\\/\\\/pintureriasvya.com.ar\\\/#website\"},\"primaryImageOfPage\":{\"@id\":\"https:\\\/\\\/pintureriasvya.com.ar\\\/index.php\\\/producto\\\/sellador-fijador\\\/#primaryimage\"},\"image\":{\"@id\":\"https:\\\/\\\/pintureriasvya.com.ar\\\/index.php\\\/producto\\\/sellador-fijador\\\/#primaryimage\"},\"thumbnailUrl\":\"https:\\\/\\\/pintureriasvya.com.ar\\\/wp-content\\\/uploads\\\/2021\\\/06\\\/ptd11.png\",\"datePublished\":\"2021-06-08T17:07:34+00:00\",\"dateModified\":\"2024-05-06T03:52:36+00:00\",\"breadcrumb\":{\"@id\":\"https:\\\/\\\/pintureriasvya.com.ar\\\/index.php\\\/producto\\\/sellador-fijador\\\/#breadcrumb\"},\"inLanguage\":\"es\",\"potentialAction\":[{\"@type\":\"ReadAction\",\"target\":[\"https:\\\/\\\/pintureriasvya.com.ar\\\/index.php\\\/producto\\\/sellador-fijador\\\/\"]}]},{\"@type\":\"ImageObject\",\"inLanguage\":\"es\",\"@id\":\"https:\\\/\\\/pintureriasvya.com.ar\\\/index.php\\\/producto\\\/sellador-fijador\\\/#primaryimage\",\"url\":\"https:\\\/\\\/pintureriasvya.com.ar\\\/wp-content\\\/uploads\\\/2021\\\/06\\\/ptd11.png\",\"contentUrl\":\"https:\\\/\\\/pintureriasvya.com.ar\\\/wp-content\\\/uploads\\\/2021\\\/06\\\/ptd11.png\",\"width\":600,\"height\":600},{\"@type\":\"BreadcrumbList\",\"@id\":\"https:\\\/\\\/pintureriasvya.com.ar\\\/index.php\\\/producto\\\/sellador-fijador\\\/#breadcrumb\",\"itemListElement\":[{\"@type\":\"ListItem\",\"position\":1,\"name\":\"Portada\",\"item\":\"https:\\\/\\\/pintureriasvya.com.ar\\\/\"},{\"@type\":\"ListItem\",\"position\":2,\"name\":\"Tienda\",\"item\":\"https:\\\/\\\/pintureriasvya.com.ar\\\/index.php\\\/tienda\\\/\"},{\"@type\":\"ListItem\",\"position\":3,\"name\":\"Sellador Fijador\"}]},{\"@type\":\"WebSite\",\"@id\":\"https:\\\/\\\/pintureriasvya.com.ar\\\/#website\",\"url\":\"https:\\\/\\\/pintureriasvya.com.ar\\\/\",\"name\":\"Pinturerias V y A\",\"description\":\"Pinturerias VyA, Trabajamos directo de f\u00e1brica\",\"publisher\":{\"@id\":\"https:\\\/\\\/pintureriasvya.com.ar\\\/#organization\"},\"potentialAction\":[{\"@type\":\"SearchAction\",\"target\":{\"@type\":\"EntryPoint\",\"urlTemplate\":\"https:\\\/\\\/pintureriasvya.com.ar\\\/?s={search_term_string}\"},\"query-input\":{\"@type\":\"PropertyValueSpecification\",\"valueRequired\":true,\"valueName\":\"search_term_string\"}}],\"inLanguage\":\"es\"},{\"@type\":\"Organization\",\"@id\":\"https:\\\/\\\/pintureriasvya.com.ar\\\/#organization\",\"name\":\"Pinturerias VyA\",\"url\":\"https:\\\/\\\/pintureriasvya.com.ar\\\/\",\"logo\":{\"@type\":\"ImageObject\",\"inLanguage\":\"es\",\"@id\":\"https:\\\/\\\/pintureriasvya.com.ar\\\/#\\\/schema\\\/logo\\\/image\\\/\",\"url\":\"https:\\\/\\\/pintureriasvya.com.ar\\\/wp-content\\\/uploads\\\/2021\\\/06\\\/LOGO.png\",\"contentUrl\":\"https:\\\/\\\/pintureriasvya.com.ar\\\/wp-content\\\/uploads\\\/2021\\\/06\\\/LOGO.png\",\"width\":474,\"height\":474,\"caption\":\"Pinturerias VyA\"},\"image\":{\"@id\":\"https:\\\/\\\/pintureriasvya.com.ar\\\/#\\\/schema\\\/logo\\\/image\\\/\"},\"sameAs\":[\"https:\\\/\\\/www.facebook.com\\\/Pinturerias-VyA-119815563196954\",\"https:\\\/\\\/www.instagram.com\\\/pintureriasvya\\\/?hl=es-la\"]}]}<\/script>\n<!-- \/ Yoast SEO plugin. -->","yoast_head_json":{"title":"Sellador Fijador | Pinturerias V y A","robots":{"index":"index","follow":"follow","max-snippet":"max-snippet:-1","max-image-preview":"max-image-preview:large","max-video-preview":"max-video-preview:-1"},"canonical":"https:\/\/pintureriasvya.com.ar\/index.php\/producto\/sellador-fijador\/","og_locale":"es_ES","og_type":"article","og_title":"Sellador Fijador | Pinturerias V y A","og_description":"Sellador Fijador \"ROMA\"  Descripci\u00f3n  Descripci\u00f3n: El fijador sellador \"ROMA\"concentrado en agua esta formulado con pol\u00edmeros acr\u00edlicos de emulsi\u00f3n acuosa y aditivos especiales que permiten fijar, sellar y uniformar la absorci\u00f3n del sustrato en una sola mano.  MODO DE USO Preparaci\u00f3n de la superficie: La superficie debe estar limpia, seca y exenta de polvo, grasas, aceite, jabones, ceras u otros desmoldantes o contaminantes. Si hay hongos, tratar con agua lavandina al 10% en agua y enjuagar. Dejar secar bien. En el caso de imperfecciones menores emplear enduido exterior interior \"ROMA\" en capas finas. Una vez lijado aplicar nuevamente fijador para nivelar la absorci\u00f3n de la superficie antes de pintar. En caso de superficies alcalinas realizar un tratamiento \u00e1cido antes de pintar. Constatar la la neutralidad con cinta de ph o soluci\u00f3n alcoh\u00f3lica de fenolftale\u00edna.  PREPARACI\u00d3N DE PRODUCTO: Homogenizar cuidadosamente con agitador mec\u00e1nico o a mano con una varilla agitadora realizando movimientos circulares o en forma de ocho, a fin de no incorporar aire, y diluir como convenga al m\u00e9todo de aplicaci\u00f3n elegido. Las temperaturas de aplicaci\u00f3n mencionadas en los datos t\u00e9cnicos se refieren tanto al ambiente como al sustrato a pintar.  Diluci\u00f3n: Agregar a cada litro de fijador sellador \"ROMA\"concentrado hasta 3 litros de agua, dependiendo de la absorci\u00f3n de la superficie a pintar.  M\u00e9todos de aplicaci\u00f3n; Puede ser aplicado con pincel, rodillo o soplete.  -Presentaci\u00f3n: 1,4, 10 y 20 litros. ***************************************************************************************","og_url":"https:\/\/pintureriasvya.com.ar\/index.php\/producto\/sellador-fijador\/","og_site_name":"Pinturerias V y A","article_publisher":"https:\/\/www.facebook.com\/Pinturerias-VyA-119815563196954","article_modified_time":"2024-05-06T03:52:36+00:00","og_image":[{"width":600,"height":600,"url":"http:\/\/pintureriasvya.com.ar\/wp-content\/uploads\/2021\/06\/ptd11.png","type":"image\/png"}],"twitter_card":"summary_large_image","twitter_misc":{"Tiempo de lectura":"2 minutos"},"schema":{"@context":"https:\/\/schema.org","@graph":[{"@type":"WebPage","@id":"https:\/\/pintureriasvya.com.ar\/index.php\/producto\/sellador-fijador\/","url":"https:\/\/pintureriasvya.com.ar\/index.php\/producto\/sellador-fijador\/","name":"Sellador Fijador | Pinturerias V y A","isPartOf":{"@id":"https:\/\/pintureriasvya.com.ar\/#website"},"primaryImageOfPage":{"@id":"https:\/\/pintureriasvya.com.ar\/index.php\/producto\/sellador-fijador\/#primaryimage"},"image":{"@id":"https:\/\/pintureriasvya.com.ar\/index.php\/producto\/sellador-fijador\/#primaryimage"},"thumbnailUrl":"https:\/\/pintureriasvya.com.ar\/wp-content\/uploads\/2021\/06\/ptd11.png","datePublished":"2021-06-08T17:07:34+00:00","dateModified":"2024-05-06T03:52:36+00:00","breadcrumb":{"@id":"https:\/\/pintureriasvya.com.ar\/index.php\/producto\/sellador-fijador\/#breadcrumb"},"inLanguage":"es","potentialAction":[{"@type":"ReadAction","target":["https:\/\/pintureriasvya.com.ar\/index.php\/producto\/sellador-fijador\/"]}]},{"@type":"ImageObject","inLanguage":"es","@id":"https:\/\/pintureriasvya.com.ar\/index.php\/producto\/sellador-fijador\/#primaryimage","url":"https:\/\/pintureriasvya.com.ar\/wp-content\/uploads\/2021\/06\/ptd11.png","contentUrl":"https:\/\/pintureriasvya.com.ar\/wp-content\/uploads\/2021\/06\/ptd11.png","width":600,"height":600},{"@type":"BreadcrumbList","@id":"https:\/\/pintureriasvya.com.ar\/index.php\/producto\/sellador-fijador\/#breadcrumb","itemListElement":[{"@type":"ListItem","position":1,"name":"Portada","item":"https:\/\/pintureriasvya.com.ar\/"},{"@type":"ListItem","position":2,"name":"Tienda","item":"https:\/\/pintureriasvya.com.ar\/index.php\/tienda\/"},{"@type":"ListItem","position":3,"name":"Sellador Fijador"}]},{"@type":"WebSite","@id":"https:\/\/pintureriasvya.com.ar\/#website","url":"https:\/\/pintureriasvya.com.ar\/","name":"Pinturerias V y A","description":"Pinturerias VyA, Trabajamos directo de f\u00e1brica","publisher":{"@id":"https:\/\/pintureriasvya.com.ar\/#organization"},"potentialAction":[{"@type":"SearchAction","target":{"@type":"EntryPoint","urlTemplate":"https:\/\/pintureriasvya.com.ar\/?s={search_term_string}"},"query-input":{"@type":"PropertyValueSpecification","valueRequired":true,"valueName":"search_term_string"}}],"inLanguage":"es"},{"@type":"Organization","@id":"https:\/\/pintureriasvya.com.ar\/#organization","name":"Pinturerias VyA","url":"https:\/\/pintureriasvya.com.ar\/","logo":{"@type":"ImageObject","inLanguage":"es","@id":"https:\/\/pintureriasvya.com.ar\/#\/schema\/logo\/image\/","url":"https:\/\/pintureriasvya.com.ar\/wp-content\/uploads\/2021\/06\/LOGO.png","contentUrl":"https:\/\/pintureriasvya.com.ar\/wp-content\/uploads\/2021\/06\/LOGO.png","width":474,"height":474,"caption":"Pinturerias VyA"},"image":{"@id":"https:\/\/pintureriasvya.com.ar\/#\/schema\/logo\/image\/"},"sameAs":["https:\/\/www.facebook.com\/Pinturerias-VyA-119815563196954","https:\/\/www.instagram.com\/pintureriasvya\/?hl=es-la"]}]}},"_links":{"self":[{"href":"https:\/\/pintureriasvya.com.ar\/index.php\/wp-json\/wp\/v2\/product\/244","targetHints":{"allow":["GET"]}}],"collection":[{"href":"https:\/\/pintureriasvya.com.ar\/index.php\/wp-json\/wp\/v2\/product"}],"about":[{"href":"https:\/\/pintureriasvya.com.ar\/index.php\/wp-json\/wp\/v2\/types\/product"}],"replies":[{"embeddable":true,"href":"https:\/\/pintureriasvya.com.ar\/index.php\/wp-json\/wp\/v2\/comments?post=244"}],"wp:featuredmedia":[{"embeddable":true,"href":"https:\/\/pintureriasvya.com.ar\/index.php\/wp-json\/wp\/v2\/media\/245"}],"wp:attachment":[{"href":"https:\/\/pintureriasvya.com.ar\/index.php\/wp-json\/wp\/v2\/media?parent=244"}],"wp:term":[{"taxonomy":"product_brand","embeddable":true,"href":"https:\/\/pintureriasvya.com.ar\/index.php\/wp-json\/wp\/v2\/product_brand?post=244"},{"taxonomy":"product_cat","embeddable":true,"href":"https:\/\/pintureriasvya.com.ar\/index.php\/wp-json\/wp\/v2\/product_cat?post=244"},{"taxonomy":"product_tag","embeddable":true,"href":"https:\/\/pintureriasvya.com.ar\/index.php\/wp-json\/wp\/v2\/product_tag?post=244"}],"curies":[{"name":"wp","href":"https:\/\/api.w.org\/{rel}","templated":true}]}}