{"id":238,"date":"2021-06-08T17:02:41","date_gmt":"2021-06-08T17:02:41","guid":{"rendered":"https:\/\/pintureriasvya.com.ar\/?post_type=product&#038;p=238"},"modified":"2024-05-06T03:55:58","modified_gmt":"2024-05-06T03:55:58","slug":"latex-colores-dolce","status":"publish","type":"product","link":"https:\/\/pintureriasvya.com.ar\/index.php\/producto\/latex-colores-dolce\/","title":{"rendered":"L\u00e1tex  Dolce Impermeabilizante para Frentes"},"content":{"rendered":"<p>L\u00e1tex Dolce Impermeabilizante para Frentes<\/p>\n<p>Descripci\u00f3n<\/p>\n<p>PINTURA L\u00e1tex Dolce Impermeabilizante para Frentes<\/p>\n<p>-Formulada con materias primas de excelente calidad.<br \/>\n-Acabado de extraordinario poder cubritivo.<br \/>\n-Lavable<br \/>\n-Sin olor a amoniaco.<br \/>\n-Resistente a la formaci\u00f3n de Hongos.<br \/>\n-Muy buena aplicabilidad, terminaci\u00f3n y nivelaci\u00f3n.<br \/>\n-No salpica.<br \/>\n-En Exteriores para pintar en superficies como mamposter\u00eda, hormig\u00f3n, revoque, cemento, ladrillo, fibrocemento, yeso, etc.<br \/>\n-Color blanco.<br \/>\n-Se obtienen colores adicionales con el agregado de entonador universal, usando un m\u00e1ximo de 30 CM2 por litro de pintura.<\/p>\n<p>-APLICACI\u00d3N: Producto listo para usar. A pincel o rodillo, diluyendo con un m\u00e1ximo de 10% de agua si fuera necesario. Los elementos de trabajo deben limpiarse con agua y detergente.<\/p>\n<p>-RENDIMIENTO: De 12 a 14 m2 por litro y por mano seg\u00fan la absorci\u00f3n de la superficie y el color.<\/p>\n<p>-SECADO: 1 hora al tacto. No repintar antes de transcurridas 4 horas.<\/p>\n<p>-ACABADO: BLANCO Mate.<\/p>\n<p>-Presentaci\u00f3n: 1, 4, 10 y 20 litros<br \/>\n\u2014\u2014\u2014\u2014\u2014\u2014\u2014\u2014\u2014\u2014\u2014\u2014\u2014\u2014\u2014\u2014\u2014\u2014\u2014\u2014\u2014\u2014\u2014\u2014\u2014\u2014\u2014\u2014\u2014\u2014\u2014\u2014\u2013<\/p>\n","protected":false},"excerpt":{"rendered":"<p>L\u00e1tex Dolce Impermeabilizante para Frentes<\/p>\n<p>Descripci\u00f3n<\/p>\n<p>PINTURA L\u00e1tex Dolce Impermeabilizante para Frentes<\/p>\n<p>-Formulada con materias primas de excelente calidad.<br \/>\n-Acabado de extraordinario poder cubritivo.<br \/>\n-Lavable<br \/>\n-Sin olor a amoniaco.<br \/>\n-Resistente a la formaci\u00f3n de Hongos.<br \/>\n-Muy buena aplicabilidad, terminaci\u00f3n y nivelaci\u00f3n.<br \/>\n-No salpica.<br \/>\n-En Exteriores para pintar en superficies como mamposter\u00eda, hormig\u00f3n, revoque, cemento, ladrillo, fibrocemento, yeso, etc.<br \/>\n-Color blanco.<br \/>\n-Se obtienen colores adicionales con el agregado de entonador universal, usando un m\u00e1ximo de 30 CM2 por litro de pintura.<\/p>\n<p>-APLICACI\u00d3N: Producto listo para usar. A pincel o rodillo, diluyendo con un m\u00e1ximo de 10% de agua si fuera necesario. Los elementos de trabajo deben limpiarse con agua y detergente.<\/p>\n<p>-RENDIMIENTO: De 12 a 14 m2 por litro y por mano seg\u00fan la absorci\u00f3n de la superficie y el color.<\/p>\n<p>-SECADO: 1 hora al tacto. No repintar antes de transcurridas 4 horas.<\/p>\n<p>-ACABADO: BLANCO Mate.<\/p>\n<p>-Presentaci\u00f3n: 1, 4, 10 y 20 litros<br \/>\n\u2014\u2014\u2014\u2014\u2014\u2014\u2014\u2014\u2014\u2014\u2014\u2014\u2014\u2014\u2014\u2014\u2014\u2014\u2014\u2014\u2014\u2014\u2014\u2014\u2014\u2014\u2014\u2014\u2014\u2014\u2014\u2014\u2013<\/p>\n","protected":false},"featured_media":240,"comment_status":"open","ping_status":"closed","template":"","meta":{"site-sidebar-layout":"default","site-content-layout":"default","ast-site-content-layout":"default","site-content-style":"default","site-sidebar-style":"default","ast-global-header-display":"","ast-banner-title-visibility":"","ast-main-header-display":"","ast-hfb-above-header-display":"","ast-hfb-below-header-display":"","ast-hfb-mobile-header-display":"","site-post-title":"","ast-breadcrumbs-content":"","ast-featured-img":"","footer-sml-layout":"","ast-disable-related-posts":"","theme-transparent-header-meta":"default","adv-header-id-meta":"","stick-header-meta":"","header-above-stick-meta":"","header-main-stick-meta":"","header-below-stick-meta":"","astra-migrate-meta-layouts":"default","ast-page-background-enabled":"default","ast-page-background-meta":{"desktop":{"background-color":"var(--ast-global-color-4)","background-image":"","background-repeat":"repeat","background-position":"center center","background-size":"auto","background-attachment":"scroll","background-type":"","background-media":"","overlay-type":"","overlay-color":"","overlay-opacity":"","overlay-gradient":""},"tablet":{"background-color":"","background-image":"","background-repeat":"repeat","background-position":"center center","background-size":"auto","background-attachment":"scroll","background-type":"","background-media":"","overlay-type":"","overlay-color":"","overlay-opacity":"","overlay-gradient":""},"mobile":{"background-color":"","background-image":"","background-repeat":"repeat","background-position":"center center","background-size":"auto","background-attachment":"scroll","background-type":"","background-media":"","overlay-type":"","overlay-color":"","overlay-opacity":"","overlay-gradient":""}},"ast-content-background-meta":{"desktop":{"background-color":"var(--ast-global-color-5)","background-image":"","background-repeat":"repeat","background-position":"center center","background-size":"auto","background-attachment":"scroll","background-type":"","background-media":"","overlay-type":"","overlay-color":"","overlay-opacity":"","overlay-gradient":""},"tablet":{"background-color":"var(--ast-global-color-5)","background-image":"","background-repeat":"repeat","background-position":"center center","background-size":"auto","background-attachment":"scroll","background-type":"","background-media":"","overlay-type":"","overlay-color":"","overlay-opacity":"","overlay-gradient":""},"mobile":{"background-color":"var(--ast-global-color-5)","background-image":"","background-repeat":"repeat","background-position":"center center","background-size":"auto","background-attachment":"scroll","background-type":"","background-media":"","overlay-type":"","overlay-color":"","overlay-opacity":"","overlay-gradient":""}},"_joinchat":[]},"product_brand":[],"product_cat":[26,22,21,29,17],"product_tag":[38,35,42,55],"class_list":{"0":"post-238","1":"product","2":"type-product","3":"status-publish","4":"has-post-thumbnail","6":"product_cat-impermeabilizastes","7":"product_cat-latex-colores-exterior","8":"product_cat-latex-colores-interior","9":"product_cat-ofertas-de-pinturas","10":"product_cat-pinturas","11":"product_tag-impermeabilizastes","12":"product_tag-latex-colores-interior","13":"product_tag-ofertas-de-pinturas","14":"product_tag-ofertas-de-pinturas-por-4-litros","15":"desktop-align-left","16":"tablet-align-left","17":"mobile-align-left","19":"first","20":"instock","21":"taxable","22":"shipping-taxable","23":"purchasable","24":"product-type-simple"},"yoast_head":"<!-- This site is optimized with the Yoast SEO plugin v27.4 - https:\/\/yoast.com\/product\/yoast-seo-wordpress\/ -->\n<title>L\u00e1tex Dolce Impermeabilizante para Frentes | Pinturerias V y A<\/title>\n<meta name=\"robots\" content=\"index, follow, max-snippet:-1, max-image-preview:large, max-video-preview:-1\" \/>\n<link rel=\"canonical\" href=\"https:\/\/pintureriasvya.com.ar\/index.php\/producto\/latex-colores-dolce\/\" \/>\n<meta property=\"og:locale\" content=\"es_ES\" \/>\n<meta property=\"og:type\" content=\"article\" \/>\n<meta property=\"og:title\" content=\"L\u00e1tex Dolce Impermeabilizante para Frentes | Pinturerias V y A\" \/>\n<meta property=\"og:description\" content=\"L\u00e1tex Dolce Impermeabilizante para Frentes  Descripci\u00f3n  PINTURA L\u00e1tex Dolce Impermeabilizante para Frentes  -Formulada con materias primas de excelente calidad. -Acabado de extraordinario poder cubritivo. -Lavable -Sin olor a amoniaco. -Resistente a la formaci\u00f3n de Hongos. -Muy buena aplicabilidad, terminaci\u00f3n y nivelaci\u00f3n. -No salpica. -En Exteriores para pintar en superficies como mamposter\u00eda, hormig\u00f3n, revoque, cemento, ladrillo, fibrocemento, yeso, etc. -Color blanco. -Se obtienen colores adicionales con el agregado de entonador universal, usando un m\u00e1ximo de 30 CM2 por litro de pintura.  -APLICACI\u00d3N: Producto listo para usar. A pincel o rodillo, diluyendo con un m\u00e1ximo de 10% de agua si fuera necesario. Los elementos de trabajo deben limpiarse con agua y detergente.  -RENDIMIENTO: De 12 a 14 m2 por litro y por mano seg\u00fan la absorci\u00f3n de la superficie y el color.  -SECADO: 1 hora al tacto. No repintar antes de transcurridas 4 horas.  -ACABADO: BLANCO Mate.  -Presentaci\u00f3n: 1, 4, 10 y 20 litros \u2014\u2014\u2014\u2014\u2014\u2014\u2014\u2014\u2014\u2014\u2014\u2014\u2014\u2014\u2014\u2014\u2014\u2014\u2014\u2014\u2014\u2014\u2014\u2014\u2014\u2014\u2014\u2014\u2014\u2014\u2014\u2014\u2013\" \/>\n<meta property=\"og:url\" content=\"https:\/\/pintureriasvya.com.ar\/index.php\/producto\/latex-colores-dolce\/\" \/>\n<meta property=\"og:site_name\" content=\"Pinturerias V y A\" \/>\n<meta property=\"article:publisher\" content=\"https:\/\/www.facebook.com\/Pinturerias-VyA-119815563196954\" \/>\n<meta property=\"article:modified_time\" content=\"2024-05-06T03:55:58+00:00\" \/>\n<meta property=\"og:image\" content=\"http:\/\/pintureriasvya.com.ar\/wp-content\/uploads\/2021\/06\/ptd12.png\" \/>\n\t<meta property=\"og:image:width\" content=\"600\" \/>\n\t<meta property=\"og:image:height\" content=\"600\" \/>\n\t<meta property=\"og:image:type\" content=\"image\/png\" \/>\n<meta name=\"twitter:card\" content=\"summary_large_image\" \/>\n<meta name=\"twitter:label1\" content=\"Tiempo de lectura\" \/>\n\t<meta name=\"twitter:data1\" content=\"1 minuto\" \/>\n<script type=\"application\/ld+json\" class=\"yoast-schema-graph\">{\"@context\":\"https:\\\/\\\/schema.org\",\"@graph\":[{\"@type\":\"WebPage\",\"@id\":\"https:\\\/\\\/pintureriasvya.com.ar\\\/index.php\\\/producto\\\/latex-colores-dolce\\\/\",\"url\":\"https:\\\/\\\/pintureriasvya.com.ar\\\/index.php\\\/producto\\\/latex-colores-dolce\\\/\",\"name\":\"L\u00e1tex Dolce Impermeabilizante para Frentes | Pinturerias V y A\",\"isPartOf\":{\"@id\":\"https:\\\/\\\/pintureriasvya.com.ar\\\/#website\"},\"primaryImageOfPage\":{\"@id\":\"https:\\\/\\\/pintureriasvya.com.ar\\\/index.php\\\/producto\\\/latex-colores-dolce\\\/#primaryimage\"},\"image\":{\"@id\":\"https:\\\/\\\/pintureriasvya.com.ar\\\/index.php\\\/producto\\\/latex-colores-dolce\\\/#primaryimage\"},\"thumbnailUrl\":\"https:\\\/\\\/pintureriasvya.com.ar\\\/wp-content\\\/uploads\\\/2021\\\/06\\\/ptd12.png\",\"datePublished\":\"2021-06-08T17:02:41+00:00\",\"dateModified\":\"2024-05-06T03:55:58+00:00\",\"breadcrumb\":{\"@id\":\"https:\\\/\\\/pintureriasvya.com.ar\\\/index.php\\\/producto\\\/latex-colores-dolce\\\/#breadcrumb\"},\"inLanguage\":\"es\",\"potentialAction\":[{\"@type\":\"ReadAction\",\"target\":[\"https:\\\/\\\/pintureriasvya.com.ar\\\/index.php\\\/producto\\\/latex-colores-dolce\\\/\"]}]},{\"@type\":\"ImageObject\",\"inLanguage\":\"es\",\"@id\":\"https:\\\/\\\/pintureriasvya.com.ar\\\/index.php\\\/producto\\\/latex-colores-dolce\\\/#primaryimage\",\"url\":\"https:\\\/\\\/pintureriasvya.com.ar\\\/wp-content\\\/uploads\\\/2021\\\/06\\\/ptd12.png\",\"contentUrl\":\"https:\\\/\\\/pintureriasvya.com.ar\\\/wp-content\\\/uploads\\\/2021\\\/06\\\/ptd12.png\",\"width\":600,\"height\":600},{\"@type\":\"BreadcrumbList\",\"@id\":\"https:\\\/\\\/pintureriasvya.com.ar\\\/index.php\\\/producto\\\/latex-colores-dolce\\\/#breadcrumb\",\"itemListElement\":[{\"@type\":\"ListItem\",\"position\":1,\"name\":\"Portada\",\"item\":\"https:\\\/\\\/pintureriasvya.com.ar\\\/\"},{\"@type\":\"ListItem\",\"position\":2,\"name\":\"Tienda\",\"item\":\"https:\\\/\\\/pintureriasvya.com.ar\\\/index.php\\\/tienda\\\/\"},{\"@type\":\"ListItem\",\"position\":3,\"name\":\"L\u00e1tex Dolce Impermeabilizante para Frentes\"}]},{\"@type\":\"WebSite\",\"@id\":\"https:\\\/\\\/pintureriasvya.com.ar\\\/#website\",\"url\":\"https:\\\/\\\/pintureriasvya.com.ar\\\/\",\"name\":\"Pinturerias V y A\",\"description\":\"Pinturerias VyA, Trabajamos directo de f\u00e1brica\",\"publisher\":{\"@id\":\"https:\\\/\\\/pintureriasvya.com.ar\\\/#organization\"},\"potentialAction\":[{\"@type\":\"SearchAction\",\"target\":{\"@type\":\"EntryPoint\",\"urlTemplate\":\"https:\\\/\\\/pintureriasvya.com.ar\\\/?s={search_term_string}\"},\"query-input\":{\"@type\":\"PropertyValueSpecification\",\"valueRequired\":true,\"valueName\":\"search_term_string\"}}],\"inLanguage\":\"es\"},{\"@type\":\"Organization\",\"@id\":\"https:\\\/\\\/pintureriasvya.com.ar\\\/#organization\",\"name\":\"Pinturerias VyA\",\"url\":\"https:\\\/\\\/pintureriasvya.com.ar\\\/\",\"logo\":{\"@type\":\"ImageObject\",\"inLanguage\":\"es\",\"@id\":\"https:\\\/\\\/pintureriasvya.com.ar\\\/#\\\/schema\\\/logo\\\/image\\\/\",\"url\":\"https:\\\/\\\/pintureriasvya.com.ar\\\/wp-content\\\/uploads\\\/2021\\\/06\\\/LOGO.png\",\"contentUrl\":\"https:\\\/\\\/pintureriasvya.com.ar\\\/wp-content\\\/uploads\\\/2021\\\/06\\\/LOGO.png\",\"width\":474,\"height\":474,\"caption\":\"Pinturerias VyA\"},\"image\":{\"@id\":\"https:\\\/\\\/pintureriasvya.com.ar\\\/#\\\/schema\\\/logo\\\/image\\\/\"},\"sameAs\":[\"https:\\\/\\\/www.facebook.com\\\/Pinturerias-VyA-119815563196954\",\"https:\\\/\\\/www.instagram.com\\\/pintureriasvya\\\/?hl=es-la\"]}]}<\/script>\n<!-- \/ Yoast SEO plugin. -->","yoast_head_json":{"title":"L\u00e1tex Dolce Impermeabilizante para Frentes | Pinturerias V y A","robots":{"index":"index","follow":"follow","max-snippet":"max-snippet:-1","max-image-preview":"max-image-preview:large","max-video-preview":"max-video-preview:-1"},"canonical":"https:\/\/pintureriasvya.com.ar\/index.php\/producto\/latex-colores-dolce\/","og_locale":"es_ES","og_type":"article","og_title":"L\u00e1tex Dolce Impermeabilizante para Frentes | Pinturerias V y A","og_description":"L\u00e1tex Dolce Impermeabilizante para Frentes  Descripci\u00f3n  PINTURA L\u00e1tex Dolce Impermeabilizante para Frentes  -Formulada con materias primas de excelente calidad. -Acabado de extraordinario poder cubritivo. -Lavable -Sin olor a amoniaco. -Resistente a la formaci\u00f3n de Hongos. -Muy buena aplicabilidad, terminaci\u00f3n y nivelaci\u00f3n. -No salpica. -En Exteriores para pintar en superficies como mamposter\u00eda, hormig\u00f3n, revoque, cemento, ladrillo, fibrocemento, yeso, etc. -Color blanco. -Se obtienen colores adicionales con el agregado de entonador universal, usando un m\u00e1ximo de 30 CM2 por litro de pintura.  -APLICACI\u00d3N: Producto listo para usar. A pincel o rodillo, diluyendo con un m\u00e1ximo de 10% de agua si fuera necesario. Los elementos de trabajo deben limpiarse con agua y detergente.  -RENDIMIENTO: De 12 a 14 m2 por litro y por mano seg\u00fan la absorci\u00f3n de la superficie y el color.  -SECADO: 1 hora al tacto. No repintar antes de transcurridas 4 horas.  -ACABADO: BLANCO Mate.  -Presentaci\u00f3n: 1, 4, 10 y 20 litros \u2014\u2014\u2014\u2014\u2014\u2014\u2014\u2014\u2014\u2014\u2014\u2014\u2014\u2014\u2014\u2014\u2014\u2014\u2014\u2014\u2014\u2014\u2014\u2014\u2014\u2014\u2014\u2014\u2014\u2014\u2014\u2014\u2013","og_url":"https:\/\/pintureriasvya.com.ar\/index.php\/producto\/latex-colores-dolce\/","og_site_name":"Pinturerias V y A","article_publisher":"https:\/\/www.facebook.com\/Pinturerias-VyA-119815563196954","article_modified_time":"2024-05-06T03:55:58+00:00","og_image":[{"width":600,"height":600,"url":"http:\/\/pintureriasvya.com.ar\/wp-content\/uploads\/2021\/06\/ptd12.png","type":"image\/png"}],"twitter_card":"summary_large_image","twitter_misc":{"Tiempo de lectura":"1 minuto"},"schema":{"@context":"https:\/\/schema.org","@graph":[{"@type":"WebPage","@id":"https:\/\/pintureriasvya.com.ar\/index.php\/producto\/latex-colores-dolce\/","url":"https:\/\/pintureriasvya.com.ar\/index.php\/producto\/latex-colores-dolce\/","name":"L\u00e1tex Dolce Impermeabilizante para Frentes | Pinturerias V y A","isPartOf":{"@id":"https:\/\/pintureriasvya.com.ar\/#website"},"primaryImageOfPage":{"@id":"https:\/\/pintureriasvya.com.ar\/index.php\/producto\/latex-colores-dolce\/#primaryimage"},"image":{"@id":"https:\/\/pintureriasvya.com.ar\/index.php\/producto\/latex-colores-dolce\/#primaryimage"},"thumbnailUrl":"https:\/\/pintureriasvya.com.ar\/wp-content\/uploads\/2021\/06\/ptd12.png","datePublished":"2021-06-08T17:02:41+00:00","dateModified":"2024-05-06T03:55:58+00:00","breadcrumb":{"@id":"https:\/\/pintureriasvya.com.ar\/index.php\/producto\/latex-colores-dolce\/#breadcrumb"},"inLanguage":"es","potentialAction":[{"@type":"ReadAction","target":["https:\/\/pintureriasvya.com.ar\/index.php\/producto\/latex-colores-dolce\/"]}]},{"@type":"ImageObject","inLanguage":"es","@id":"https:\/\/pintureriasvya.com.ar\/index.php\/producto\/latex-colores-dolce\/#primaryimage","url":"https:\/\/pintureriasvya.com.ar\/wp-content\/uploads\/2021\/06\/ptd12.png","contentUrl":"https:\/\/pintureriasvya.com.ar\/wp-content\/uploads\/2021\/06\/ptd12.png","width":600,"height":600},{"@type":"BreadcrumbList","@id":"https:\/\/pintureriasvya.com.ar\/index.php\/producto\/latex-colores-dolce\/#breadcrumb","itemListElement":[{"@type":"ListItem","position":1,"name":"Portada","item":"https:\/\/pintureriasvya.com.ar\/"},{"@type":"ListItem","position":2,"name":"Tienda","item":"https:\/\/pintureriasvya.com.ar\/index.php\/tienda\/"},{"@type":"ListItem","position":3,"name":"L\u00e1tex Dolce Impermeabilizante para Frentes"}]},{"@type":"WebSite","@id":"https:\/\/pintureriasvya.com.ar\/#website","url":"https:\/\/pintureriasvya.com.ar\/","name":"Pinturerias V y A","description":"Pinturerias VyA, Trabajamos directo de f\u00e1brica","publisher":{"@id":"https:\/\/pintureriasvya.com.ar\/#organization"},"potentialAction":[{"@type":"SearchAction","target":{"@type":"EntryPoint","urlTemplate":"https:\/\/pintureriasvya.com.ar\/?s={search_term_string}"},"query-input":{"@type":"PropertyValueSpecification","valueRequired":true,"valueName":"search_term_string"}}],"inLanguage":"es"},{"@type":"Organization","@id":"https:\/\/pintureriasvya.com.ar\/#organization","name":"Pinturerias VyA","url":"https:\/\/pintureriasvya.com.ar\/","logo":{"@type":"ImageObject","inLanguage":"es","@id":"https:\/\/pintureriasvya.com.ar\/#\/schema\/logo\/image\/","url":"https:\/\/pintureriasvya.com.ar\/wp-content\/uploads\/2021\/06\/LOGO.png","contentUrl":"https:\/\/pintureriasvya.com.ar\/wp-content\/uploads\/2021\/06\/LOGO.png","width":474,"height":474,"caption":"Pinturerias VyA"},"image":{"@id":"https:\/\/pintureriasvya.com.ar\/#\/schema\/logo\/image\/"},"sameAs":["https:\/\/www.facebook.com\/Pinturerias-VyA-119815563196954","https:\/\/www.instagram.com\/pintureriasvya\/?hl=es-la"]}]}},"_links":{"self":[{"href":"https:\/\/pintureriasvya.com.ar\/index.php\/wp-json\/wp\/v2\/product\/238","targetHints":{"allow":["GET"]}}],"collection":[{"href":"https:\/\/pintureriasvya.com.ar\/index.php\/wp-json\/wp\/v2\/product"}],"about":[{"href":"https:\/\/pintureriasvya.com.ar\/index.php\/wp-json\/wp\/v2\/types\/product"}],"replies":[{"embeddable":true,"href":"https:\/\/pintureriasvya.com.ar\/index.php\/wp-json\/wp\/v2\/comments?post=238"}],"wp:featuredmedia":[{"embeddable":true,"href":"https:\/\/pintureriasvya.com.ar\/index.php\/wp-json\/wp\/v2\/media\/240"}],"wp:attachment":[{"href":"https:\/\/pintureriasvya.com.ar\/index.php\/wp-json\/wp\/v2\/media?parent=238"}],"wp:term":[{"taxonomy":"product_brand","embeddable":true,"href":"https:\/\/pintureriasvya.com.ar\/index.php\/wp-json\/wp\/v2\/product_brand?post=238"},{"taxonomy":"product_cat","embeddable":true,"href":"https:\/\/pintureriasvya.com.ar\/index.php\/wp-json\/wp\/v2\/product_cat?post=238"},{"taxonomy":"product_tag","embeddable":true,"href":"https:\/\/pintureriasvya.com.ar\/index.php\/wp-json\/wp\/v2\/product_tag?post=238"}],"curies":[{"name":"wp","href":"https:\/\/api.w.org\/{rel}","templated":true}]}}