{"id":226,"date":"2021-06-08T16:57:01","date_gmt":"2021-06-08T16:57:01","guid":{"rendered":"https:\/\/pintureriasvya.com.ar\/?post_type=product&#038;p=226"},"modified":"2024-05-06T03:57:50","modified_gmt":"2024-05-06T03:57:50","slug":"enduido-interior-roma","status":"publish","type":"product","link":"https:\/\/pintureriasvya.com.ar\/index.php\/producto\/enduido-interior-roma\/","title":{"rendered":"Enduido interior Roma"},"content":{"rendered":"<p>Enduido interior Roma<\/p>\n<p>Descripci\u00f3n<\/p>\n<p>Caracter\u00edsticas generales<br \/>\nEnduido pl\u00e1stico formulado para eliminar imperfecciones, nivelar texturas, fisuras de peque\u00f1o tama\u00f1o, de modo de obtener una terminaci\u00f3n homog\u00e9nea, alisado total o parcialmente de las superficies de yeso, revoque etc. No es indicado para rellenar pozos o grietas ni para desniveles mayores a 1mm. SIEMPRE REQUIERE PINTURA DE TERMINACI\u00d3N.<br \/>\nMODO DE USO:<br \/>\nTRATAMIENTO PREVIO: Limpiar la superficie de modo de eliminar suciedad, grasitud , restos de adhesivo, hongos (Con soluci\u00f3n de lavandina al 10%), polvillo y partes flojas o descascaradas de materiales preexistentes. No deber\u00e1n quedar sobre la superficie restos de productos, utilizados para la limpieza. En repintados eliminar con esp\u00e1tula todo resto de pintar anterior que no este firme, ampollas o bien desprendimientos parciales.<br \/>\nPAREDES NUEVAS O PARCHES: Deben tener un tiempo m\u00ednimo de curado de 1 a 3 meses en exterior u de 3 a 6 meses en interior hasta quedar libres de alcalinidad. Si debe pintar inmediatamente, efectuar un lavado previo con soluci\u00f3n de \u00e1cido muri\u00e1tico al 10% de agua, enjuagar abundantemente y dejar secar por lo menos 48 hs. PAREDES CON PRESENCIA.<br \/>\nDE HUMEDAD NO PINTAR HASTA TENER SOLUCIONADO EL PROBLEMA<br \/>\n1- Sobre paredes nuevas o de absorci\u00f3n despareja, dar una mano previa de Sellador Fijador Roma diluido seg\u00fan sus instrucciones (No debe quedar brillo, caso contrario lijar).<br \/>\n2- Aplicar enduido Roma con esp\u00e1tula o llana esparciendo y quitando lo excesos de la esp\u00e1tula, tratando de obtener una superficie lisa. Emparejar mediante lijado en seco y eliminar cuidadosamente el polvillo resultante.<br \/>\n3- Repita este proceso hasta obtener la uniformidad deseada. Volver a aplicar Sellador Fijador Roma adecuadamente diluido sobre las zonas enduidas.<br \/>\n4- Para exteriores utilizar Sellador Fijador Roma previo a la aplicaci\u00f3n de Enduido Roma.<\/p>\n<p>Presentaciones<br \/>\n1 \u2013 4 -10- 20<\/p>\n","protected":false},"excerpt":{"rendered":"<p>Descripci\u00f3n<\/p>\n<p>Caracter\u00edsticas generales<br \/>\nEnduido pl\u00e1stico formulado para eliminar imperfecciones, nivelar texturas, fisuras de peque\u00f1o tama\u00f1o, de modo de obtener una terminaci\u00f3n homog\u00e9nea, alisado total o parcialmente de las superficies de yeso, revoque etc. No es indicado para rellenar pozos o grietas ni para desniveles mayores a 1mm. SIEMPRE REQUIERE PINTURA DE TERMINACI\u00d3N.<br \/>\nMODO DE USO:<br \/>\nTRATAMIENTO PREVIO: Limpiar la superficie de modo de eliminar suciedad, grasitud , restos de adhesivo, hongos (Con soluci\u00f3n de lavandina al 10%), polvillo y partes flojas o descascaradas de materiales preexistentes. No deber\u00e1n quedar sobre la superficie restos de productos, utilizados para la limpieza. En repintados eliminar con esp\u00e1tula todo resto de pintar anterior que no este firme, ampollas o bien desprendimientos parciales.<br \/>\nPAREDES NUEVAS O PARCHES: Deben tener un tiempo m\u00ednimo de curado de 1 a 3 meses en exterior u de 3 a 6 meses en interior hasta quedar libres de alcalinidad. Si debe pintar inmediatamente, efectuar un lavado previo con soluci\u00f3n de \u00e1cido muri\u00e1tico al 10% de agua, enjuagar abundantemente y dejar secar por lo menos 48 hs. PAREDES CON PRESENCIA.<br \/>\nDE HUMEDAD NO PINTAR HASTA TENER SOLUCIONADO EL PROBLEMA<br \/>\n1- Sobre paredes nuevas o de absorci\u00f3n despareja, dar una mano previa de Sellador Fijador Roma diluido seg\u00fan sus instrucciones (No debe quedar brillo, caso contrario lijar).<br \/>\n2- Aplicar enduido Roma con esp\u00e1tula o llana esparciendo y quitando lo excesos de la esp\u00e1tula, tratando de obtener una superficie lisa. Emparejar mediante lijado en seco y eliminar cuidadosamente el polvillo resultante.<br \/>\n3- Repita este proceso hasta obtener la uniformidad deseada. Volver a aplicar Sellador Fijador Roma adecuadamente diluido sobre las zonas enduidas.<br \/>\n4- Para exteriores utilizar Sellador Fijador Roma previo a la aplicaci\u00f3n de Enduido Roma.<\/p>\n<p>Presentaciones<br \/>\n1 \u2013 4 -10- 20<\/p>\n","protected":false},"featured_media":284,"comment_status":"open","ping_status":"closed","template":"","meta":{"site-sidebar-layout":"default","site-content-layout":"default","ast-site-content-layout":"default","site-content-style":"default","site-sidebar-style":"default","ast-global-header-display":"","ast-banner-title-visibility":"","ast-main-header-display":"","ast-hfb-above-header-display":"","ast-hfb-below-header-display":"","ast-hfb-mobile-header-display":"","site-post-title":"","ast-breadcrumbs-content":"","ast-featured-img":"","footer-sml-layout":"","ast-disable-related-posts":"","theme-transparent-header-meta":"default","adv-header-id-meta":"","stick-header-meta":"","header-above-stick-meta":"","header-main-stick-meta":"","header-below-stick-meta":"","astra-migrate-meta-layouts":"default","ast-page-background-enabled":"default","ast-page-background-meta":{"desktop":{"background-color":"var(--ast-global-color-4)","background-image":"","background-repeat":"repeat","background-position":"center center","background-size":"auto","background-attachment":"scroll","background-type":"","background-media":"","overlay-type":"","overlay-color":"","overlay-opacity":"","overlay-gradient":""},"tablet":{"background-color":"","background-image":"","background-repeat":"repeat","background-position":"center center","background-size":"auto","background-attachment":"scroll","background-type":"","background-media":"","overlay-type":"","overlay-color":"","overlay-opacity":"","overlay-gradient":""},"mobile":{"background-color":"","background-image":"","background-repeat":"repeat","background-position":"center center","background-size":"auto","background-attachment":"scroll","background-type":"","background-media":"","overlay-type":"","overlay-color":"","overlay-opacity":"","overlay-gradient":""}},"ast-content-background-meta":{"desktop":{"background-color":"var(--ast-global-color-5)","background-image":"","background-repeat":"repeat","background-position":"center center","background-size":"auto","background-attachment":"scroll","background-type":"","background-media":"","overlay-type":"","overlay-color":"","overlay-opacity":"","overlay-gradient":""},"tablet":{"background-color":"var(--ast-global-color-5)","background-image":"","background-repeat":"repeat","background-position":"center center","background-size":"auto","background-attachment":"scroll","background-type":"","background-media":"","overlay-type":"","overlay-color":"","overlay-opacity":"","overlay-gradient":""},"mobile":{"background-color":"var(--ast-global-color-5)","background-image":"","background-repeat":"repeat","background-position":"center center","background-size":"auto","background-attachment":"scroll","background-type":"","background-media":"","overlay-type":"","overlay-color":"","overlay-opacity":"","overlay-gradient":""}},"_joinchat":[]},"product_brand":[],"product_cat":[46,29,17],"product_tag":[59],"class_list":{"0":"post-226","1":"product","2":"type-product","3":"status-publish","4":"has-post-thumbnail","6":"product_cat-enduidos","7":"product_cat-ofertas-de-pinturas","8":"product_cat-pinturas","9":"product_tag-valor-por-4-litros","10":"desktop-align-left","11":"tablet-align-left","12":"mobile-align-left","14":"first","15":"instock","16":"taxable","17":"shipping-taxable","18":"purchasable","19":"product-type-simple"},"yoast_head":"<!-- This site is optimized with the Yoast SEO plugin v27.5 - https:\/\/yoast.com\/product\/yoast-seo-wordpress\/ -->\n<title>Enduido interior Roma | Pinturerias V y A<\/title>\n<meta name=\"robots\" content=\"index, follow, max-snippet:-1, max-image-preview:large, max-video-preview:-1\" \/>\n<link rel=\"canonical\" href=\"https:\/\/pintureriasvya.com.ar\/index.php\/producto\/enduido-interior-roma\/\" \/>\n<meta property=\"og:locale\" content=\"es_ES\" \/>\n<meta property=\"og:type\" content=\"article\" \/>\n<meta property=\"og:title\" content=\"Enduido interior Roma | Pinturerias V y A\" \/>\n<meta property=\"og:description\" content=\"Descripci\u00f3n  Caracter\u00edsticas generales Enduido pl\u00e1stico formulado para eliminar imperfecciones, nivelar texturas, fisuras de peque\u00f1o tama\u00f1o, de modo de obtener una terminaci\u00f3n homog\u00e9nea, alisado total o parcialmente de las superficies de yeso, revoque etc. No es indicado para rellenar pozos o grietas ni para desniveles mayores a 1mm. SIEMPRE REQUIERE PINTURA DE TERMINACI\u00d3N. MODO DE USO: TRATAMIENTO PREVIO: Limpiar la superficie de modo de eliminar suciedad, grasitud , restos de adhesivo, hongos (Con soluci\u00f3n de lavandina al 10%), polvillo y partes flojas o descascaradas de materiales preexistentes. No deber\u00e1n quedar sobre la superficie restos de productos, utilizados para la limpieza. En repintados eliminar con esp\u00e1tula todo resto de pintar anterior que no este firme, ampollas o bien desprendimientos parciales. PAREDES NUEVAS O PARCHES: Deben tener un tiempo m\u00ednimo de curado de 1 a 3 meses en exterior u de 3 a 6 meses en interior hasta quedar libres de alcalinidad. Si debe pintar inmediatamente, efectuar un lavado previo con soluci\u00f3n de \u00e1cido muri\u00e1tico al 10% de agua, enjuagar abundantemente y dejar secar por lo menos 48 hs. PAREDES CON PRESENCIA. DE HUMEDAD NO PINTAR HASTA TENER SOLUCIONADO EL PROBLEMA 1- Sobre paredes nuevas o de absorci\u00f3n despareja, dar una mano previa de Sellador Fijador Roma diluido seg\u00fan sus instrucciones (No debe quedar brillo, caso contrario lijar). 2- Aplicar enduido Roma con esp\u00e1tula o llana esparciendo y quitando lo excesos de la esp\u00e1tula, tratando de obtener una superficie lisa. Emparejar mediante lijado en seco y eliminar cuidadosamente el polvillo resultante. 3- Repita este proceso hasta obtener la uniformidad deseada. Volver a aplicar Sellador Fijador Roma adecuadamente diluido sobre las zonas enduidas. 4- Para exteriores utilizar Sellador Fijador Roma previo a la aplicaci\u00f3n de Enduido Roma.  Presentaciones 1 \u2013 4 -10- 20\" \/>\n<meta property=\"og:url\" content=\"https:\/\/pintureriasvya.com.ar\/index.php\/producto\/enduido-interior-roma\/\" \/>\n<meta property=\"og:site_name\" content=\"Pinturerias V y A\" \/>\n<meta property=\"article:publisher\" content=\"https:\/\/www.facebook.com\/Pinturerias-VyA-119815563196954\" \/>\n<meta property=\"article:modified_time\" content=\"2024-05-06T03:57:50+00:00\" \/>\n<meta property=\"og:image\" content=\"http:\/\/pintureriasvya.com.ar\/wp-content\/uploads\/2021\/06\/ENDUIDO-INTERIOR.jpg\" \/>\n\t<meta property=\"og:image:width\" content=\"313\" \/>\n\t<meta property=\"og:image:height\" content=\"431\" \/>\n\t<meta property=\"og:image:type\" content=\"image\/jpeg\" \/>\n<meta name=\"twitter:card\" content=\"summary_large_image\" \/>\n<meta name=\"twitter:label1\" content=\"Tiempo de lectura\" \/>\n\t<meta name=\"twitter:data1\" content=\"2 minutos\" \/>\n<script type=\"application\/ld+json\" class=\"yoast-schema-graph\">{\"@context\":\"https:\\\/\\\/schema.org\",\"@graph\":[{\"@type\":\"WebPage\",\"@id\":\"https:\\\/\\\/pintureriasvya.com.ar\\\/index.php\\\/producto\\\/enduido-interior-roma\\\/\",\"url\":\"https:\\\/\\\/pintureriasvya.com.ar\\\/index.php\\\/producto\\\/enduido-interior-roma\\\/\",\"name\":\"Enduido interior Roma | Pinturerias V y A\",\"isPartOf\":{\"@id\":\"https:\\\/\\\/pintureriasvya.com.ar\\\/#website\"},\"primaryImageOfPage\":{\"@id\":\"https:\\\/\\\/pintureriasvya.com.ar\\\/index.php\\\/producto\\\/enduido-interior-roma\\\/#primaryimage\"},\"image\":{\"@id\":\"https:\\\/\\\/pintureriasvya.com.ar\\\/index.php\\\/producto\\\/enduido-interior-roma\\\/#primaryimage\"},\"thumbnailUrl\":\"https:\\\/\\\/pintureriasvya.com.ar\\\/wp-content\\\/uploads\\\/2021\\\/06\\\/ENDUIDO-INTERIOR.jpg\",\"datePublished\":\"2021-06-08T16:57:01+00:00\",\"dateModified\":\"2024-05-06T03:57:50+00:00\",\"breadcrumb\":{\"@id\":\"https:\\\/\\\/pintureriasvya.com.ar\\\/index.php\\\/producto\\\/enduido-interior-roma\\\/#breadcrumb\"},\"inLanguage\":\"es\",\"potentialAction\":[{\"@type\":\"ReadAction\",\"target\":[\"https:\\\/\\\/pintureriasvya.com.ar\\\/index.php\\\/producto\\\/enduido-interior-roma\\\/\"]}]},{\"@type\":\"ImageObject\",\"inLanguage\":\"es\",\"@id\":\"https:\\\/\\\/pintureriasvya.com.ar\\\/index.php\\\/producto\\\/enduido-interior-roma\\\/#primaryimage\",\"url\":\"https:\\\/\\\/pintureriasvya.com.ar\\\/wp-content\\\/uploads\\\/2021\\\/06\\\/ENDUIDO-INTERIOR.jpg\",\"contentUrl\":\"https:\\\/\\\/pintureriasvya.com.ar\\\/wp-content\\\/uploads\\\/2021\\\/06\\\/ENDUIDO-INTERIOR.jpg\",\"width\":313,\"height\":431,\"caption\":\"ENDUIDO INTERIOR\"},{\"@type\":\"BreadcrumbList\",\"@id\":\"https:\\\/\\\/pintureriasvya.com.ar\\\/index.php\\\/producto\\\/enduido-interior-roma\\\/#breadcrumb\",\"itemListElement\":[{\"@type\":\"ListItem\",\"position\":1,\"name\":\"Portada\",\"item\":\"https:\\\/\\\/pintureriasvya.com.ar\\\/\"},{\"@type\":\"ListItem\",\"position\":2,\"name\":\"Tienda\",\"item\":\"https:\\\/\\\/pintureriasvya.com.ar\\\/index.php\\\/tienda\\\/\"},{\"@type\":\"ListItem\",\"position\":3,\"name\":\"Enduido interior Roma\"}]},{\"@type\":\"WebSite\",\"@id\":\"https:\\\/\\\/pintureriasvya.com.ar\\\/#website\",\"url\":\"https:\\\/\\\/pintureriasvya.com.ar\\\/\",\"name\":\"Pinturerias V y A\",\"description\":\"Pinturerias VyA, Trabajamos directo de f\u00e1brica\",\"publisher\":{\"@id\":\"https:\\\/\\\/pintureriasvya.com.ar\\\/#organization\"},\"potentialAction\":[{\"@type\":\"SearchAction\",\"target\":{\"@type\":\"EntryPoint\",\"urlTemplate\":\"https:\\\/\\\/pintureriasvya.com.ar\\\/?s={search_term_string}\"},\"query-input\":{\"@type\":\"PropertyValueSpecification\",\"valueRequired\":true,\"valueName\":\"search_term_string\"}}],\"inLanguage\":\"es\"},{\"@type\":\"Organization\",\"@id\":\"https:\\\/\\\/pintureriasvya.com.ar\\\/#organization\",\"name\":\"Pinturerias VyA\",\"url\":\"https:\\\/\\\/pintureriasvya.com.ar\\\/\",\"logo\":{\"@type\":\"ImageObject\",\"inLanguage\":\"es\",\"@id\":\"https:\\\/\\\/pintureriasvya.com.ar\\\/#\\\/schema\\\/logo\\\/image\\\/\",\"url\":\"https:\\\/\\\/pintureriasvya.com.ar\\\/wp-content\\\/uploads\\\/2021\\\/06\\\/LOGO.png\",\"contentUrl\":\"https:\\\/\\\/pintureriasvya.com.ar\\\/wp-content\\\/uploads\\\/2021\\\/06\\\/LOGO.png\",\"width\":474,\"height\":474,\"caption\":\"Pinturerias VyA\"},\"image\":{\"@id\":\"https:\\\/\\\/pintureriasvya.com.ar\\\/#\\\/schema\\\/logo\\\/image\\\/\"},\"sameAs\":[\"https:\\\/\\\/www.facebook.com\\\/Pinturerias-VyA-119815563196954\",\"https:\\\/\\\/www.instagram.com\\\/pintureriasvya\\\/?hl=es-la\"]}]}<\/script>\n<!-- \/ Yoast SEO plugin. -->","yoast_head_json":{"title":"Enduido interior Roma | Pinturerias V y A","robots":{"index":"index","follow":"follow","max-snippet":"max-snippet:-1","max-image-preview":"max-image-preview:large","max-video-preview":"max-video-preview:-1"},"canonical":"https:\/\/pintureriasvya.com.ar\/index.php\/producto\/enduido-interior-roma\/","og_locale":"es_ES","og_type":"article","og_title":"Enduido interior Roma | Pinturerias V y A","og_description":"Descripci\u00f3n  Caracter\u00edsticas generales Enduido pl\u00e1stico formulado para eliminar imperfecciones, nivelar texturas, fisuras de peque\u00f1o tama\u00f1o, de modo de obtener una terminaci\u00f3n homog\u00e9nea, alisado total o parcialmente de las superficies de yeso, revoque etc. No es indicado para rellenar pozos o grietas ni para desniveles mayores a 1mm. SIEMPRE REQUIERE PINTURA DE TERMINACI\u00d3N. MODO DE USO: TRATAMIENTO PREVIO: Limpiar la superficie de modo de eliminar suciedad, grasitud , restos de adhesivo, hongos (Con soluci\u00f3n de lavandina al 10%), polvillo y partes flojas o descascaradas de materiales preexistentes. No deber\u00e1n quedar sobre la superficie restos de productos, utilizados para la limpieza. En repintados eliminar con esp\u00e1tula todo resto de pintar anterior que no este firme, ampollas o bien desprendimientos parciales. PAREDES NUEVAS O PARCHES: Deben tener un tiempo m\u00ednimo de curado de 1 a 3 meses en exterior u de 3 a 6 meses en interior hasta quedar libres de alcalinidad. Si debe pintar inmediatamente, efectuar un lavado previo con soluci\u00f3n de \u00e1cido muri\u00e1tico al 10% de agua, enjuagar abundantemente y dejar secar por lo menos 48 hs. PAREDES CON PRESENCIA. DE HUMEDAD NO PINTAR HASTA TENER SOLUCIONADO EL PROBLEMA 1- Sobre paredes nuevas o de absorci\u00f3n despareja, dar una mano previa de Sellador Fijador Roma diluido seg\u00fan sus instrucciones (No debe quedar brillo, caso contrario lijar). 2- Aplicar enduido Roma con esp\u00e1tula o llana esparciendo y quitando lo excesos de la esp\u00e1tula, tratando de obtener una superficie lisa. Emparejar mediante lijado en seco y eliminar cuidadosamente el polvillo resultante. 3- Repita este proceso hasta obtener la uniformidad deseada. Volver a aplicar Sellador Fijador Roma adecuadamente diluido sobre las zonas enduidas. 4- Para exteriores utilizar Sellador Fijador Roma previo a la aplicaci\u00f3n de Enduido Roma.  Presentaciones 1 \u2013 4 -10- 20","og_url":"https:\/\/pintureriasvya.com.ar\/index.php\/producto\/enduido-interior-roma\/","og_site_name":"Pinturerias V y A","article_publisher":"https:\/\/www.facebook.com\/Pinturerias-VyA-119815563196954","article_modified_time":"2024-05-06T03:57:50+00:00","og_image":[{"width":313,"height":431,"url":"http:\/\/pintureriasvya.com.ar\/wp-content\/uploads\/2021\/06\/ENDUIDO-INTERIOR.jpg","type":"image\/jpeg"}],"twitter_card":"summary_large_image","twitter_misc":{"Tiempo de lectura":"2 minutos"},"schema":{"@context":"https:\/\/schema.org","@graph":[{"@type":"WebPage","@id":"https:\/\/pintureriasvya.com.ar\/index.php\/producto\/enduido-interior-roma\/","url":"https:\/\/pintureriasvya.com.ar\/index.php\/producto\/enduido-interior-roma\/","name":"Enduido interior Roma | Pinturerias V y A","isPartOf":{"@id":"https:\/\/pintureriasvya.com.ar\/#website"},"primaryImageOfPage":{"@id":"https:\/\/pintureriasvya.com.ar\/index.php\/producto\/enduido-interior-roma\/#primaryimage"},"image":{"@id":"https:\/\/pintureriasvya.com.ar\/index.php\/producto\/enduido-interior-roma\/#primaryimage"},"thumbnailUrl":"https:\/\/pintureriasvya.com.ar\/wp-content\/uploads\/2021\/06\/ENDUIDO-INTERIOR.jpg","datePublished":"2021-06-08T16:57:01+00:00","dateModified":"2024-05-06T03:57:50+00:00","breadcrumb":{"@id":"https:\/\/pintureriasvya.com.ar\/index.php\/producto\/enduido-interior-roma\/#breadcrumb"},"inLanguage":"es","potentialAction":[{"@type":"ReadAction","target":["https:\/\/pintureriasvya.com.ar\/index.php\/producto\/enduido-interior-roma\/"]}]},{"@type":"ImageObject","inLanguage":"es","@id":"https:\/\/pintureriasvya.com.ar\/index.php\/producto\/enduido-interior-roma\/#primaryimage","url":"https:\/\/pintureriasvya.com.ar\/wp-content\/uploads\/2021\/06\/ENDUIDO-INTERIOR.jpg","contentUrl":"https:\/\/pintureriasvya.com.ar\/wp-content\/uploads\/2021\/06\/ENDUIDO-INTERIOR.jpg","width":313,"height":431,"caption":"ENDUIDO INTERIOR"},{"@type":"BreadcrumbList","@id":"https:\/\/pintureriasvya.com.ar\/index.php\/producto\/enduido-interior-roma\/#breadcrumb","itemListElement":[{"@type":"ListItem","position":1,"name":"Portada","item":"https:\/\/pintureriasvya.com.ar\/"},{"@type":"ListItem","position":2,"name":"Tienda","item":"https:\/\/pintureriasvya.com.ar\/index.php\/tienda\/"},{"@type":"ListItem","position":3,"name":"Enduido interior Roma"}]},{"@type":"WebSite","@id":"https:\/\/pintureriasvya.com.ar\/#website","url":"https:\/\/pintureriasvya.com.ar\/","name":"Pinturerias V y A","description":"Pinturerias VyA, Trabajamos directo de f\u00e1brica","publisher":{"@id":"https:\/\/pintureriasvya.com.ar\/#organization"},"potentialAction":[{"@type":"SearchAction","target":{"@type":"EntryPoint","urlTemplate":"https:\/\/pintureriasvya.com.ar\/?s={search_term_string}"},"query-input":{"@type":"PropertyValueSpecification","valueRequired":true,"valueName":"search_term_string"}}],"inLanguage":"es"},{"@type":"Organization","@id":"https:\/\/pintureriasvya.com.ar\/#organization","name":"Pinturerias VyA","url":"https:\/\/pintureriasvya.com.ar\/","logo":{"@type":"ImageObject","inLanguage":"es","@id":"https:\/\/pintureriasvya.com.ar\/#\/schema\/logo\/image\/","url":"https:\/\/pintureriasvya.com.ar\/wp-content\/uploads\/2021\/06\/LOGO.png","contentUrl":"https:\/\/pintureriasvya.com.ar\/wp-content\/uploads\/2021\/06\/LOGO.png","width":474,"height":474,"caption":"Pinturerias VyA"},"image":{"@id":"https:\/\/pintureriasvya.com.ar\/#\/schema\/logo\/image\/"},"sameAs":["https:\/\/www.facebook.com\/Pinturerias-VyA-119815563196954","https:\/\/www.instagram.com\/pintureriasvya\/?hl=es-la"]}]}},"_links":{"self":[{"href":"https:\/\/pintureriasvya.com.ar\/index.php\/wp-json\/wp\/v2\/product\/226","targetHints":{"allow":["GET"]}}],"collection":[{"href":"https:\/\/pintureriasvya.com.ar\/index.php\/wp-json\/wp\/v2\/product"}],"about":[{"href":"https:\/\/pintureriasvya.com.ar\/index.php\/wp-json\/wp\/v2\/types\/product"}],"replies":[{"embeddable":true,"href":"https:\/\/pintureriasvya.com.ar\/index.php\/wp-json\/wp\/v2\/comments?post=226"}],"wp:featuredmedia":[{"embeddable":true,"href":"https:\/\/pintureriasvya.com.ar\/index.php\/wp-json\/wp\/v2\/media\/284"}],"wp:attachment":[{"href":"https:\/\/pintureriasvya.com.ar\/index.php\/wp-json\/wp\/v2\/media?parent=226"}],"wp:term":[{"taxonomy":"product_brand","embeddable":true,"href":"https:\/\/pintureriasvya.com.ar\/index.php\/wp-json\/wp\/v2\/product_brand?post=226"},{"taxonomy":"product_cat","embeddable":true,"href":"https:\/\/pintureriasvya.com.ar\/index.php\/wp-json\/wp\/v2\/product_cat?post=226"},{"taxonomy":"product_tag","embeddable":true,"href":"https:\/\/pintureriasvya.com.ar\/index.php\/wp-json\/wp\/v2\/product_tag?post=226"}],"curies":[{"name":"wp","href":"https:\/\/api.w.org\/{rel}","templated":true}]}}