{"id":221,"date":"2021-06-08T16:52:39","date_gmt":"2021-06-08T16:52:39","guid":{"rendered":"https:\/\/pintureriasvya.com.ar\/?post_type=product&#038;p=221"},"modified":"2024-05-06T04:02:46","modified_gmt":"2024-05-06T04:02:46","slug":"latex-dolce-interior-exterior-colores","status":"publish","type":"product","link":"https:\/\/pintureriasvya.com.ar\/index.php\/producto\/latex-dolce-interior-exterior-colores\/","title":{"rendered":"L\u00e1tex Dolce interior exterior Colores"},"content":{"rendered":"<p>L\u00e1tex Dolce interior exterior Colores<br \/>\nDescripci\u00f3n<br \/>\nL\u00e1tex interior exterior Lavable DOLCE es una pintura l\u00e1tex para interiores formulada con materias primas de excelente calidad, logrando un acabado de extraordinario poder cubritivo, lavable, sin olor a amoniaco y resistente a la formaci\u00f3n de hongos, de muy buena aplicabilidad, terminaci\u00f3n y nivelaci\u00f3n. No salpica. En interiores, para pintar superficies de mamposter\u00eda, hormig\u00f3n, revoque, cemento, ladrillo, fibrocemento, yeso, etc. Utilizando el fondo correspondiente.<\/p>\n<p>-Colores: AMARILLO,NARANJA,ROJO CASTELL,MAGENTA,GRIS INVIERNO,GRIS OSCURO,TABACO,AVELLANA,TURQUESA,AZUL FRANCIA,AZUL CASTELL,VERDE MANZANA,GRIS AZULADO,NEGRO.<br \/>\n-Aplicaci\u00f3n: Producto listo para usar. A pincel o rodillo, diluyendo con un m\u00e1ximo de 10% de agua si fuera necesario. los elementos de trabajo deben limpiarse con agua y detergente.<br \/>\n-Poder cubritivo: Muy bueno<br \/>\n-Rendimiento: de 12 a 14 m2 por litro y por mano, seg\u00fan la absorci\u00f3n de la superficie y el color.<br \/>\n-Secado: 1 hora al tacto. No repintar antes de transcurridas las 4 horas.<br \/>\n-Acabado: Mate<br \/>\n-Presentaci\u00f3n: 1, 4, 10 y 20 litros.<\/p>\n","protected":false},"excerpt":{"rendered":"<p>L\u00e1tex Dolce interior exterior Colores<br \/>\nDescripci\u00f3n<br \/>\nL\u00e1tex interior exterior Lavable DOLCE es una pintura l\u00e1tex para interiores formulada con materias primas de excelente calidad, logrando un acabado de extraordinario poder cubritivo, lavable, sin olor a amoniaco y resistente a la formaci\u00f3n de hongos, de muy buena aplicabilidad, terminaci\u00f3n y nivelaci\u00f3n. No salpica. En interiores, para pintar superficies de mamposter\u00eda, hormig\u00f3n, revoque, cemento, ladrillo, fibrocemento, yeso, etc. Utilizando el fondo correspondiente.<\/p>\n<p>-Colores: AMARILLO,NARANJA,ROJO CASTELL,MAGENTA,GRIS INVIERNO,GRIS OSCURO,TABACO,AVELLANA,TURQUESA,AZUL FRANCIA,AZUL CASTELL,VERDE MANZANA,GRIS AZULADO,NEGRO.<br \/>\n-Aplicaci\u00f3n: Producto listo para usar. A pincel o rodillo, diluyendo con un m\u00e1ximo de 10% de agua si fuera necesario. los elementos de trabajo deben limpiarse con agua y detergente.<br \/>\n-Poder cubritivo: Muy bueno<br \/>\n-Rendimiento: de 12 a 14 m2 por litro y por mano, seg\u00fan la absorci\u00f3n de la superficie y el color.<br \/>\n-Secado: 1 hora al tacto. No repintar antes de transcurridas las 4 horas.<br \/>\n-Acabado: Mate<br \/>\n-Presentaci\u00f3n: 1, 4, 10 y 20 litros.<\/p>\n","protected":false},"featured_media":292,"comment_status":"open","ping_status":"closed","template":"","meta":{"site-sidebar-layout":"default","site-content-layout":"default","ast-site-content-layout":"default","site-content-style":"default","site-sidebar-style":"default","ast-global-header-display":"","ast-banner-title-visibility":"","ast-main-header-display":"","ast-hfb-above-header-display":"","ast-hfb-below-header-display":"","ast-hfb-mobile-header-display":"","site-post-title":"","ast-breadcrumbs-content":"","ast-featured-img":"","footer-sml-layout":"","ast-disable-related-posts":"","theme-transparent-header-meta":"default","adv-header-id-meta":"","stick-header-meta":"","header-above-stick-meta":"","header-main-stick-meta":"","header-below-stick-meta":"","astra-migrate-meta-layouts":"default","ast-page-background-enabled":"default","ast-page-background-meta":{"desktop":{"background-color":"var(--ast-global-color-4)","background-image":"","background-repeat":"repeat","background-position":"center center","background-size":"auto","background-attachment":"scroll","background-type":"","background-media":"","overlay-type":"","overlay-color":"","overlay-opacity":"","overlay-gradient":""},"tablet":{"background-color":"","background-image":"","background-repeat":"repeat","background-position":"center center","background-size":"auto","background-attachment":"scroll","background-type":"","background-media":"","overlay-type":"","overlay-color":"","overlay-opacity":"","overlay-gradient":""},"mobile":{"background-color":"","background-image":"","background-repeat":"repeat","background-position":"center center","background-size":"auto","background-attachment":"scroll","background-type":"","background-media":"","overlay-type":"","overlay-color":"","overlay-opacity":"","overlay-gradient":""}},"ast-content-background-meta":{"desktop":{"background-color":"var(--ast-global-color-5)","background-image":"","background-repeat":"repeat","background-position":"center center","background-size":"auto","background-attachment":"scroll","background-type":"","background-media":"","overlay-type":"","overlay-color":"","overlay-opacity":"","overlay-gradient":""},"tablet":{"background-color":"var(--ast-global-color-5)","background-image":"","background-repeat":"repeat","background-position":"center center","background-size":"auto","background-attachment":"scroll","background-type":"","background-media":"","overlay-type":"","overlay-color":"","overlay-opacity":"","overlay-gradient":""},"mobile":{"background-color":"var(--ast-global-color-5)","background-image":"","background-repeat":"repeat","background-position":"center center","background-size":"auto","background-attachment":"scroll","background-type":"","background-media":"","overlay-type":"","overlay-color":"","overlay-opacity":"","overlay-gradient":""}},"_joinchat":[]},"product_brand":[],"product_cat":[22,21,29,17],"product_tag":[66,62,36,70,63,67,61,42,60,68,64,65,69],"class_list":{"0":"post-221","1":"product","2":"type-product","3":"status-publish","4":"has-post-thumbnail","6":"product_cat-latex-colores-exterior","7":"product_cat-latex-colores-interior","8":"product_cat-ofertas-de-pinturas","9":"product_cat-pinturas","10":"product_tag-almendra","11":"product_tag-azul-castel","12":"product_tag-latex-colores-exterior-interior","13":"product_tag-lima","14":"product_tag-magenta","15":"product_tag-maracuya","16":"product_tag-naranja","17":"product_tag-ofertas-de-pinturas","18":"product_tag-pinturas-valor-por-4-litros-grupo1-colores-amarillo","19":"product_tag-rosso","20":"product_tag-turquesa","21":"product_tag-verde-manzana","22":"product_tag-violeta","23":"desktop-align-left","24":"tablet-align-left","25":"mobile-align-left","27":"first","28":"instock","29":"taxable","30":"shipping-taxable","31":"purchasable","32":"product-type-simple"},"yoast_head":"<!-- This site is optimized with the Yoast SEO plugin v27.4 - https:\/\/yoast.com\/product\/yoast-seo-wordpress\/ -->\n<title>L\u00e1tex Dolce interior exterior Colores | Pinturerias V y A<\/title>\n<meta name=\"robots\" content=\"index, follow, max-snippet:-1, max-image-preview:large, max-video-preview:-1\" \/>\n<link rel=\"canonical\" href=\"https:\/\/pintureriasvya.com.ar\/index.php\/producto\/latex-dolce-interior-exterior-colores\/\" \/>\n<meta property=\"og:locale\" content=\"es_ES\" \/>\n<meta property=\"og:type\" content=\"article\" \/>\n<meta property=\"og:title\" content=\"L\u00e1tex Dolce interior exterior Colores | Pinturerias V y A\" \/>\n<meta property=\"og:description\" content=\"L\u00e1tex Dolce interior exterior Colores Descripci\u00f3n L\u00e1tex interior exterior Lavable DOLCE es una pintura l\u00e1tex para interiores formulada con materias primas de excelente calidad, logrando un acabado de extraordinario poder cubritivo, lavable, sin olor a amoniaco y resistente a la formaci\u00f3n de hongos, de muy buena aplicabilidad, terminaci\u00f3n y nivelaci\u00f3n. No salpica. En interiores, para pintar superficies de mamposter\u00eda, hormig\u00f3n, revoque, cemento, ladrillo, fibrocemento, yeso, etc. Utilizando el fondo correspondiente.  -Colores: AMARILLO,NARANJA,ROJO CASTELL,MAGENTA,GRIS INVIERNO,GRIS OSCURO,TABACO,AVELLANA,TURQUESA,AZUL FRANCIA,AZUL CASTELL,VERDE MANZANA,GRIS AZULADO,NEGRO. -Aplicaci\u00f3n: Producto listo para usar. A pincel o rodillo, diluyendo con un m\u00e1ximo de 10% de agua si fuera necesario. los elementos de trabajo deben limpiarse con agua y detergente. -Poder cubritivo: Muy bueno -Rendimiento: de 12 a 14 m2 por litro y por mano, seg\u00fan la absorci\u00f3n de la superficie y el color. -Secado: 1 hora al tacto. No repintar antes de transcurridas las 4 horas. -Acabado: Mate -Presentaci\u00f3n: 1, 4, 10 y 20 litros.\" \/>\n<meta property=\"og:url\" content=\"https:\/\/pintureriasvya.com.ar\/index.php\/producto\/latex-dolce-interior-exterior-colores\/\" \/>\n<meta property=\"og:site_name\" content=\"Pinturerias V y A\" \/>\n<meta property=\"article:publisher\" content=\"https:\/\/www.facebook.com\/Pinturerias-VyA-119815563196954\" \/>\n<meta property=\"article:modified_time\" content=\"2024-05-06T04:02:46+00:00\" \/>\n<meta property=\"og:image\" content=\"http:\/\/pintureriasvya.com.ar\/wp-content\/uploads\/2021\/06\/PHOTO-2021-06-07-22-50-32-removebg-preview.png\" \/>\n\t<meta property=\"og:image:width\" content=\"447\" \/>\n\t<meta property=\"og:image:height\" content=\"559\" \/>\n\t<meta property=\"og:image:type\" content=\"image\/png\" \/>\n<meta name=\"twitter:card\" content=\"summary_large_image\" \/>\n<meta name=\"twitter:label1\" content=\"Tiempo de lectura\" \/>\n\t<meta name=\"twitter:data1\" content=\"1 minuto\" \/>\n<script type=\"application\/ld+json\" class=\"yoast-schema-graph\">{\"@context\":\"https:\\\/\\\/schema.org\",\"@graph\":[{\"@type\":\"WebPage\",\"@id\":\"https:\\\/\\\/pintureriasvya.com.ar\\\/index.php\\\/producto\\\/latex-dolce-interior-exterior-colores\\\/\",\"url\":\"https:\\\/\\\/pintureriasvya.com.ar\\\/index.php\\\/producto\\\/latex-dolce-interior-exterior-colores\\\/\",\"name\":\"L\u00e1tex Dolce interior exterior Colores | Pinturerias V y A\",\"isPartOf\":{\"@id\":\"https:\\\/\\\/pintureriasvya.com.ar\\\/#website\"},\"primaryImageOfPage\":{\"@id\":\"https:\\\/\\\/pintureriasvya.com.ar\\\/index.php\\\/producto\\\/latex-dolce-interior-exterior-colores\\\/#primaryimage\"},\"image\":{\"@id\":\"https:\\\/\\\/pintureriasvya.com.ar\\\/index.php\\\/producto\\\/latex-dolce-interior-exterior-colores\\\/#primaryimage\"},\"thumbnailUrl\":\"https:\\\/\\\/pintureriasvya.com.ar\\\/wp-content\\\/uploads\\\/2021\\\/06\\\/PHOTO-2021-06-07-22-50-32-removebg-preview.png\",\"datePublished\":\"2021-06-08T16:52:39+00:00\",\"dateModified\":\"2024-05-06T04:02:46+00:00\",\"breadcrumb\":{\"@id\":\"https:\\\/\\\/pintureriasvya.com.ar\\\/index.php\\\/producto\\\/latex-dolce-interior-exterior-colores\\\/#breadcrumb\"},\"inLanguage\":\"es\",\"potentialAction\":[{\"@type\":\"ReadAction\",\"target\":[\"https:\\\/\\\/pintureriasvya.com.ar\\\/index.php\\\/producto\\\/latex-dolce-interior-exterior-colores\\\/\"]}]},{\"@type\":\"ImageObject\",\"inLanguage\":\"es\",\"@id\":\"https:\\\/\\\/pintureriasvya.com.ar\\\/index.php\\\/producto\\\/latex-dolce-interior-exterior-colores\\\/#primaryimage\",\"url\":\"https:\\\/\\\/pintureriasvya.com.ar\\\/wp-content\\\/uploads\\\/2021\\\/06\\\/PHOTO-2021-06-07-22-50-32-removebg-preview.png\",\"contentUrl\":\"https:\\\/\\\/pintureriasvya.com.ar\\\/wp-content\\\/uploads\\\/2021\\\/06\\\/PHOTO-2021-06-07-22-50-32-removebg-preview.png\",\"width\":447,\"height\":559,\"caption\":\"LATEX DOLCE COLORES\"},{\"@type\":\"BreadcrumbList\",\"@id\":\"https:\\\/\\\/pintureriasvya.com.ar\\\/index.php\\\/producto\\\/latex-dolce-interior-exterior-colores\\\/#breadcrumb\",\"itemListElement\":[{\"@type\":\"ListItem\",\"position\":1,\"name\":\"Portada\",\"item\":\"https:\\\/\\\/pintureriasvya.com.ar\\\/\"},{\"@type\":\"ListItem\",\"position\":2,\"name\":\"Tienda\",\"item\":\"https:\\\/\\\/pintureriasvya.com.ar\\\/index.php\\\/tienda\\\/\"},{\"@type\":\"ListItem\",\"position\":3,\"name\":\"L\u00e1tex Dolce interior exterior Colores\"}]},{\"@type\":\"WebSite\",\"@id\":\"https:\\\/\\\/pintureriasvya.com.ar\\\/#website\",\"url\":\"https:\\\/\\\/pintureriasvya.com.ar\\\/\",\"name\":\"Pinturerias V y A\",\"description\":\"Pinturerias VyA, Trabajamos directo de f\u00e1brica\",\"publisher\":{\"@id\":\"https:\\\/\\\/pintureriasvya.com.ar\\\/#organization\"},\"potentialAction\":[{\"@type\":\"SearchAction\",\"target\":{\"@type\":\"EntryPoint\",\"urlTemplate\":\"https:\\\/\\\/pintureriasvya.com.ar\\\/?s={search_term_string}\"},\"query-input\":{\"@type\":\"PropertyValueSpecification\",\"valueRequired\":true,\"valueName\":\"search_term_string\"}}],\"inLanguage\":\"es\"},{\"@type\":\"Organization\",\"@id\":\"https:\\\/\\\/pintureriasvya.com.ar\\\/#organization\",\"name\":\"Pinturerias VyA\",\"url\":\"https:\\\/\\\/pintureriasvya.com.ar\\\/\",\"logo\":{\"@type\":\"ImageObject\",\"inLanguage\":\"es\",\"@id\":\"https:\\\/\\\/pintureriasvya.com.ar\\\/#\\\/schema\\\/logo\\\/image\\\/\",\"url\":\"https:\\\/\\\/pintureriasvya.com.ar\\\/wp-content\\\/uploads\\\/2021\\\/06\\\/LOGO.png\",\"contentUrl\":\"https:\\\/\\\/pintureriasvya.com.ar\\\/wp-content\\\/uploads\\\/2021\\\/06\\\/LOGO.png\",\"width\":474,\"height\":474,\"caption\":\"Pinturerias VyA\"},\"image\":{\"@id\":\"https:\\\/\\\/pintureriasvya.com.ar\\\/#\\\/schema\\\/logo\\\/image\\\/\"},\"sameAs\":[\"https:\\\/\\\/www.facebook.com\\\/Pinturerias-VyA-119815563196954\",\"https:\\\/\\\/www.instagram.com\\\/pintureriasvya\\\/?hl=es-la\"]}]}<\/script>\n<!-- \/ Yoast SEO plugin. -->","yoast_head_json":{"title":"L\u00e1tex Dolce interior exterior Colores | Pinturerias V y A","robots":{"index":"index","follow":"follow","max-snippet":"max-snippet:-1","max-image-preview":"max-image-preview:large","max-video-preview":"max-video-preview:-1"},"canonical":"https:\/\/pintureriasvya.com.ar\/index.php\/producto\/latex-dolce-interior-exterior-colores\/","og_locale":"es_ES","og_type":"article","og_title":"L\u00e1tex Dolce interior exterior Colores | Pinturerias V y A","og_description":"L\u00e1tex Dolce interior exterior Colores Descripci\u00f3n L\u00e1tex interior exterior Lavable DOLCE es una pintura l\u00e1tex para interiores formulada con materias primas de excelente calidad, logrando un acabado de extraordinario poder cubritivo, lavable, sin olor a amoniaco y resistente a la formaci\u00f3n de hongos, de muy buena aplicabilidad, terminaci\u00f3n y nivelaci\u00f3n. No salpica. En interiores, para pintar superficies de mamposter\u00eda, hormig\u00f3n, revoque, cemento, ladrillo, fibrocemento, yeso, etc. Utilizando el fondo correspondiente.  -Colores: AMARILLO,NARANJA,ROJO CASTELL,MAGENTA,GRIS INVIERNO,GRIS OSCURO,TABACO,AVELLANA,TURQUESA,AZUL FRANCIA,AZUL CASTELL,VERDE MANZANA,GRIS AZULADO,NEGRO. -Aplicaci\u00f3n: Producto listo para usar. A pincel o rodillo, diluyendo con un m\u00e1ximo de 10% de agua si fuera necesario. los elementos de trabajo deben limpiarse con agua y detergente. -Poder cubritivo: Muy bueno -Rendimiento: de 12 a 14 m2 por litro y por mano, seg\u00fan la absorci\u00f3n de la superficie y el color. -Secado: 1 hora al tacto. No repintar antes de transcurridas las 4 horas. -Acabado: Mate -Presentaci\u00f3n: 1, 4, 10 y 20 litros.","og_url":"https:\/\/pintureriasvya.com.ar\/index.php\/producto\/latex-dolce-interior-exterior-colores\/","og_site_name":"Pinturerias V y A","article_publisher":"https:\/\/www.facebook.com\/Pinturerias-VyA-119815563196954","article_modified_time":"2024-05-06T04:02:46+00:00","og_image":[{"width":447,"height":559,"url":"http:\/\/pintureriasvya.com.ar\/wp-content\/uploads\/2021\/06\/PHOTO-2021-06-07-22-50-32-removebg-preview.png","type":"image\/png"}],"twitter_card":"summary_large_image","twitter_misc":{"Tiempo de lectura":"1 minuto"},"schema":{"@context":"https:\/\/schema.org","@graph":[{"@type":"WebPage","@id":"https:\/\/pintureriasvya.com.ar\/index.php\/producto\/latex-dolce-interior-exterior-colores\/","url":"https:\/\/pintureriasvya.com.ar\/index.php\/producto\/latex-dolce-interior-exterior-colores\/","name":"L\u00e1tex Dolce interior exterior Colores | Pinturerias V y A","isPartOf":{"@id":"https:\/\/pintureriasvya.com.ar\/#website"},"primaryImageOfPage":{"@id":"https:\/\/pintureriasvya.com.ar\/index.php\/producto\/latex-dolce-interior-exterior-colores\/#primaryimage"},"image":{"@id":"https:\/\/pintureriasvya.com.ar\/index.php\/producto\/latex-dolce-interior-exterior-colores\/#primaryimage"},"thumbnailUrl":"https:\/\/pintureriasvya.com.ar\/wp-content\/uploads\/2021\/06\/PHOTO-2021-06-07-22-50-32-removebg-preview.png","datePublished":"2021-06-08T16:52:39+00:00","dateModified":"2024-05-06T04:02:46+00:00","breadcrumb":{"@id":"https:\/\/pintureriasvya.com.ar\/index.php\/producto\/latex-dolce-interior-exterior-colores\/#breadcrumb"},"inLanguage":"es","potentialAction":[{"@type":"ReadAction","target":["https:\/\/pintureriasvya.com.ar\/index.php\/producto\/latex-dolce-interior-exterior-colores\/"]}]},{"@type":"ImageObject","inLanguage":"es","@id":"https:\/\/pintureriasvya.com.ar\/index.php\/producto\/latex-dolce-interior-exterior-colores\/#primaryimage","url":"https:\/\/pintureriasvya.com.ar\/wp-content\/uploads\/2021\/06\/PHOTO-2021-06-07-22-50-32-removebg-preview.png","contentUrl":"https:\/\/pintureriasvya.com.ar\/wp-content\/uploads\/2021\/06\/PHOTO-2021-06-07-22-50-32-removebg-preview.png","width":447,"height":559,"caption":"LATEX DOLCE COLORES"},{"@type":"BreadcrumbList","@id":"https:\/\/pintureriasvya.com.ar\/index.php\/producto\/latex-dolce-interior-exterior-colores\/#breadcrumb","itemListElement":[{"@type":"ListItem","position":1,"name":"Portada","item":"https:\/\/pintureriasvya.com.ar\/"},{"@type":"ListItem","position":2,"name":"Tienda","item":"https:\/\/pintureriasvya.com.ar\/index.php\/tienda\/"},{"@type":"ListItem","position":3,"name":"L\u00e1tex Dolce interior exterior Colores"}]},{"@type":"WebSite","@id":"https:\/\/pintureriasvya.com.ar\/#website","url":"https:\/\/pintureriasvya.com.ar\/","name":"Pinturerias V y A","description":"Pinturerias VyA, Trabajamos directo de f\u00e1brica","publisher":{"@id":"https:\/\/pintureriasvya.com.ar\/#organization"},"potentialAction":[{"@type":"SearchAction","target":{"@type":"EntryPoint","urlTemplate":"https:\/\/pintureriasvya.com.ar\/?s={search_term_string}"},"query-input":{"@type":"PropertyValueSpecification","valueRequired":true,"valueName":"search_term_string"}}],"inLanguage":"es"},{"@type":"Organization","@id":"https:\/\/pintureriasvya.com.ar\/#organization","name":"Pinturerias VyA","url":"https:\/\/pintureriasvya.com.ar\/","logo":{"@type":"ImageObject","inLanguage":"es","@id":"https:\/\/pintureriasvya.com.ar\/#\/schema\/logo\/image\/","url":"https:\/\/pintureriasvya.com.ar\/wp-content\/uploads\/2021\/06\/LOGO.png","contentUrl":"https:\/\/pintureriasvya.com.ar\/wp-content\/uploads\/2021\/06\/LOGO.png","width":474,"height":474,"caption":"Pinturerias VyA"},"image":{"@id":"https:\/\/pintureriasvya.com.ar\/#\/schema\/logo\/image\/"},"sameAs":["https:\/\/www.facebook.com\/Pinturerias-VyA-119815563196954","https:\/\/www.instagram.com\/pintureriasvya\/?hl=es-la"]}]}},"_links":{"self":[{"href":"https:\/\/pintureriasvya.com.ar\/index.php\/wp-json\/wp\/v2\/product\/221","targetHints":{"allow":["GET"]}}],"collection":[{"href":"https:\/\/pintureriasvya.com.ar\/index.php\/wp-json\/wp\/v2\/product"}],"about":[{"href":"https:\/\/pintureriasvya.com.ar\/index.php\/wp-json\/wp\/v2\/types\/product"}],"replies":[{"embeddable":true,"href":"https:\/\/pintureriasvya.com.ar\/index.php\/wp-json\/wp\/v2\/comments?post=221"}],"wp:featuredmedia":[{"embeddable":true,"href":"https:\/\/pintureriasvya.com.ar\/index.php\/wp-json\/wp\/v2\/media\/292"}],"wp:attachment":[{"href":"https:\/\/pintureriasvya.com.ar\/index.php\/wp-json\/wp\/v2\/media?parent=221"}],"wp:term":[{"taxonomy":"product_brand","embeddable":true,"href":"https:\/\/pintureriasvya.com.ar\/index.php\/wp-json\/wp\/v2\/product_brand?post=221"},{"taxonomy":"product_cat","embeddable":true,"href":"https:\/\/pintureriasvya.com.ar\/index.php\/wp-json\/wp\/v2\/product_cat?post=221"},{"taxonomy":"product_tag","embeddable":true,"href":"https:\/\/pintureriasvya.com.ar\/index.php\/wp-json\/wp\/v2\/product_tag?post=221"}],"curies":[{"name":"wp","href":"https:\/\/api.w.org\/{rel}","templated":true}]}}