{"id":215,"date":"2021-06-08T16:47:15","date_gmt":"2021-06-08T16:47:15","guid":{"rendered":"https:\/\/pintureriasvya.com.ar\/?post_type=product&#038;p=215"},"modified":"2024-05-06T04:07:33","modified_gmt":"2024-05-06T04:07:33","slug":"revestimiento-texturado","status":"publish","type":"product","link":"https:\/\/pintureriasvya.com.ar\/index.php\/producto\/revestimiento-texturado\/","title":{"rendered":"Revestimiento Texturado"},"content":{"rendered":"<p>Revestimiento Texturado Interior\/Exterior<\/p>\n<h2 class=\"ui-pdp-description__title\">Descripci\u00f3n<\/h2>\n<p class=\"ui-pdp-description__content\">DESCRIPCI\u00d3N:<br \/>\nRevestimientos pl\u00e1sticos formulados en base a resinas acr\u00edlicas de alta elasticidad y resistencia a los factores clim\u00e1ticos.<br \/>\n\u2022 Revestimientos aptos para INTERIOR y EXTERIOR.<br \/>\n\u2022 Aplicaci\u00f3n a Rodillo o a Llana<br \/>\n\u2022 Lavable e Impermeable<br \/>\n\u2022 El\u00e1stico. Cubre micro fisuras evitando su reaparici\u00f3n<br \/>\n\u2022 Reemplaza en una sola operaci\u00f3n revoque fino, enduido, fijador y pintura, reduciendo costos de materiales y mano de obra.<br \/>\n\u2022 Para su colocaci\u00f3n, se necesita mano de obra especializada o conocer el material .<br \/>\nRENDIMIENTO :<br \/>\n\u2022 1 Kg. por 1 m2 ( Depende tambi\u00e9n donde se aplique cuanto m\u00e1s imperfecciones tenga la pared m\u00e1s material va tomar y el grano elegido el rendimiento va a ser menor.)<br \/>\n\u2022 Grano Fino, Medio o Grueso<br \/>\n\u2022 Especialmente desarrollado para disminuir los costos de obra ya que optimiza la relaci\u00f3n precio\/calidad aplicandose.<\/p>\n<p>\u2022Presentaci\u00f3n:15, 30kg<\/p>\n<p>\u2022Colores: Variedad,mirar carta de colores.<br \/>\n**********************************************************************************<\/p>\n","protected":false},"excerpt":{"rendered":"<p>Revestimiento Texturado Interior\/Exterior<\/p>\n<p>Descripci\u00f3n<\/p>\n<p>DESCRIPCI\u00d3N:<br \/>\nRevestimientos pl\u00e1sticos formulados en base a resinas acr\u00edlicas de alta elasticidad y resistencia a los factores clim\u00e1ticos.<br \/>\n\u2022 Revestimientos aptos para INTERIOR y EXTERIOR.<br \/>\n\u2022 Aplicaci\u00f3n a Rodillo o a Llana<br \/>\n\u2022 Lavable e Impermeable<br \/>\n\u2022 El\u00e1stico. Cubre micro fisuras evitando su reaparici\u00f3n<br \/>\n\u2022 Reemplaza en una sola operaci\u00f3n revoque fino, enduido, fijador y pintura, reduciendo costos de materiales y mano de obra.<br \/>\n\u2022 Para su colocaci\u00f3n, se necesita mano de obra especializada o conocer el material .<br \/>\nRENDIMIENTO :<br \/>\n\u2022 1 Kg. por 1 m2 ( Depende tambi\u00e9n donde se aplique cuanto m\u00e1s imperfecciones tenga la pared m\u00e1s material va tomar y el grano elegido el rendimiento va a ser menor.)<br \/>\n\u2022 Grano Fino, Medio o Grueso<br \/>\n\u2022 Especialmente desarrollado para disminuir los costos de obra ya que optimiza la relaci\u00f3n precio\/calidad aplicandose.<\/p>\n<p>\u2022Presentaci\u00f3n:15, 30kg<\/p>\n<p>\u2022Colores: Variedad,mirar carta de colores.<br \/>\n**********************************************************************************<\/p>\n","protected":false},"featured_media":298,"comment_status":"open","ping_status":"closed","template":"","meta":{"site-sidebar-layout":"default","site-content-layout":"default","ast-site-content-layout":"default","site-content-style":"default","site-sidebar-style":"default","ast-global-header-display":"","ast-banner-title-visibility":"","ast-main-header-display":"","ast-hfb-above-header-display":"","ast-hfb-below-header-display":"","ast-hfb-mobile-header-display":"","site-post-title":"","ast-breadcrumbs-content":"","ast-featured-img":"","footer-sml-layout":"","ast-disable-related-posts":"","theme-transparent-header-meta":"default","adv-header-id-meta":"","stick-header-meta":"","header-above-stick-meta":"","header-main-stick-meta":"","header-below-stick-meta":"","astra-migrate-meta-layouts":"default","ast-page-background-enabled":"default","ast-page-background-meta":{"desktop":{"background-color":"var(--ast-global-color-4)","background-image":"","background-repeat":"repeat","background-position":"center center","background-size":"auto","background-attachment":"scroll","background-type":"","background-media":"","overlay-type":"","overlay-color":"","overlay-opacity":"","overlay-gradient":""},"tablet":{"background-color":"","background-image":"","background-repeat":"repeat","background-position":"center center","background-size":"auto","background-attachment":"scroll","background-type":"","background-media":"","overlay-type":"","overlay-color":"","overlay-opacity":"","overlay-gradient":""},"mobile":{"background-color":"","background-image":"","background-repeat":"repeat","background-position":"center center","background-size":"auto","background-attachment":"scroll","background-type":"","background-media":"","overlay-type":"","overlay-color":"","overlay-opacity":"","overlay-gradient":""}},"ast-content-background-meta":{"desktop":{"background-color":"var(--ast-global-color-5)","background-image":"","background-repeat":"repeat","background-position":"center center","background-size":"auto","background-attachment":"scroll","background-type":"","background-media":"","overlay-type":"","overlay-color":"","overlay-opacity":"","overlay-gradient":""},"tablet":{"background-color":"var(--ast-global-color-5)","background-image":"","background-repeat":"repeat","background-position":"center center","background-size":"auto","background-attachment":"scroll","background-type":"","background-media":"","overlay-type":"","overlay-color":"","overlay-opacity":"","overlay-gradient":""},"mobile":{"background-color":"var(--ast-global-color-5)","background-image":"","background-repeat":"repeat","background-position":"center center","background-size":"auto","background-attachment":"scroll","background-type":"","background-media":"","overlay-type":"","overlay-color":"","overlay-opacity":"","overlay-gradient":""}},"_joinchat":[]},"product_brand":[],"product_cat":[29,17,20,18],"product_tag":[73,42,44,34,74,72,49,71],"class_list":{"0":"post-215","1":"product","2":"type-product","3":"status-publish","4":"has-post-thumbnail","6":"product_cat-ofertas-de-pinturas","7":"product_cat-pinturas","8":"product_cat-revestimiento-texturado-exterior","9":"product_cat-revestimiento-texturado-interior","10":"product_tag-habano","11":"product_tag-ofertas-de-pinturas","12":"product_tag-pinturas","13":"product_tag-revestimiento-texturado","14":"product_tag-rojo-intenso","15":"product_tag-salmon","16":"product_tag-texturado-exterior","17":"product_tag-texturado-interior-valor-por-30-kilogramos-colores-blanco","18":"desktop-align-left","19":"tablet-align-left","20":"mobile-align-left","22":"first","23":"instock","24":"taxable","25":"shipping-taxable","26":"purchasable","27":"product-type-simple"},"yoast_head":"<!-- This site is optimized with the Yoast SEO plugin v27.5 - https:\/\/yoast.com\/product\/yoast-seo-wordpress\/ -->\n<title>Revestimiento Texturado | Pinturerias V y A<\/title>\n<meta name=\"robots\" content=\"index, follow, max-snippet:-1, max-image-preview:large, max-video-preview:-1\" \/>\n<link rel=\"canonical\" href=\"https:\/\/pintureriasvya.com.ar\/index.php\/producto\/revestimiento-texturado\/\" \/>\n<meta property=\"og:locale\" content=\"es_ES\" \/>\n<meta property=\"og:type\" content=\"article\" \/>\n<meta property=\"og:title\" content=\"Revestimiento Texturado | Pinturerias V y A\" \/>\n<meta property=\"og:description\" content=\"Revestimiento Texturado Interior\/Exterior  Descripci\u00f3n  DESCRIPCI\u00d3N: Revestimientos pl\u00e1sticos formulados en base a resinas acr\u00edlicas de alta elasticidad y resistencia a los factores clim\u00e1ticos. \u2022 Revestimientos aptos para INTERIOR y EXTERIOR. \u2022 Aplicaci\u00f3n a Rodillo o a Llana \u2022 Lavable e Impermeable \u2022 El\u00e1stico. Cubre micro fisuras evitando su reaparici\u00f3n \u2022 Reemplaza en una sola operaci\u00f3n revoque fino, enduido, fijador y pintura, reduciendo costos de materiales y mano de obra. \u2022 Para su colocaci\u00f3n, se necesita mano de obra especializada o conocer el material . RENDIMIENTO : \u2022 1 Kg. por 1 m2 ( Depende tambi\u00e9n donde se aplique cuanto m\u00e1s imperfecciones tenga la pared m\u00e1s material va tomar y el grano elegido el rendimiento va a ser menor.) \u2022 Grano Fino, Medio o Grueso \u2022 Especialmente desarrollado para disminuir los costos de obra ya que optimiza la relaci\u00f3n precio\/calidad aplicandose.  \u2022Presentaci\u00f3n:15, 30kg  \u2022Colores: Variedad,mirar carta de colores. **********************************************************************************\" \/>\n<meta property=\"og:url\" content=\"https:\/\/pintureriasvya.com.ar\/index.php\/producto\/revestimiento-texturado\/\" \/>\n<meta property=\"og:site_name\" content=\"Pinturerias V y A\" \/>\n<meta property=\"article:publisher\" content=\"https:\/\/www.facebook.com\/Pinturerias-VyA-119815563196954\" \/>\n<meta property=\"article:modified_time\" content=\"2024-05-06T04:07:33+00:00\" \/>\n<meta property=\"og:image\" content=\"http:\/\/pintureriasvya.com.ar\/wp-content\/uploads\/2021\/06\/MIXSOL-removebg-preview.png\" \/>\n\t<meta property=\"og:image:width\" content=\"320\" \/>\n\t<meta property=\"og:image:height\" content=\"240\" \/>\n\t<meta property=\"og:image:type\" content=\"image\/png\" \/>\n<meta name=\"twitter:card\" content=\"summary_large_image\" \/>\n<meta name=\"twitter:label1\" content=\"Tiempo de lectura\" \/>\n\t<meta name=\"twitter:data1\" content=\"1 minuto\" \/>\n<script type=\"application\/ld+json\" class=\"yoast-schema-graph\">{\"@context\":\"https:\\\/\\\/schema.org\",\"@graph\":[{\"@type\":\"WebPage\",\"@id\":\"https:\\\/\\\/pintureriasvya.com.ar\\\/index.php\\\/producto\\\/revestimiento-texturado\\\/\",\"url\":\"https:\\\/\\\/pintureriasvya.com.ar\\\/index.php\\\/producto\\\/revestimiento-texturado\\\/\",\"name\":\"Revestimiento Texturado | Pinturerias V y A\",\"isPartOf\":{\"@id\":\"https:\\\/\\\/pintureriasvya.com.ar\\\/#website\"},\"primaryImageOfPage\":{\"@id\":\"https:\\\/\\\/pintureriasvya.com.ar\\\/index.php\\\/producto\\\/revestimiento-texturado\\\/#primaryimage\"},\"image\":{\"@id\":\"https:\\\/\\\/pintureriasvya.com.ar\\\/index.php\\\/producto\\\/revestimiento-texturado\\\/#primaryimage\"},\"thumbnailUrl\":\"https:\\\/\\\/pintureriasvya.com.ar\\\/wp-content\\\/uploads\\\/2021\\\/06\\\/MIXSOL-removebg-preview.png\",\"datePublished\":\"2021-06-08T16:47:15+00:00\",\"dateModified\":\"2024-05-06T04:07:33+00:00\",\"breadcrumb\":{\"@id\":\"https:\\\/\\\/pintureriasvya.com.ar\\\/index.php\\\/producto\\\/revestimiento-texturado\\\/#breadcrumb\"},\"inLanguage\":\"es\",\"potentialAction\":[{\"@type\":\"ReadAction\",\"target\":[\"https:\\\/\\\/pintureriasvya.com.ar\\\/index.php\\\/producto\\\/revestimiento-texturado\\\/\"]}]},{\"@type\":\"ImageObject\",\"inLanguage\":\"es\",\"@id\":\"https:\\\/\\\/pintureriasvya.com.ar\\\/index.php\\\/producto\\\/revestimiento-texturado\\\/#primaryimage\",\"url\":\"https:\\\/\\\/pintureriasvya.com.ar\\\/wp-content\\\/uploads\\\/2021\\\/06\\\/MIXSOL-removebg-preview.png\",\"contentUrl\":\"https:\\\/\\\/pintureriasvya.com.ar\\\/wp-content\\\/uploads\\\/2021\\\/06\\\/MIXSOL-removebg-preview.png\",\"width\":320,\"height\":240,\"caption\":\"REVESTIMIENTO TEXTURADO\"},{\"@type\":\"BreadcrumbList\",\"@id\":\"https:\\\/\\\/pintureriasvya.com.ar\\\/index.php\\\/producto\\\/revestimiento-texturado\\\/#breadcrumb\",\"itemListElement\":[{\"@type\":\"ListItem\",\"position\":1,\"name\":\"Portada\",\"item\":\"https:\\\/\\\/pintureriasvya.com.ar\\\/\"},{\"@type\":\"ListItem\",\"position\":2,\"name\":\"Tienda\",\"item\":\"https:\\\/\\\/pintureriasvya.com.ar\\\/index.php\\\/tienda\\\/\"},{\"@type\":\"ListItem\",\"position\":3,\"name\":\"Revestimiento Texturado\"}]},{\"@type\":\"WebSite\",\"@id\":\"https:\\\/\\\/pintureriasvya.com.ar\\\/#website\",\"url\":\"https:\\\/\\\/pintureriasvya.com.ar\\\/\",\"name\":\"Pinturerias V y A\",\"description\":\"Pinturerias VyA, Trabajamos directo de f\u00e1brica\",\"publisher\":{\"@id\":\"https:\\\/\\\/pintureriasvya.com.ar\\\/#organization\"},\"potentialAction\":[{\"@type\":\"SearchAction\",\"target\":{\"@type\":\"EntryPoint\",\"urlTemplate\":\"https:\\\/\\\/pintureriasvya.com.ar\\\/?s={search_term_string}\"},\"query-input\":{\"@type\":\"PropertyValueSpecification\",\"valueRequired\":true,\"valueName\":\"search_term_string\"}}],\"inLanguage\":\"es\"},{\"@type\":\"Organization\",\"@id\":\"https:\\\/\\\/pintureriasvya.com.ar\\\/#organization\",\"name\":\"Pinturerias VyA\",\"url\":\"https:\\\/\\\/pintureriasvya.com.ar\\\/\",\"logo\":{\"@type\":\"ImageObject\",\"inLanguage\":\"es\",\"@id\":\"https:\\\/\\\/pintureriasvya.com.ar\\\/#\\\/schema\\\/logo\\\/image\\\/\",\"url\":\"https:\\\/\\\/pintureriasvya.com.ar\\\/wp-content\\\/uploads\\\/2021\\\/06\\\/LOGO.png\",\"contentUrl\":\"https:\\\/\\\/pintureriasvya.com.ar\\\/wp-content\\\/uploads\\\/2021\\\/06\\\/LOGO.png\",\"width\":474,\"height\":474,\"caption\":\"Pinturerias VyA\"},\"image\":{\"@id\":\"https:\\\/\\\/pintureriasvya.com.ar\\\/#\\\/schema\\\/logo\\\/image\\\/\"},\"sameAs\":[\"https:\\\/\\\/www.facebook.com\\\/Pinturerias-VyA-119815563196954\",\"https:\\\/\\\/www.instagram.com\\\/pintureriasvya\\\/?hl=es-la\"]}]}<\/script>\n<!-- \/ Yoast SEO plugin. -->","yoast_head_json":{"title":"Revestimiento Texturado | Pinturerias V y A","robots":{"index":"index","follow":"follow","max-snippet":"max-snippet:-1","max-image-preview":"max-image-preview:large","max-video-preview":"max-video-preview:-1"},"canonical":"https:\/\/pintureriasvya.com.ar\/index.php\/producto\/revestimiento-texturado\/","og_locale":"es_ES","og_type":"article","og_title":"Revestimiento Texturado | Pinturerias V y A","og_description":"Revestimiento Texturado Interior\/Exterior  Descripci\u00f3n  DESCRIPCI\u00d3N: Revestimientos pl\u00e1sticos formulados en base a resinas acr\u00edlicas de alta elasticidad y resistencia a los factores clim\u00e1ticos. \u2022 Revestimientos aptos para INTERIOR y EXTERIOR. \u2022 Aplicaci\u00f3n a Rodillo o a Llana \u2022 Lavable e Impermeable \u2022 El\u00e1stico. Cubre micro fisuras evitando su reaparici\u00f3n \u2022 Reemplaza en una sola operaci\u00f3n revoque fino, enduido, fijador y pintura, reduciendo costos de materiales y mano de obra. \u2022 Para su colocaci\u00f3n, se necesita mano de obra especializada o conocer el material . RENDIMIENTO : \u2022 1 Kg. por 1 m2 ( Depende tambi\u00e9n donde se aplique cuanto m\u00e1s imperfecciones tenga la pared m\u00e1s material va tomar y el grano elegido el rendimiento va a ser menor.) \u2022 Grano Fino, Medio o Grueso \u2022 Especialmente desarrollado para disminuir los costos de obra ya que optimiza la relaci\u00f3n precio\/calidad aplicandose.  \u2022Presentaci\u00f3n:15, 30kg  \u2022Colores: Variedad,mirar carta de colores. **********************************************************************************","og_url":"https:\/\/pintureriasvya.com.ar\/index.php\/producto\/revestimiento-texturado\/","og_site_name":"Pinturerias V y A","article_publisher":"https:\/\/www.facebook.com\/Pinturerias-VyA-119815563196954","article_modified_time":"2024-05-06T04:07:33+00:00","og_image":[{"width":320,"height":240,"url":"http:\/\/pintureriasvya.com.ar\/wp-content\/uploads\/2021\/06\/MIXSOL-removebg-preview.png","type":"image\/png"}],"twitter_card":"summary_large_image","twitter_misc":{"Tiempo de lectura":"1 minuto"},"schema":{"@context":"https:\/\/schema.org","@graph":[{"@type":"WebPage","@id":"https:\/\/pintureriasvya.com.ar\/index.php\/producto\/revestimiento-texturado\/","url":"https:\/\/pintureriasvya.com.ar\/index.php\/producto\/revestimiento-texturado\/","name":"Revestimiento Texturado | Pinturerias V y A","isPartOf":{"@id":"https:\/\/pintureriasvya.com.ar\/#website"},"primaryImageOfPage":{"@id":"https:\/\/pintureriasvya.com.ar\/index.php\/producto\/revestimiento-texturado\/#primaryimage"},"image":{"@id":"https:\/\/pintureriasvya.com.ar\/index.php\/producto\/revestimiento-texturado\/#primaryimage"},"thumbnailUrl":"https:\/\/pintureriasvya.com.ar\/wp-content\/uploads\/2021\/06\/MIXSOL-removebg-preview.png","datePublished":"2021-06-08T16:47:15+00:00","dateModified":"2024-05-06T04:07:33+00:00","breadcrumb":{"@id":"https:\/\/pintureriasvya.com.ar\/index.php\/producto\/revestimiento-texturado\/#breadcrumb"},"inLanguage":"es","potentialAction":[{"@type":"ReadAction","target":["https:\/\/pintureriasvya.com.ar\/index.php\/producto\/revestimiento-texturado\/"]}]},{"@type":"ImageObject","inLanguage":"es","@id":"https:\/\/pintureriasvya.com.ar\/index.php\/producto\/revestimiento-texturado\/#primaryimage","url":"https:\/\/pintureriasvya.com.ar\/wp-content\/uploads\/2021\/06\/MIXSOL-removebg-preview.png","contentUrl":"https:\/\/pintureriasvya.com.ar\/wp-content\/uploads\/2021\/06\/MIXSOL-removebg-preview.png","width":320,"height":240,"caption":"REVESTIMIENTO TEXTURADO"},{"@type":"BreadcrumbList","@id":"https:\/\/pintureriasvya.com.ar\/index.php\/producto\/revestimiento-texturado\/#breadcrumb","itemListElement":[{"@type":"ListItem","position":1,"name":"Portada","item":"https:\/\/pintureriasvya.com.ar\/"},{"@type":"ListItem","position":2,"name":"Tienda","item":"https:\/\/pintureriasvya.com.ar\/index.php\/tienda\/"},{"@type":"ListItem","position":3,"name":"Revestimiento Texturado"}]},{"@type":"WebSite","@id":"https:\/\/pintureriasvya.com.ar\/#website","url":"https:\/\/pintureriasvya.com.ar\/","name":"Pinturerias V y A","description":"Pinturerias VyA, Trabajamos directo de f\u00e1brica","publisher":{"@id":"https:\/\/pintureriasvya.com.ar\/#organization"},"potentialAction":[{"@type":"SearchAction","target":{"@type":"EntryPoint","urlTemplate":"https:\/\/pintureriasvya.com.ar\/?s={search_term_string}"},"query-input":{"@type":"PropertyValueSpecification","valueRequired":true,"valueName":"search_term_string"}}],"inLanguage":"es"},{"@type":"Organization","@id":"https:\/\/pintureriasvya.com.ar\/#organization","name":"Pinturerias VyA","url":"https:\/\/pintureriasvya.com.ar\/","logo":{"@type":"ImageObject","inLanguage":"es","@id":"https:\/\/pintureriasvya.com.ar\/#\/schema\/logo\/image\/","url":"https:\/\/pintureriasvya.com.ar\/wp-content\/uploads\/2021\/06\/LOGO.png","contentUrl":"https:\/\/pintureriasvya.com.ar\/wp-content\/uploads\/2021\/06\/LOGO.png","width":474,"height":474,"caption":"Pinturerias VyA"},"image":{"@id":"https:\/\/pintureriasvya.com.ar\/#\/schema\/logo\/image\/"},"sameAs":["https:\/\/www.facebook.com\/Pinturerias-VyA-119815563196954","https:\/\/www.instagram.com\/pintureriasvya\/?hl=es-la"]}]}},"_links":{"self":[{"href":"https:\/\/pintureriasvya.com.ar\/index.php\/wp-json\/wp\/v2\/product\/215","targetHints":{"allow":["GET"]}}],"collection":[{"href":"https:\/\/pintureriasvya.com.ar\/index.php\/wp-json\/wp\/v2\/product"}],"about":[{"href":"https:\/\/pintureriasvya.com.ar\/index.php\/wp-json\/wp\/v2\/types\/product"}],"replies":[{"embeddable":true,"href":"https:\/\/pintureriasvya.com.ar\/index.php\/wp-json\/wp\/v2\/comments?post=215"}],"wp:featuredmedia":[{"embeddable":true,"href":"https:\/\/pintureriasvya.com.ar\/index.php\/wp-json\/wp\/v2\/media\/298"}],"wp:attachment":[{"href":"https:\/\/pintureriasvya.com.ar\/index.php\/wp-json\/wp\/v2\/media?parent=215"}],"wp:term":[{"taxonomy":"product_brand","embeddable":true,"href":"https:\/\/pintureriasvya.com.ar\/index.php\/wp-json\/wp\/v2\/product_brand?post=215"},{"taxonomy":"product_cat","embeddable":true,"href":"https:\/\/pintureriasvya.com.ar\/index.php\/wp-json\/wp\/v2\/product_cat?post=215"},{"taxonomy":"product_tag","embeddable":true,"href":"https:\/\/pintureriasvya.com.ar\/index.php\/wp-json\/wp\/v2\/product_tag?post=215"}],"curies":[{"name":"wp","href":"https:\/\/api.w.org\/{rel}","templated":true}]}}